{"id":815,"date":"2025-03-20T08:35:06","date_gmt":"2025-03-20T08:35:06","guid":{"rendered":"http:\/\/localhost:8888\/MAMP\/heka\/?page_id=815"},"modified":"2025-03-20T08:35:06","modified_gmt":"2025-03-20T08:35:06","slug":"lutte-contre-la-fraude","status":"publish","type":"page","link":"https:\/\/www.heka-assurances.com\/index.php\/offres-heka\/services\/maitrise-du-risque\/lutte-contre-la-fraude\/","title":{"rendered":"Lutte contre la fraude, abus et erreur"},"content":{"rendered":"\n<div class=\"is-layout-constrained wp-container-1 wp-block-group has-custom-services-background-color has-background\" style=\"margin-top:0;margin-bottom:0;padding-top:var(--wp--preset--spacing--40);padding-right:var(--wp--preset--spacing--50);padding-bottom:var(--wp--preset--spacing--40);padding-left:var(--wp--preset--spacing--50)\">\n<figure class=\"wp-block-image aligncenter size-full is-resized\"><img decoding=\"async\" loading=\"lazy\" width=\"631\" height=\"636\" src=\"https:\/\/www.heka-assurances.com\/wp-content\/uploads\/2025\/03\/gold.png\" alt=\"\" class=\"wp-image-2028\" style=\"width:52px\" srcset=\"https:\/\/www.heka-assurances.com\/wp-content\/uploads\/2025\/03\/gold.png 631w, https:\/\/www.heka-assurances.com\/wp-content\/uploads\/2025\/03\/gold-298x300.png 298w, https:\/\/www.heka-assurances.com\/wp-content\/uploads\/2025\/03\/gold-150x150.png 150w, https:\/\/www.heka-assurances.com\/wp-content\/uploads\/2025\/03\/gold-75x75.png 75w\" sizes=\"(max-width: 631px) 100vw, 631px\" \/><\/figure>\n\n\n\n<p class=\"wp-elements-d292bb9eeffc79b01a3689975fec5c2f has-text-align-center has-base-color has-text-color has-link-color has-medium-font-size\">Une solution de d\u00e9tection industrialis\u00e9e&nbsp;et un savoir-faire performant et \u00e9prouv\u00e9 aupr\u00e8s de nos clients <br>couvrant les aspects d\u00e9tection et investigation dans la lutte contre la fraude, abus et erreur.<\/p>\n\n\n\n<p class=\"wp-elements-78a430629990e68aed1255e40fb8605a has-text-align-center has-base-color has-text-color has-link-color has-small-font-size\">Seule solution Multi tenant du March\u00e9 Europ\u00e9en qui&nbsp;<strong>positionne le client au c\u0153ur de l\u2019\u00e9cosyst\u00e8me<\/strong>.<\/p>\n<\/div>\n\n\n\n<div class=\"is-layout-constrained wp-container-2 wp-block-group\" style=\"margin-bottom:var(--wp--preset--spacing--50);padding-top:var(--wp--preset--spacing--40);padding-right:var(--wp--preset--spacing--50);padding-bottom:var(--wp--preset--spacing--40);padding-left:var(--wp--preset--spacing--50)\">\n<h2 class=\"wp-block-heading has-text-align-center hidden-element\"><em>Notre<\/em> Offre <strong>de lutte contre la fraude, abus et erreur<\/strong><\/h2>\n<\/div>\n\n\n\n<div class=\"is-layout-constrained wp-container-12 wp-block-group\" style=\"padding-right:var(--wp--preset--spacing--50);padding-left:var(--wp--preset--spacing--50)\">\n<div class=\"is-layout-flex wp-container-11 wp-block-columns\">\n<div class=\"is-layout-flow wp-block-column\" style=\"padding-bottom:var(--wp--preset--spacing--70)\" id=\"ImgZone\">\n<figure class=\"wp-block-image size-large hidden-element\"><img decoding=\"async\" loading=\"lazy\" width=\"1024\" height=\"683\" src=\"https:\/\/www.heka-assurances.com\/wp-content\/uploads\/2025\/02\/img4-1024x683.png\" alt=\"\" class=\"wp-image-1215\" srcset=\"https:\/\/www.heka-assurances.com\/wp-content\/uploads\/2025\/02\/img4-1024x683.png 1024w, https:\/\/www.heka-assurances.com\/wp-content\/uploads\/2025\/02\/img4-300x200.png 300w, https:\/\/www.heka-assurances.com\/wp-content\/uploads\/2025\/02\/img4-768x512.png 768w, https:\/\/www.heka-assurances.com\/wp-content\/uploads\/2025\/02\/img4.png 1500w\" sizes=\"(max-width: 1024px) 100vw, 1024px\" \/><\/figure>\n\n\n\n<div id=\"Position1\" class=\"is-content-justification-left is-layout-constrained wp-container-3 wp-block-group card shape-bottom-right\" style=\"padding-top:var(--wp--preset--spacing--50);padding-right:var(--wp--preset--spacing--40);padding-bottom:var(--wp--preset--spacing--50);padding-left:var(--wp--preset--spacing--40)\">\n<h3 class=\"wp-block-heading\">Pertinente<\/h3>\n\n\n\n<ul class=\"wp-block-list\">\n<li>Une solution qui vous positionne au c\u0153ur des prestations vers\u00e9es \u00e0 vos assur\u00e9s, <strong>f\u00e9d\u00e9rant l\u2019ensemble des donn\u00e9es g\u00e9r\u00e9es par les acteurs de votre \u00e9cosyst\u00e8me<\/strong>.<\/li>\n\n\n\n<li>Une solution <strong>multi-acteurs<\/strong> permettant \u00e0 nos clients de se positionner au centre de la gestion des prestations.<\/li>\n\n\n\n<li>Des composants <strong>multi-tenants<\/strong> et <strong>multi-niveaux<\/strong>, permettant ainsi d\u2019adapter vote strat\u00e9gie et organisation en fonction de vos partenaires.<\/li>\n<\/ul>\n<\/div>\n\n\n\n<div id=\"Position3\" class=\"is-content-justification-left is-layout-constrained wp-container-4 wp-block-group card card-inverse shape-bottom-right\" style=\"padding-top:var(--wp--preset--spacing--60);padding-right:var(--wp--preset--spacing--40);padding-bottom:var(--wp--preset--spacing--60);padding-left:var(--wp--preset--spacing--40)\">\n<h3 class=\"wp-block-heading\">La d\u00e9tection des fraudes avant paiement<\/h3>\n\n\n\n<p>Notre solution agit en temps r\u00e9el et permet donc la d\u00e9tection en amont, avant d\u00e9caissement aupr\u00e8s des Professionnels de Sant\u00e9.<\/p>\n<\/div>\n\n\n\n<div class=\"is-layout-flex wp-container-9 wp-block-columns\">\n<div class=\"is-layout-flow wp-block-column\">\n<div class=\"is-content-justification-left is-layout-constrained wp-container-5 wp-block-group card shape-top-right\" style=\"padding-top:var(--wp--preset--spacing--50);padding-right:var(--wp--preset--spacing--40);padding-bottom:var(--wp--preset--spacing--50);padding-left:var(--wp--preset--spacing--40)\">\n<h3 class=\"wp-block-heading\">Efficace<\/h3>\n\n\n\n<ul class=\"wp-block-list\">\n<li>Un <strong>enrichissement<\/strong> et une <strong>optimisation des donn\u00e9es <\/strong>alimentant les modules d\u2019analyse des donn\u00e9es.<\/li>\n\n\n\n<li>Une <strong>industrialisation de la d\u00e9tection <\/strong>des fraudes, abus et erreurs, de l\u2019exploitation de la donn\u00e9e \u00e0 la qualification de la fraude.<\/li>\n\n\n\n<li>Un h\u00e9bergement dans un <strong>cloud priv\u00e9 <\/strong>et <strong>s\u00e9curis\u00e9<\/strong>, assurant une gestion anonymis\u00e9e des sources de donn\u00e9es mutualis\u00e9es.<\/li>\n<\/ul>\n<\/div>\n<\/div>\n\n\n\n<div class=\"is-layout-flow wp-block-column\">\n<div class=\"is-content-justification-left is-layout-constrained wp-container-7 wp-block-group card shape-bottom-right\" style=\"padding-top:var(--wp--preset--spacing--50);padding-right:var(--wp--preset--spacing--40);padding-bottom:var(--wp--preset--spacing--50);padding-left:var(--wp--preset--spacing--40)\">\n<h3 class=\"wp-block-heading\"><strong>Evolutive<\/strong><\/h3>\n\n\n\n<ul class=\"wp-block-list\">\n<li>Une technologie de <strong>Machine Learning <\/strong>et <strong>d\u2019Intelligence Artificielle <\/strong>moderne, un syst\u00e8me auto-apprenant et des r\u00e8gles qui s\u2019auto-adaptent \u00e0 l\u2019\u00e9volution des comportements frauduleux et abusifs.<\/li>\n\n\n\n<li>Une <strong>source de donn\u00e9es \u00e9tendue <\/strong>qui permet de construire et enrichir les r\u00e8gles de d\u00e9tection.<\/li>\n\n\n\n<li>Une <strong>solution modulaire et ouverte <\/strong>qui permet d\u2019ajouter d\u2019autres modules&nbsp; comme la fraude documentaire par exemple.<\/li>\n<\/ul>\n<\/div>\n<\/div>\n<\/div>\n<\/div>\n<\/div>\n<\/div>\n\n\n\n<div class=\"is-layout-constrained wp-container-17 wp-elements-aa2fec7e9e78f4ad46efd3295be24114 wp-block-group bg-shape-bottom-left hidden-element has-base-color has-custom-services-background-color has-text-color has-background has-link-color\" style=\"padding-right:var(--wp--preset--spacing--50);padding-left:var(--wp--preset--spacing--50)\">\n<div class=\"is-layout-flex wp-container-16 wp-block-columns\">\n<div class=\"is-layout-flow wp-block-column\">\n<p class=\"wp-elements-91df00f2581d61bc1628b55bcb5b7f74 has-text-align-center has-accent-6-color has-text-color has-link-color has-xx-large-font-size\"><strong>4 500 000<\/strong><\/p>\n\n\n\n<p class=\"wp-elements-fbaf1c50ab31201b4ce2f80b332d7808 has-text-align-center has-base-color has-text-color has-link-color\"><strong>Nombre de personnes prot\u00e9g\u00e9es<\/strong> <br>par notre solution<\/p>\n<\/div>\n\n\n\n<div class=\"is-layout-flow wp-block-column\">\n<p class=\"wp-elements-ae1b014e26320d19c92880f461f9d4fd has-text-align-center has-accent-6-color has-text-color has-link-color has-xx-large-font-size\"><strong>2\u20ac<\/strong><\/p>\n\n\n\n<p class=\"wp-elements-6cde267c6c287a19cf4b7c2b8f6e48a7 has-text-align-center has-base-color has-text-color has-link-color\"><strong>Estimation du risque d\u2019erreur <\/strong><br>par personnes prot\u00e9g\u00e9es sur le domaine Hospitalier (ALD)<\/p>\n<\/div>\n\n\n\n<div class=\"is-layout-flow wp-block-column\">\n<p class=\"wp-elements-23eca5c56db9e5c857aa868b9916b3f3 has-text-align-center has-accent-6-color has-text-color has-link-color has-xx-large-font-size\"><strong>7-20%<\/strong><\/p>\n\n\n\n<p class=\"wp-elements-29a8a998fd199b878bc06549ba544cf6 has-text-align-center has-base-color has-text-color has-link-color\">Une d\u00e9tection comprise entre 7% et 20% <br>du Montant R\u00e9gime Compl\u00e9mentaire (MRC)<\/p>\n<\/div>\n<\/div>\n<\/div>\n\n\n\n<p><\/p>\n\n\n\n<div class=\"is-layout-constrained wp-container-19 wp-block-group\" style=\"padding-right:var(--wp--preset--spacing--50);padding-left:var(--wp--preset--spacing--50)\">\n<h2 class=\"wp-block-heading has-text-align-center hidden-element\"><em>Notre<\/em> Expertise<\/h2>\n\n\n\n<div class=\"is-layout-constrained wp-elements-7706931aaf0508ea9af138701112cc40 wp-block-group shape-bottom-right hidden-element has-contrast-color has-accent-5-background-color has-text-color has-background has-link-color\" style=\"padding-top:var(--wp--preset--spacing--40);padding-right:var(--wp--preset--spacing--50);padding-bottom:var(--wp--preset--spacing--40);padding-left:var(--wp--preset--spacing--50)\">\n<p class=\"wp-elements-da7defa31481d5f134dcdb450b300119 hidden-element has-contrast-color has-text-color has-link-color\"><strong>Une implication op\u00e9rationnelle <\/strong><br>\u00e0 la gestion des risques \u00e0 la fraude \u00e0 l\u2019assurance sant\u00e9 depuis plus de 25 ans avec une cellule d\u2019expert et l\u2019int\u00e9gration d\u2019algorithme dans notre syst\u00e8me d&rsquo;information.<\/p>\n\n\n\n<p class=\"wp-elements-5f2120b794f025d9959c3dcdbc7cfc7c hidden-element has-contrast-color has-text-color has-link-color\"><strong>Un service de lutte contre la fraude d\u00e9di\u00e9 et compos\u00e9 d\u2019experts <\/strong><br>form\u00e9s \u00e0 la d\u00e9tection des cas de fraude et \u00e0 la conduite d\u2019investigation qui s\u2019appuie sur des proc\u00e9dures de traitement et d\u2019investigation pr\u00e9d\u00e9finies et encadr\u00e9es, ayant pour objectif d\u2019analyser les comportements atypiques et pouvant entrainer des sanctions allant de la mise sous surveillance du professionnel de sant\u00e9 \u00e0 la r\u00e9siliation de la convention de tiers payant almerys.<br><br><strong>Un dispositif industriel bas\u00e9 sur une intelligence artificielle <\/strong><br>et un outil de traitement des alertes permettant une analyse syst\u00e9matique sur l\u2019ensemble des flux que ce soit avant-paiement ou apr\u00e8s-paiement et qui b\u00e9n\u00e9ficie d\u2019une infrastructure hautement s\u00e9curis\u00e9e.<\/p>\n<\/div>\n<\/div>\n\n\n\n<div class=\"is-layout-constrained wp-container-20 wp-elements-55d736c44ee15761dcfac5e3566c05ef wp-block-group bg-shape-top-right hidden-element has-base-color has-custom-services-background-color has-text-color has-background has-link-color\" style=\"padding-right:var(--wp--preset--spacing--50);padding-left:var(--wp--preset--spacing--50)\">\n<h2 class=\"wp-elements-2aced157d53fb19887952dce300c90af wp-block-heading has-text-align-center has-base-color has-text-color has-link-color\"><em>Contexte<\/em> Et enjeux<\/h2>\n\n\n\n<div style=\"height:20px\" aria-hidden=\"true\" class=\"wp-block-spacer\"><\/div>\n\n\n\n<h3 class=\"wp-elements-0b18ead5a7bee3c7e87ff6cef1f0cbcd wp-block-heading has-text-align-left has-base-color has-text-color has-link-color\">La fraude \u00e0 l\u2019assurance sant\u00e9 : un risque sous-estim\u00e9<\/h3>\n\n\n\n<p class=\"wp-elements-26ca11833e723d58ebc3b6d11b4b15e5 has-text-align-left has-base-color has-text-color has-link-color\">La majorit\u00e9 des fraudes, abus et erreur, \u00e0 l\u2019assurance sant\u00e9 est \u00e0 l\u2019origine \u00e0 47,6% des Professionnels de Sant\u00e9, \u00e0 21% des Assur\u00e9s et \u00e0 31% des Etablissements (et un reliquat d\u2019acteur ind\u00e9termin\u00e9) selon une \u00e9tude men\u00e9e par l\u2019Assurance Maladie en 2019.<\/p>\n\n\n\n<p class=\"wp-elements-d40f8c2e850bcab9c1a8fc6b8adc6ae0 has-text-align-left has-base-color has-text-color has-link-color\">La majorit\u00e9 des fraudes \u00e0 l\u2019assurance sant\u00e9 \u00e9tant de petites fraudes \u00e0 l\u2019initiative ou avec la complicit\u00e9 de professionnels de sant\u00e9, la d\u00e9tection classique s\u2019av\u00e8re fastidieuse et peu efficace (moins de 1%).<\/p>\n\n\n\n<p class=\"wp-elements-ee4d330992c959efb0d4ddbaf64f0b05 has-text-align-left has-base-color has-text-color has-link-color\">Nous relevons une augmentation notable de<strong> plus de 50%<\/strong> ces derni\u00e8res ann\u00e9es.<\/p>\n<\/div>\n\n\n\n<div style=\"height:39px\" aria-hidden=\"true\" class=\"wp-block-spacer\"><\/div>\n\n\n\n<h2 class=\"wp-block-heading has-text-align-center hidden-element\"><em>Notre<\/em> Plus value<\/h2>\n\n\n\n<div style=\"height:20px\" aria-hidden=\"true\" class=\"wp-block-spacer\"><\/div>\n\n\n\n<div class=\"is-layout-constrained wp-block-group\" style=\"padding-right:var(--wp--preset--spacing--50);padding-left:var(--wp--preset--spacing--50)\">\n<div class=\"is-layout-flex wp-container-29 wp-block-columns\">\n<div class=\"is-layout-flow wp-block-column\">\n<div class=\"is-content-justification-left is-layout-constrained wp-container-21 wp-block-group card card-inverse shape-bottom-right\" style=\"padding-top:var(--wp--preset--spacing--50);padding-right:var(--wp--preset--spacing--40);padding-bottom:var(--wp--preset--spacing--50);padding-left:var(--wp--preset--spacing--40)\">\n<h3 class=\"wp-block-heading\">Performance de la d\u00e9tection<\/h3>\n\n\n\n<p>L\u2019intelligence artificielle au service des experts m\u00e9tiers qui joue un r\u00f4le croissant dans la lutte contre la fraude, les abus et erreurs. Elle permet d\u2019optimiser la d\u00e9tection, identifier rapidement les anomalies, les comportements d\u00e9viants, les incoh\u00e9rences de protocole de soins, les consommations excessives.<\/p>\n<\/div>\n\n\n\n<div class=\"is-content-justification-left is-layout-constrained wp-container-22 wp-block-group card shape-top-right\" style=\"padding-top:var(--wp--preset--spacing--50);padding-right:var(--wp--preset--spacing--40);padding-bottom:var(--wp--preset--spacing--50);padding-left:var(--wp--preset--spacing--40)\">\n<h3 class=\"wp-block-heading\">Conformit\u00e9 r\u00e9glementaire<\/h3>\n\n\n\n<p>Des processus de lutte contre la fraude, abus et erreur, int\u00e9gr\u00e9s au traitement des prestations de sant\u00e9 de heka et dans le respect des exigences r\u00e9glementaires comme les obligations ACPR, les enjeux CNIL et HDS, les enjeux de tra\u00e7abilit\u00e9, auditabilit\u00e9 et reporting et une IA en conformit\u00e9 avec la garantie humaine de l\u2019IA by design.<\/p>\n<\/div>\n<\/div>\n\n\n\n<div class=\"is-layout-flow wp-block-column\">\n<div class=\"is-content-justification-left is-layout-constrained wp-container-24 wp-block-group card shape-bottom-right\" style=\"padding-top:var(--wp--preset--spacing--50);padding-right:var(--wp--preset--spacing--40);padding-bottom:var(--wp--preset--spacing--50);padding-left:var(--wp--preset--spacing--40)\">\n<h3 class=\"wp-block-heading\">Compl\u00e9tude de l\u2019offre<\/h3>\n\n\n\n<p>Notre solution s&rsquo;inscrit dans l\u2019\u00e9cosyst\u00e8me sant\u00e9 et pr\u00e9voyance&nbsp;<strong>multi-acteurs<\/strong>,&nbsp;<strong>multi-r\u00e9seaux<\/strong>,&nbsp;<strong>multi-gestionnaires<\/strong>&nbsp;interagissant avec Les R\u00e9gimes Obligatoires (CNAM, MSA,\u2026), tous les op\u00e9rateurs de tiers payant (almerys, viamedis,\u2026), tous les r\u00e9seaux de soins (Sant\u00e9clair, Carte Blanche, Viamedis, It\u00e9lis, S\u00e9v\u00e9ane,\u2026) pour le compte de plusieurs assureurs.<\/p>\n<\/div>\n\n\n\n<div class=\"is-content-justification-left is-layout-constrained wp-container-25 wp-block-group card card-inverse shape-bottom-right\" style=\"padding-top:var(--wp--preset--spacing--50);padding-right:var(--wp--preset--spacing--40);padding-bottom:var(--wp--preset--spacing--50);padding-left:var(--wp--preset--spacing--40)\">\n<h3 class=\"wp-block-heading\">Mise en oeuvre rapide<\/h3>\n\n\n\n<p>Une mise en production de notre offre en quelques semaines uniquement, gr\u00e2ce \u00e0 une architecture technique agile et un module de data learning performant.<\/p>\n<\/div>\n<\/div>\n\n\n\n<div class=\"is-layout-flow wp-block-column\">\n<div class=\"is-content-justification-left is-layout-constrained wp-container-27 wp-block-group card shape-top-right\" style=\"padding-top:var(--wp--preset--spacing--50);padding-right:var(--wp--preset--spacing--40);padding-bottom:var(--wp--preset--spacing--50);padding-left:var(--wp--preset--spacing--40)\">\n<h3 class=\"wp-block-heading\">Trajectoire de rentabilit\u00e9<\/h3>\n\n\n\n<p>Abonnement mensuel li\u00e9 au nombre de b\u00e9n\u00e9ficiaires prot\u00e9g\u00e9s, avec possibilit\u00e9 d\u2019int\u00e9ressement aux b\u00e9n\u00e9fices. Le d\u00e9ploiement de la solution peut \u00eatre rentabilis\u00e9e en quelques mois.<\/p>\n<\/div>\n<\/div>\n<\/div>\n<\/div>\n","protected":false},"excerpt":{"rendered":"<p>Une solution de d\u00e9tection industrialis\u00e9e&nbsp;et un savoir-faire performant et \u00e9prouv\u00e9 aupr\u00e8s de nos clients couvrant les aspects d\u00e9tection et investigation [&hellip;]<\/p>\n","protected":false},"author":1,"featured_media":0,"parent":388,"menu_order":0,"comment_status":"closed","ping_status":"closed","template":"","meta":{"site-sidebar-layout":"default","site-content-layout":"","ast-site-content-layout":"default","site-content-style":"default","site-sidebar-style":"default","ast-global-header-display":"","ast-banner-title-visibility":"","ast-main-header-display":"","ast-hfb-above-header-display":"","ast-hfb-below-header-display":"","ast-hfb-mobile-header-display":"","site-post-title":"","ast-breadcrumbs-content":"","ast-featured-img":"","footer-sml-layout":"","ast-disable-related-posts":"","theme-transparent-header-meta":"","adv-header-id-meta":"","stick-header-meta":"","header-above-stick-meta":"","header-main-stick-meta":"","header-below-stick-meta":"","astra-migrate-meta-layouts":"default","ast-page-background-enabled":"default","ast-page-background-meta":{"desktop":{"background-color":"var(--ast-global-color-5)","background-image":"","background-repeat":"repeat","background-position":"center center","background-size":"auto","background-attachment":"scroll","background-type":"","background-media":"","overlay-type":"","overlay-color":"","overlay-opacity":"","overlay-gradient":""},"tablet":{"background-color":"","background-image":"","background-repeat":"repeat","background-position":"center center","background-size":"auto","background-attachment":"scroll","background-type":"","background-media":"","overlay-type":"","overlay-color":"","overlay-opacity":"","overlay-gradient":""},"mobile":{"background-color":"","background-image":"","background-repeat":"repeat","background-position":"center center","background-size":"auto","background-attachment":"scroll","background-type":"","background-media":"","overlay-type":"","overlay-color":"","overlay-opacity":"","overlay-gradient":""}},"ast-content-background-meta":{"desktop":{"background-color":"var(--ast-global-color-4)","background-image":"","background-repeat":"repeat","background-position":"center center","background-size":"auto","background-attachment":"scroll","background-type":"","background-media":"","overlay-type":"","overlay-color":"","overlay-opacity":"","overlay-gradient":""},"tablet":{"background-color":"var(--ast-global-color-4)","background-image":"","background-repeat":"repeat","background-position":"center center","background-size":"auto","background-attachment":"scroll","background-type":"","background-media":"","overlay-type":"","overlay-color":"","overlay-opacity":"","overlay-gradient":""},"mobile":{"background-color":"var(--ast-global-color-4)","background-image":"","background-repeat":"repeat","background-position":"center center","background-size":"auto","background-attachment":"scroll","background-type":"","background-media":"","overlay-type":"","overlay-color":"","overlay-opacity":"","overlay-gradient":""}}},"_links":{"self":[{"href":"https:\/\/www.heka-assurances.com\/index.php\/wp-json\/wp\/v2\/pages\/815"}],"collection":[{"href":"https:\/\/www.heka-assurances.com\/index.php\/wp-json\/wp\/v2\/pages"}],"about":[{"href":"https:\/\/www.heka-assurances.com\/index.php\/wp-json\/wp\/v2\/types\/page"}],"author":[{"embeddable":true,"href":"https:\/\/www.heka-assurances.com\/index.php\/wp-json\/wp\/v2\/users\/1"}],"replies":[{"embeddable":true,"href":"https:\/\/www.heka-assurances.com\/index.php\/wp-json\/wp\/v2\/comments?post=815"}],"version-history":[{"count":47,"href":"https:\/\/www.heka-assurances.com\/index.php\/wp-json\/wp\/v2\/pages\/815\/revisions"}],"predecessor-version":[{"id":2121,"href":"https:\/\/www.heka-assurances.com\/index.php\/wp-json\/wp\/v2\/pages\/815\/revisions\/2121"}],"up":[{"embeddable":true,"href":"https:\/\/www.heka-assurances.com\/index.php\/wp-json\/wp\/v2\/pages\/388"}],"wp:attachment":[{"href":"https:\/\/www.heka-assurances.com\/index.php\/wp-json\/wp\/v2\/media?parent=815"}],"curies":[{"name":"wp","href":"https:\/\/api.w.org\/{rel}","templated":true}]}}