{"id":813,"date":"2025-03-20T08:35:06","date_gmt":"2025-03-20T08:35:06","guid":{"rendered":"http:\/\/localhost:8888\/MAMP\/heka\/?page_id=813"},"modified":"2025-03-20T08:35:06","modified_gmt":"2025-03-20T08:35:06","slug":"smd","status":"publish","type":"page","link":"https:\/\/www.heka-assurances.com\/index.php\/offres-heka\/services\/maitrise-du-risque\/smd\/","title":{"rendered":"Service M\u00e9dical Dentaire"},"content":{"rendered":"\n<div class=\"is-layout-constrained wp-container-1 wp-block-group has-custom-services-background-color has-background\" style=\"margin-top:0;margin-bottom:0;padding-top:var(--wp--preset--spacing--40);padding-right:var(--wp--preset--spacing--50);padding-bottom:var(--wp--preset--spacing--40);padding-left:var(--wp--preset--spacing--50)\">\n<figure class=\"wp-block-image aligncenter size-full is-resized\"><img decoding=\"async\" loading=\"lazy\" width=\"631\" height=\"636\" src=\"https:\/\/www.heka-assurances.com\/wp-content\/uploads\/2025\/03\/gold.png\" alt=\"\" class=\"wp-image-2028\" style=\"width:52px\" srcset=\"https:\/\/www.heka-assurances.com\/wp-content\/uploads\/2025\/03\/gold.png 631w, https:\/\/www.heka-assurances.com\/wp-content\/uploads\/2025\/03\/gold-298x300.png 298w, https:\/\/www.heka-assurances.com\/wp-content\/uploads\/2025\/03\/gold-150x150.png 150w, https:\/\/www.heka-assurances.com\/wp-content\/uploads\/2025\/03\/gold-75x75.png 75w\" sizes=\"(max-width: 631px) 100vw, 631px\" \/><\/figure>\n\n\n\n<p class=\"wp-elements-4f78d0173022dba5b7db67b1cdc15767 has-text-align-center has-base-color has-text-color has-link-color has-medium-font-size\"><strong>Service M\u00e9dical Dentaire (SMD) <\/strong><br>est un dispositif d\u2019accompagnement des patients <br>pour un juste honoraire avec les meilleurs soins.<\/p>\n<\/div>\n\n\n\n<div class=\"is-layout-constrained wp-container-2 wp-block-group\" style=\"padding-top:var(--wp--preset--spacing--40);padding-right:var(--wp--preset--spacing--50);padding-bottom:var(--wp--preset--spacing--40);padding-left:var(--wp--preset--spacing--50)\">\n<h2 class=\"wp-block-heading has-text-align-center hidden-element\"><em>Notre<\/em> Offre<strong> SMD<\/strong><\/h2>\n<\/div>\n\n\n\n<div class=\"is-layout-constrained wp-container-7 wp-block-group\" style=\"padding-right:var(--wp--preset--spacing--50);padding-left:var(--wp--preset--spacing--50)\">\n<div class=\"is-layout-flex wp-container-6 wp-block-columns\">\n<div class=\"is-layout-flow wp-block-column\" style=\"padding-bottom:var(--wp--preset--spacing--70)\" id=\"ImgZone\">\n<figure class=\"wp-block-image size-large hidden-element\"><img decoding=\"async\" loading=\"lazy\" width=\"1024\" height=\"683\" src=\"https:\/\/www.heka-assurances.com\/wp-content\/uploads\/2025\/02\/img4-1024x683.png\" alt=\"\" class=\"wp-image-1215\" srcset=\"https:\/\/www.heka-assurances.com\/wp-content\/uploads\/2025\/02\/img4-1024x683.png 1024w, https:\/\/www.heka-assurances.com\/wp-content\/uploads\/2025\/02\/img4-300x200.png 300w, https:\/\/www.heka-assurances.com\/wp-content\/uploads\/2025\/02\/img4-768x512.png 768w, https:\/\/www.heka-assurances.com\/wp-content\/uploads\/2025\/02\/img4.png 1500w\" sizes=\"(max-width: 1024px) 100vw, 1024px\" \/><\/figure>\n\n\n\n<div id=\"Position3\" class=\"is-content-justification-left is-layout-constrained wp-container-3 wp-block-group card card-inverse shape-top-right\" style=\"padding-top:var(--wp--preset--spacing--60);padding-right:var(--wp--preset--spacing--40);padding-bottom:var(--wp--preset--spacing--60);padding-left:var(--wp--preset--spacing--40)\">\n<h3 class=\"wp-block-heading\">Analyse qualitative et de mod\u00e9ration tarifaire des demandes dentaires<\/h3>\n\n\n\n<p>Une offre d\u2019analyse qualitative et de mod\u00e9ration tarifaire en Tiers Payant et en Hors Tiers Payant avec une analyse de toutes les demandes de devis et PEC dentaires,&nbsp;quel que soit le mode d\u2019exercice (cabinet lib\u00e9raux, centre de sant\u00e9 dentaire, \u00e9tablissement hospitalier)<\/p>\n<\/div>\n\n\n\n<div id=\"Position2\" class=\"is-content-justification-left is-layout-constrained wp-container-4 wp-block-group card shape-bottom-right\" style=\"padding-top:var(--wp--preset--spacing--60);padding-right:var(--wp--preset--spacing--40);padding-bottom:var(--wp--preset--spacing--60);padding-left:var(--wp--preset--spacing--40)\">\n<h3 class=\"wp-block-heading\">Avis m\u00e9dical consultatif ponctuel<\/h3>\n\n\n\n<p>Une offre d\u2019avis m\u00e9dical consultatif ponctuel par notre dentiste consultant, sur les devis avec alternatives th\u00e9rapeutiques.<\/p>\n<\/div>\n<\/div>\n<\/div>\n<\/div>\n\n\n\n<div class=\"is-layout-constrained wp-container-12 wp-elements-fa13cfa74276d77ca6c9cb4b79fc3f85 wp-block-group bg-shape-bottom-left hidden-element has-base-color has-custom-services-background-color has-text-color has-background has-link-color\" style=\"padding-right:var(--wp--preset--spacing--50);padding-left:var(--wp--preset--spacing--50)\">\n<div class=\"is-layout-flex wp-container-11 wp-block-columns\">\n<div class=\"is-layout-flow wp-block-column\">\n<p class=\"wp-elements-ff249093777904a69069f970eb6de0a3 has-text-align-center has-accent-6-color has-text-color has-link-color has-xx-large-font-size\"><strong>10 250<\/strong><\/p>\n\n\n\n<p class=\"wp-elements-f4e193a92f7b9e78c83f1466c8b176f9 has-text-align-center has-base-color has-text-color has-link-color\">Professionnels de sant\u00e9 <br>conventionn\u00e9s en Tiers Payant<\/p>\n<\/div>\n\n\n\n<div class=\"is-layout-flow wp-block-column\">\n<p class=\"wp-elements-118b7fdd18072c8ebda48b99105846c5 has-text-align-center has-accent-6-color has-text-color has-link-color has-xx-large-font-size\"><strong>TOUS<\/strong><\/p>\n\n\n\n<p class=\"wp-elements-1baea5a267a3d3a88aa4328f80d8b099 has-text-align-center has-base-color has-text-color has-link-color\">\u00a0Les professionnels de sant\u00e9 sp\u00e9cialis\u00e9s en dentaire adress\u00e9s en hors Tiers Payant<\/p>\n<\/div>\n\n\n\n<div class=\"is-layout-flow wp-block-column\">\n<p class=\"wp-elements-f26365eb6f442504048f79b01037a87d has-text-align-center has-accent-6-color has-text-color has-link-color has-xx-large-font-size\"><strong>-3%<\/strong><\/p>\n\n\n\n<p class=\"wp-elements-6327f7579f50c26466208b5ab7521e9e has-text-align-center has-base-color has-text-color has-link-color\">De gain tarifaire en moyenne <br>sur les transactions<\/p>\n<\/div>\n<\/div>\n<\/div>\n\n\n\n<p><\/p>\n\n\n\n<div class=\"is-layout-constrained wp-container-14 wp-block-group\" style=\"padding-right:var(--wp--preset--spacing--50);padding-left:var(--wp--preset--spacing--50)\">\n<h2 class=\"wp-block-heading has-text-align-center\"><em>Nos<\/em> Avantages<\/h2>\n\n\n\n<div class=\"is-layout-constrained wp-elements-35934a8144f854b227bcc582b5972b0a wp-block-group has-contrast-color has-accent-5-background-color has-text-color has-background has-link-color\" style=\"border-radius:12px;padding-top:var(--wp--preset--spacing--40);padding-right:var(--wp--preset--spacing--50);padding-bottom:var(--wp--preset--spacing--40);padding-left:var(--wp--preset--spacing--50)\">\n<p class=\"wp-elements-1617bfb056224cf3714b5a6e86035600 has-contrast-color has-text-color has-link-color\"><strong>Connaissance d\u00e9taill\u00e9e <\/strong><br>des honoraires du march\u00e9 (860 000 actes\/an).<\/p>\n\n\n\n<p class=\"wp-elements-435a7da4f375c532f7b6cca331d8ed68 has-contrast-color has-text-color has-link-color\"><strong>Mod\u00e9lisation de la pratique des soins <\/strong><br>par les dentistes (bas\u00e9e sur des r\u00e9f\u00e9rentiels qualitatifs).<\/p>\n\n\n\n<p class=\"wp-elements-e7f008392b8cfc4747bdb7379ac006b1 has-contrast-color has-text-color has-link-color\"><strong>Pr\u00e9sence d\u2019un Dentiste Consultant <\/strong><br>inscrit \u00e0 l\u2019Ordre, respectant la Charte de D\u00e9ontologie.<\/p>\n\n\n\n<p class=\"wp-elements-051ad4c7ed289fa218b4ee756a001f4e has-contrast-color has-text-color has-link-color\"><strong>Approche sans incidence <\/strong><br>sur les plans de traitement des dentistes.<\/p>\n\n\n\n<p class=\"wp-elements-bad17e88fc68ba23bb4796af80ffa35e has-contrast-color has-text-color has-link-color\"><strong>Analyse proactive <\/strong><br>des actes \u00e0 risque (implantologie, parodontologie, ATM).<\/p>\n\n\n\n<p class=\"wp-elements-e236c88823b5007b79fff1e2cb56be48 has-contrast-color has-text-color has-link-color\"><strong>Encadrement juridique s\u00e9curis\u00e9 <\/strong><br>face aux syndicats dentaires.<\/p>\n\n\n\n<p class=\"wp-elements-04383d4006c9ef68c8e5c8d40a77aa74 has-contrast-color has-text-color has-link-color\"><strong>Protection des donn\u00e9es de sant\u00e9 <\/strong><br>Certification HDS.<\/p>\n<\/div>\n<\/div>\n\n\n\n<div class=\"is-layout-constrained wp-container-15 wp-elements-89b62f7f829bdef899c9ee5bc7adfe62 wp-block-group bg-shape-top-right hidden-element has-base-color has-custom-services-background-color has-text-color has-background has-link-color\" style=\"padding-right:var(--wp--preset--spacing--50);padding-left:var(--wp--preset--spacing--50)\">\n<h2 class=\"wp-elements-6010ca5d642ed45dc5b147b7cfbba95e wp-block-heading has-text-align-center has-base-color has-text-color has-link-color\"><em>Notre<\/em> Plus value<\/h2>\n\n\n\n<div style=\"height:6px\" aria-hidden=\"true\" class=\"wp-block-spacer\"><\/div>\n\n\n\n<h3 class=\"wp-elements-dcf764be9db0b3eb4a9f8903707cfcf3 wp-block-heading has-text-align-center has-base-color has-text-color has-link-color has-large-font-size\">L\u2019appui d\u2019un chirurgien-dentiste consultant<\/h3>\n\n\n\n<p class=\"wp-elements-b7ba009d53e496cde888f67fea1347f4 has-text-align-center has-base-color has-text-color has-link-color\">Une d\u00e9marche qui tient compte de la relation privil\u00e9gi\u00e9e entre l\u2019assur\u00e9 et son chirurgien-dentiste.<\/p>\n\n\n\n<p class=\"wp-elements-eef88fa7aac4f5460e3306d6a7b0e780 has-text-align-center has-base-color has-text-color has-link-color\">L\u2019engagement d\u2019un dialogue confraternel visant \u00e0 partager la connaissance approfondie d\u2019une convention dentaire complexe, remettant en cause des pratiques ancr\u00e9es.<\/p>\n\n\n\n<p class=\"wp-elements-b501dfbf2ced0403719aee847dd9a7d4 has-text-align-center has-base-color has-text-color has-link-color\"><strong>Une d\u00e9marche valid\u00e9e r\u00e8glementairement et d\u00e9ontologiquement.<\/strong><\/p>\n\n\n\n<div style=\"height:11px\" aria-hidden=\"true\" class=\"wp-block-spacer\"><\/div>\n<\/div>\n\n\n\n<div class=\"is-layout-constrained wp-container-23 wp-block-group\" style=\"padding-right:var(--wp--preset--spacing--50);padding-left:var(--wp--preset--spacing--50)\">\n<div style=\"height:40px\" aria-hidden=\"true\" class=\"wp-block-spacer\"><\/div>\n\n\n\n<h2 class=\"wp-block-heading has-text-align-center\"><em>Notre<\/em> Engagement<\/h2>\n\n\n\n<div style=\"height:20px\" aria-hidden=\"true\" class=\"wp-block-spacer\"><\/div>\n\n\n\n<div class=\"is-layout-flex wp-container-22 wp-block-columns\">\n<div class=\"is-layout-flow wp-block-column\">\n<div class=\"is-content-justification-left is-layout-constrained wp-container-16 wp-block-group card shape-bottom-right\" style=\"padding-top:var(--wp--preset--spacing--50);padding-right:var(--wp--preset--spacing--40);padding-bottom:var(--wp--preset--spacing--50);padding-left:var(--wp--preset--spacing--40)\">\n<h3 class=\"wp-block-heading\">Performance tarifaire<\/h3>\n\n\n\n<p>L\u2019engagement d\u2019une analyse sur l\u2019ensemble des professionnels de sant\u00e9 conventionn\u00e9s ou non et un gain tarifaire de l\u2019ordre de -3% en moyenne sur les transactions.<\/p>\n<\/div>\n<\/div>\n\n\n\n<div class=\"is-layout-flow wp-block-column\">\n<div class=\"is-content-justification-left is-layout-constrained wp-container-18 wp-block-group card card-inverse shape-bottom-right\" style=\"padding-top:var(--wp--preset--spacing--50);padding-right:var(--wp--preset--spacing--40);padding-bottom:var(--wp--preset--spacing--50);padding-left:var(--wp--preset--spacing--40)\">\n<h3 class=\"wp-block-heading\">Performance qualitative<\/h3>\n\n\n\n<p>Des \u00e9changes confraternels pour favoriser la juste pratique.<\/p>\n<\/div>\n<\/div>\n\n\n\n<div class=\"is-layout-flow wp-block-column\">\n<div class=\"is-content-justification-left is-layout-constrained wp-container-20 wp-block-group card shape-top-right\" style=\"padding-top:var(--wp--preset--spacing--50);padding-right:var(--wp--preset--spacing--40);padding-bottom:var(--wp--preset--spacing--50);padding-left:var(--wp--preset--spacing--40)\">\n<h3 class=\"wp-block-heading\">Pr\u00e9vention<\/h3>\n\n\n\n<p>Promouvoir une pratique m\u00e9dicale qui respecte le gradient th\u00e9rapeutique.<\/p>\n<\/div>\n<\/div>\n<\/div>\n<\/div>\n","protected":false},"excerpt":{"rendered":"<p>Service M\u00e9dical Dentaire (SMD) est un dispositif d\u2019accompagnement des patients pour un juste honoraire avec les meilleurs soins. Notre Offre [&hellip;]<\/p>\n","protected":false},"author":1,"featured_media":0,"parent":388,"menu_order":0,"comment_status":"closed","ping_status":"closed","template":"","meta":{"site-sidebar-layout":"default","site-content-layout":"","ast-site-content-layout":"default","site-content-style":"default","site-sidebar-style":"default","ast-global-header-display":"","ast-banner-title-visibility":"","ast-main-header-display":"","ast-hfb-above-header-display":"","ast-hfb-below-header-display":"","ast-hfb-mobile-header-display":"","site-post-title":"","ast-breadcrumbs-content":"","ast-featured-img":"","footer-sml-layout":"","ast-disable-related-posts":"","theme-transparent-header-meta":"","adv-header-id-meta":"","stick-header-meta":"","header-above-stick-meta":"","header-main-stick-meta":"","header-below-stick-meta":"","astra-migrate-meta-layouts":"default","ast-page-background-enabled":"default","ast-page-background-meta":{"desktop":{"background-color":"var(--ast-global-color-5)","background-image":"","background-repeat":"repeat","background-position":"center center","background-size":"auto","background-attachment":"scroll","background-type":"","background-media":"","overlay-type":"","overlay-color":"","overlay-opacity":"","overlay-gradient":""},"tablet":{"background-color":"","background-image":"","background-repeat":"repeat","background-position":"center center","background-size":"auto","background-attachment":"scroll","background-type":"","background-media":"","overlay-type":"","overlay-color":"","overlay-opacity":"","overlay-gradient":""},"mobile":{"background-color":"","background-image":"","background-repeat":"repeat","background-position":"center center","background-size":"auto","background-attachment":"scroll","background-type":"","background-media":"","overlay-type":"","overlay-color":"","overlay-opacity":"","overlay-gradient":""}},"ast-content-background-meta":{"desktop":{"background-color":"var(--ast-global-color-4)","background-image":"","background-repeat":"repeat","background-position":"center center","background-size":"auto","background-attachment":"scroll","background-type":"","background-media":"","overlay-type":"","overlay-color":"","overlay-opacity":"","overlay-gradient":""},"tablet":{"background-color":"var(--ast-global-color-4)","background-image":"","background-repeat":"repeat","background-position":"center center","background-size":"auto","background-attachment":"scroll","background-type":"","background-media":"","overlay-type":"","overlay-color":"","overlay-opacity":"","overlay-gradient":""},"mobile":{"background-color":"var(--ast-global-color-4)","background-image":"","background-repeat":"repeat","background-position":"center center","background-size":"auto","background-attachment":"scroll","background-type":"","background-media":"","overlay-type":"","overlay-color":"","overlay-opacity":"","overlay-gradient":""}}},"_links":{"self":[{"href":"https:\/\/www.heka-assurances.com\/index.php\/wp-json\/wp\/v2\/pages\/813"}],"collection":[{"href":"https:\/\/www.heka-assurances.com\/index.php\/wp-json\/wp\/v2\/pages"}],"about":[{"href":"https:\/\/www.heka-assurances.com\/index.php\/wp-json\/wp\/v2\/types\/page"}],"author":[{"embeddable":true,"href":"https:\/\/www.heka-assurances.com\/index.php\/wp-json\/wp\/v2\/users\/1"}],"replies":[{"embeddable":true,"href":"https:\/\/www.heka-assurances.com\/index.php\/wp-json\/wp\/v2\/comments?post=813"}],"version-history":[{"count":31,"href":"https:\/\/www.heka-assurances.com\/index.php\/wp-json\/wp\/v2\/pages\/813\/revisions"}],"predecessor-version":[{"id":2119,"href":"https:\/\/www.heka-assurances.com\/index.php\/wp-json\/wp\/v2\/pages\/813\/revisions\/2119"}],"up":[{"embeddable":true,"href":"https:\/\/www.heka-assurances.com\/index.php\/wp-json\/wp\/v2\/pages\/388"}],"wp:attachment":[{"href":"https:\/\/www.heka-assurances.com\/index.php\/wp-json\/wp\/v2\/media?parent=813"}],"curies":[{"name":"wp","href":"https:\/\/api.w.org\/{rel}","templated":true}]}}