{"id":537,"date":"2025-03-20T08:35:06","date_gmt":"2025-03-20T08:35:06","guid":{"rendered":"http:\/\/localhost:8888\/MAMP\/heka\/?page_id=537"},"modified":"2025-03-28T10:43:50","modified_gmt":"2025-03-28T10:43:50","slug":"conformite","status":"publish","type":"page","link":"https:\/\/www.heka-assurances.com\/index.php\/conformite\/","title":{"rendered":"Conformit\u00e9"},"content":{"rendered":"\n<div class=\"is-layout-constrained wp-container-5 wp-block-group\">\n<h2 class=\"wp-block-heading has-text-align-center\"><em>Nos<\/em> Certifications<\/h2>\n\n\n\n<div class=\"is-layout-constrained wp-container-4 wp-block-group\" style=\"margin-top:var(--wp--preset--spacing--50);margin-bottom:var(--wp--preset--spacing--50)\">\n<div class=\"is-layout-flex wp-container-3 wp-block-columns\">\n<div class=\"is-layout-flow wp-block-column card shape-bottom-right\" style=\"padding-top:var(--wp--preset--spacing--50);padding-right:var(--wp--preset--spacing--40);padding-bottom:var(--wp--preset--spacing--50);padding-left:var(--wp--preset--spacing--40)\">\n<h3 class=\"wp-block-heading has-text-align-center\">Formation<\/h3>\n\n\n\n<figure class=\"wp-block-image aligncenter size-full is-resized\" style=\"margin-top:var(--wp--preset--spacing--60);margin-bottom:var(--wp--preset--spacing--60)\"><img decoding=\"async\" loading=\"lazy\" width=\"768\" height=\"215\" src=\"https:\/\/www.heka-assurances.com\/wp-content\/uploads\/2025\/03\/Logo-Qualiopi-768x215-1.webp\" alt=\"\" class=\"wp-image-1544\" style=\"width:200px\" srcset=\"https:\/\/www.heka-assurances.com\/wp-content\/uploads\/2025\/03\/Logo-Qualiopi-768x215-1.webp 768w, https:\/\/www.heka-assurances.com\/wp-content\/uploads\/2025\/03\/Logo-Qualiopi-768x215-1-300x84.webp 300w\" sizes=\"(max-width: 768px) 100vw, 768px\" \/><\/figure>\n<\/div>\n\n\n\n<div class=\"is-layout-flow wp-block-column card shape-bottom-right\" style=\"padding-top:var(--wp--preset--spacing--50);padding-right:var(--wp--preset--spacing--40);padding-bottom:var(--wp--preset--spacing--50);padding-left:var(--wp--preset--spacing--40)\">\n<h3 class=\"wp-block-heading has-text-align-center\">Flux Financier<\/h3>\n\n\n\n<figure class=\"wp-block-image aligncenter size-full is-resized\"><img decoding=\"async\" loading=\"lazy\" width=\"474\" height=\"476\" src=\"https:\/\/www.heka-assurances.com\/wp-content\/uploads\/2025\/03\/logo-acpr.png\" alt=\"\" class=\"wp-image-1717\" style=\"width:100px\" srcset=\"https:\/\/www.heka-assurances.com\/wp-content\/uploads\/2025\/03\/logo-acpr.png 474w, https:\/\/www.heka-assurances.com\/wp-content\/uploads\/2025\/03\/logo-acpr-300x300.png 300w, https:\/\/www.heka-assurances.com\/wp-content\/uploads\/2025\/03\/logo-acpr-150x150.png 150w, https:\/\/www.heka-assurances.com\/wp-content\/uploads\/2025\/03\/logo-acpr-75x75.png 75w\" sizes=\"(max-width: 474px) 100vw, 474px\" \/><\/figure>\n\n\n\n<p class=\"has-small-font-size\">D\u00e9marche en cours aupr\u00e8s de l\u2019<a href=\"https:\/\/acpr.banque-france.fr\/fr\" data-type=\"link\" data-id=\"https:\/\/acpr.banque-france.fr\/fr\"><strong>ACPR<\/strong><\/a> pour l\u2019obtention <br>d\u2019un agr\u00e9ment Prestataires de Service de Paiement (PSP).<\/p>\n<\/div>\n<\/div>\n<\/div>\n<\/div>\n\n\n\n<div class=\"is-layout-constrained wp-container-10 wp-block-group hidden-element is-style-section-1 bg-shape-top-right has-contrast-background-color has-background\" style=\"padding-top:var(--wp--preset--spacing--50);padding-bottom:var(--wp--preset--spacing--50)\">\n<div style=\"height:70px\" aria-hidden=\"true\" class=\"wp-block-spacer\"><\/div>\n\n\n\n<h2 class=\"wp-elements-f36ade8f3bde54b7f9f2c2a4bfedcf12 wp-block-heading has-text-align-center hidden-element has-base-color has-text-color has-link-color\">Lobbying<\/h2>\n\n\n\n<div style=\"height:20px\" aria-hidden=\"true\" class=\"wp-block-spacer\"><\/div>\n\n\n\n<div class=\"is-layout-flex wp-container-9 wp-block-columns\">\n<div class=\"is-layout-flow wp-block-column card shape-bottom-right\" style=\"padding-top:var(--wp--preset--spacing--50);padding-bottom:var(--wp--preset--spacing--50)\">\n<h3 class=\"wp-block-heading has-text-align-center\">Vice-pr\u00e9sidence <br>Sant\u00e9 &amp; Citoyennet\u00e9<\/h3>\n\n\n\n<figure class=\"wp-block-image aligncenter size-full is-resized\" style=\"margin-top:var(--wp--preset--spacing--20);margin-bottom:var(--wp--preset--spacing--20)\"><img decoding=\"async\" loading=\"lazy\" width=\"240\" height=\"180\" src=\"https:\/\/www.heka-assurances.com\/wp-content\/uploads\/2025\/03\/logositeSante_0.png\" alt=\"\" class=\"wp-image-1563\" style=\"width:200px\"\/><\/figure>\n<\/div>\n\n\n\n<div class=\"is-layout-flow wp-block-column card shape-bottom-right\" style=\"padding-top:var(--wp--preset--spacing--50);padding-bottom:var(--wp--preset--spacing--50)\">\n<h3 class=\"wp-block-heading has-text-align-center\">Membre actif <br><strong>Inter AMC<\/strong><\/h3>\n\n\n\n<figure class=\"wp-block-image aligncenter size-full is-resized\" style=\"margin-top:var(--wp--preset--spacing--60);margin-bottom:0\"><img decoding=\"async\" loading=\"lazy\" width=\"1064\" height=\"420\" src=\"https:\/\/www.heka-assurances.com\/wp-content\/uploads\/2025\/03\/logo-inter-AMC.png\" alt=\"\" class=\"wp-image-1567\" style=\"width:200px\" srcset=\"https:\/\/www.heka-assurances.com\/wp-content\/uploads\/2025\/03\/logo-inter-AMC.png 1064w, https:\/\/www.heka-assurances.com\/wp-content\/uploads\/2025\/03\/logo-inter-AMC-300x118.png 300w, https:\/\/www.heka-assurances.com\/wp-content\/uploads\/2025\/03\/logo-inter-AMC-1024x404.png 1024w, https:\/\/www.heka-assurances.com\/wp-content\/uploads\/2025\/03\/logo-inter-AMC-768x303.png 768w\" sizes=\"(max-width: 1064px) 100vw, 1064px\" \/><\/figure>\n<\/div>\n\n\n\n<div class=\"is-layout-flow wp-block-column card shape-bottom-right\" style=\"padding-top:var(--wp--preset--spacing--50);padding-bottom:var(--wp--preset--spacing--50)\">\n<h3 class=\"wp-block-heading has-text-align-center\">Membre de l\u2019association <br>3AS<\/h3>\n\n\n\n<figure class=\"wp-block-image size-large\"><img decoding=\"async\" loading=\"lazy\" width=\"1024\" height=\"576\" src=\"https:\/\/www.heka-assurances.com\/wp-content\/uploads\/2025\/03\/logo-3AS-1024x576.jpeg\" alt=\"\" class=\"wp-image-1681\" srcset=\"https:\/\/www.heka-assurances.com\/wp-content\/uploads\/2025\/03\/logo-3AS-1024x576.jpeg 1024w, https:\/\/www.heka-assurances.com\/wp-content\/uploads\/2025\/03\/logo-3AS-300x169.jpeg 300w, https:\/\/www.heka-assurances.com\/wp-content\/uploads\/2025\/03\/logo-3AS-768x432.jpeg 768w, https:\/\/www.heka-assurances.com\/wp-content\/uploads\/2025\/03\/logo-3AS.jpeg 1280w\" sizes=\"(max-width: 1024px) 100vw, 1024px\" \/><\/figure>\n<\/div>\n<\/div>\n\n\n\n<p class=\"has-text-align-center\"><\/p>\n<\/div>\n\n\n\n<div style=\"height:52px\" aria-hidden=\"true\" class=\"wp-block-spacer\"><\/div>\n\n\n\n<div class=\"is-layout-constrained wp-container-11 wp-block-group hidden-element\" style=\"padding-right:var(--wp--preset--spacing--50);padding-left:var(--wp--preset--spacing--50)\">\n<h2 class=\"wp-block-heading has-text-align-center\"><em>Nos<\/em> Engagements<\/h2>\n\n\n\n<div style=\"height:20px\" aria-hidden=\"true\" class=\"wp-block-spacer\"><\/div>\n\n\n\n<p class=\"has-text-align-center\">Nous int\u00e9grons nativement les \u00e9volutions r\u00e9glementaires sans restriction.<\/p>\n\n\n\n<p class=\"has-text-align-center\">Nous portons un point d\u2019attention particulier sur les r\u00e8glementations assurantielle et prudentielle actuellement en vigueur&nbsp;: <br>Dora, RGPD, Solvabilit\u00e9 II, ANI, RIA\u2026<\/p>\n<\/div>\n","protected":false},"excerpt":{"rendered":"<p>Nos Certifications Formation Flux Financier D\u00e9marche en cours aupr\u00e8s de l\u2019ACPR pour l\u2019obtention d\u2019un agr\u00e9ment Prestataires de Service de Paiement [&hellip;]<\/p>\n","protected":false},"author":1,"featured_media":0,"parent":0,"menu_order":3,"comment_status":"closed","ping_status":"closed","template":"","meta":{"site-sidebar-layout":"default","site-content-layout":"","ast-site-content-layout":"default","site-content-style":"default","site-sidebar-style":"default","ast-global-header-display":"","ast-banner-title-visibility":"","ast-main-header-display":"","ast-hfb-above-header-display":"","ast-hfb-below-header-display":"","ast-hfb-mobile-header-display":"","site-post-title":"","ast-breadcrumbs-content":"","ast-featured-img":"","footer-sml-layout":"","ast-disable-related-posts":"","theme-transparent-header-meta":"","adv-header-id-meta":"","stick-header-meta":"","header-above-stick-meta":"","header-main-stick-meta":"","header-below-stick-meta":"","astra-migrate-meta-layouts":"default","ast-page-background-enabled":"default","ast-page-background-meta":{"desktop":{"background-color":"var(--ast-global-color-5)","background-image":"","background-repeat":"repeat","background-position":"center center","background-size":"auto","background-attachment":"scroll","background-type":"","background-media":"","overlay-type":"","overlay-color":"","overlay-opacity":"","overlay-gradient":""},"tablet":{"background-color":"","background-image":"","background-repeat":"repeat","background-position":"center center","background-size":"auto","background-attachment":"scroll","background-type":"","background-media":"","overlay-type":"","overlay-color":"","overlay-opacity":"","overlay-gradient":""},"mobile":{"background-color":"","background-image":"","background-repeat":"repeat","background-position":"center center","background-size":"auto","background-attachment":"scroll","background-type":"","background-media":"","overlay-type":"","overlay-color":"","overlay-opacity":"","overlay-gradient":""}},"ast-content-background-meta":{"desktop":{"background-color":"var(--ast-global-color-4)","background-image":"","background-repeat":"repeat","background-position":"center center","background-size":"auto","background-attachment":"scroll","background-type":"","background-media":"","overlay-type":"","overlay-color":"","overlay-opacity":"","overlay-gradient":""},"tablet":{"background-color":"var(--ast-global-color-4)","background-image":"","background-repeat":"repeat","background-position":"center center","background-size":"auto","background-attachment":"scroll","background-type":"","background-media":"","overlay-type":"","overlay-color":"","overlay-opacity":"","overlay-gradient":""},"mobile":{"background-color":"var(--ast-global-color-4)","background-image":"","background-repeat":"repeat","background-position":"center center","background-size":"auto","background-attachment":"scroll","background-type":"","background-media":"","overlay-type":"","overlay-color":"","overlay-opacity":"","overlay-gradient":""}}},"_links":{"self":[{"href":"https:\/\/www.heka-assurances.com\/index.php\/wp-json\/wp\/v2\/pages\/537"}],"collection":[{"href":"https:\/\/www.heka-assurances.com\/index.php\/wp-json\/wp\/v2\/pages"}],"about":[{"href":"https:\/\/www.heka-assurances.com\/index.php\/wp-json\/wp\/v2\/types\/page"}],"author":[{"embeddable":true,"href":"https:\/\/www.heka-assurances.com\/index.php\/wp-json\/wp\/v2\/users\/1"}],"replies":[{"embeddable":true,"href":"https:\/\/www.heka-assurances.com\/index.php\/wp-json\/wp\/v2\/comments?post=537"}],"version-history":[{"count":69,"href":"https:\/\/www.heka-assurances.com\/index.php\/wp-json\/wp\/v2\/pages\/537\/revisions"}],"predecessor-version":[{"id":2241,"href":"https:\/\/www.heka-assurances.com\/index.php\/wp-json\/wp\/v2\/pages\/537\/revisions\/2241"}],"wp:attachment":[{"href":"https:\/\/www.heka-assurances.com\/index.php\/wp-json\/wp\/v2\/media?parent=537"}],"curies":[{"name":"wp","href":"https:\/\/api.w.org\/{rel}","templated":true}]}}