{"id":529,"date":"2025-03-20T09:23:28","date_gmt":"2025-03-20T09:23:28","guid":{"rendered":"http:\/\/localhost:8888\/MAMP\/heka\/?page_id=529"},"modified":"2025-03-20T09:23:28","modified_gmt":"2025-03-20T09:23:28","slug":"a-propos","status":"publish","type":"page","link":"https:\/\/www.heka-assurances.com\/index.php\/entreprise\/a-propos\/","title":{"rendered":"A propos"},"content":{"rendered":"\n<div class=\"is-layout-constrained wp-container-11 wp-block-group\" style=\"padding-top:var(--wp--preset--spacing--40);padding-right:var(--wp--preset--spacing--50);padding-bottom:var(--wp--preset--spacing--40);padding-left:var(--wp--preset--spacing--50)\">\n<div class=\"is-layout-constrained wp-container-1 wp-block-group\" style=\"padding-right:var(--wp--preset--spacing--50);padding-left:var(--wp--preset--spacing--50)\">\n<h2 class=\"wp-block-heading has-text-align-center hidden-element\"><em>Notre<\/em> Mission <strong>et notre vision<\/strong><\/h2>\n\n\n\n<p class=\"hidden-element\">Fournir aux acteurs majeurs de l\u2019assurance (assureur, IP, Mutuelle, courtier, d\u00e9l\u00e9gataire de gestion, bancassureur) une offre compl\u00e8te \u00e0 l\u2019\u00e9tat de l\u2019art et innovante sur toute la chaine de valeur de l\u2019assurance de personnes.<\/p>\n<\/div>\n\n\n\n<div class=\"is-layout-constrained wp-container-6 wp-block-group\">\n<div id=\"ImgZone\" class=\"is-layout-constrained wp-block-group\" style=\"margin-top:var(--wp--preset--spacing--60);margin-bottom:var(--wp--preset--spacing--60)\">\n<figure class=\"wp-block-image size-large hidden-element\"><img decoding=\"async\" loading=\"lazy\" width=\"1024\" height=\"683\" src=\"https:\/\/www.heka-assurances.com\/wp-content\/uploads\/2025\/02\/img5-1024x683.png\" alt=\"\" class=\"wp-image-1216\" srcset=\"https:\/\/www.heka-assurances.com\/wp-content\/uploads\/2025\/02\/img5-1024x683.png 1024w, https:\/\/www.heka-assurances.com\/wp-content\/uploads\/2025\/02\/img5-300x200.png 300w, https:\/\/www.heka-assurances.com\/wp-content\/uploads\/2025\/02\/img5-768x512.png 768w, https:\/\/www.heka-assurances.com\/wp-content\/uploads\/2025\/02\/img5.png 1500w\" sizes=\"(max-width: 1024px) 100vw, 1024px\" \/><\/figure>\n\n\n\n<div id=\"Position1\" class=\"is-content-justification-left is-layout-constrained wp-container-2 wp-block-group card shape-bottom-right\" style=\"padding-top:var(--wp--preset--spacing--50);padding-right:var(--wp--preset--spacing--50);padding-bottom:var(--wp--preset--spacing--50);padding-left:var(--wp--preset--spacing--50)\">\n<h3 class=\"wp-block-heading\">Innovation continue<\/h3>\n\n\n\n<p>Nous explorons en permanence de nouvelles solutions pour anticiper les besoins du march\u00e9.<\/p>\n<\/div>\n\n\n\n<div id=\"Position2\" class=\"is-content-justification-left is-layout-constrained wp-container-3 wp-block-group card shape-bottom-right\" style=\"padding-top:var(--wp--preset--spacing--50);padding-right:var(--wp--preset--spacing--50);padding-bottom:var(--wp--preset--spacing--50);padding-left:var(--wp--preset--spacing--50)\">\n<h3 class=\"wp-block-heading\">Exp\u00e9rience client optimis\u00e9e<\/h3>\n\n\n\n<p>Nos produits et services sont con\u00e7us pour simplifier la vie de nos utilisateurs.<\/p>\n<\/div>\n\n\n\n<div id=\"Position3\" class=\"is-content-justification-left is-layout-constrained wp-container-4 wp-block-group card card-inverse-solutions shape-bottom-right\" style=\"padding-top:var(--wp--preset--spacing--50);padding-right:var(--wp--preset--spacing--50);padding-bottom:var(--wp--preset--spacing--50);padding-left:var(--wp--preset--spacing--50)\">\n<h3 class=\"wp-block-heading\">Impact positif<\/h3>\n\n\n\n<p>Nous nous engageons \u00e0 d\u00e9velopper des technologies qui profitent aux entreprises et \u00e0 la soci\u00e9t\u00e9.<\/p>\n<\/div>\n<\/div>\n<\/div>\n\n\n\n<div class=\"is-layout-flex wp-container-10 wp-block-columns\" style=\"margin-top:var(--wp--preset--spacing--30);margin-bottom:var(--wp--preset--spacing--30)\">\n<div class=\"is-layout-flow wp-block-column\"><\/div>\n\n\n\n<div class=\"is-layout-flow wp-block-column\"><\/div>\n\n\n\n<div class=\"is-layout-flow wp-block-column\"><\/div>\n<\/div>\n<\/div>\n\n\n\n<div class=\"separator my-9\"><\/div>\n\n\n\n<div class=\"is-layout-constrained wp-container-19 wp-block-group\" style=\"padding-right:var(--wp--preset--spacing--50);padding-left:var(--wp--preset--spacing--50)\">\n<h2 class=\"wp-block-heading has-text-align-center hidden-element\"><em>Nos<\/em> Valeurs <strong>d&rsquo;entreprise<\/strong><\/h2>\n\n\n\n<div class=\"is-layout-flex wp-container-18 wp-block-columns\" style=\"margin-top:var(--wp--preset--spacing--40);margin-bottom:var(--wp--preset--spacing--40)\">\n<div class=\"is-layout-flow wp-block-column\">\n<div class=\"is-content-justification-left is-layout-constrained wp-container-12 wp-block-group card shape-bottom-right\" style=\"padding-top:var(--wp--preset--spacing--50);padding-right:var(--wp--preset--spacing--50);padding-bottom:var(--wp--preset--spacing--50);padding-left:var(--wp--preset--spacing--50)\">\n<h3 class=\"wp-block-heading\">Engagement<\/h3>\n\n\n\n<p>L\u2019assurance de notre engagement pour nos clients.<\/p>\n<\/div>\n\n\n\n<div class=\"is-content-justification-left is-layout-constrained wp-container-13 wp-block-group card card-inverse shape-bottom-right\" style=\"padding-top:var(--wp--preset--spacing--50);padding-right:var(--wp--preset--spacing--50);padding-bottom:var(--wp--preset--spacing--50);padding-left:var(--wp--preset--spacing--50)\">\n<h3 class=\"wp-block-heading\">Qualit\u00e9 de service<\/h3>\n\n\n\n<p>La satisfaction de nos clients est notre priorit\u00e9.<\/p>\n<\/div>\n<\/div>\n\n\n\n<div class=\"is-layout-flow wp-block-column\">\n<div class=\"is-content-justification-left is-layout-constrained wp-container-15 wp-block-group card shape-bottom-right\" style=\"padding-top:var(--wp--preset--spacing--50);padding-right:var(--wp--preset--spacing--50);padding-bottom:var(--wp--preset--spacing--50);padding-left:var(--wp--preset--spacing--50)\">\n<h3 class=\"wp-block-heading\">Fiabilit\u00e9<\/h3>\n\n\n\n<p>S\u00e9curit\u00e9 et performance sont au c\u0153ur de toutes nos solutions.<\/p>\n<\/div>\n\n\n\n<div class=\"is-content-justification-left is-layout-constrained wp-container-16 wp-block-group card shape-bottom-right\" style=\"padding-top:var(--wp--preset--spacing--50);padding-right:var(--wp--preset--spacing--50);padding-bottom:var(--wp--preset--spacing--50);padding-left:var(--wp--preset--spacing--50)\">\n<h3 class=\"wp-block-heading\">Partenariat long terme<\/h3>\n\n\n\n<p>Batir des relations et des solutions dans la dur\u00e9e.<\/p>\n<\/div>\n<\/div>\n<\/div>\n<\/div>\n","protected":false},"excerpt":{"rendered":"<p>Notre Mission et notre vision Fournir aux acteurs majeurs de l\u2019assurance (assureur, IP, Mutuelle, courtier, d\u00e9l\u00e9gataire de gestion, bancassureur) une [&hellip;]<\/p>\n","protected":false},"author":1,"featured_media":0,"parent":527,"menu_order":0,"comment_status":"closed","ping_status":"closed","template":"","meta":{"site-sidebar-layout":"default","site-content-layout":"","ast-site-content-layout":"default","site-content-style":"default","site-sidebar-style":"default","ast-global-header-display":"","ast-banner-title-visibility":"","ast-main-header-display":"","ast-hfb-above-header-display":"","ast-hfb-below-header-display":"","ast-hfb-mobile-header-display":"","site-post-title":"","ast-breadcrumbs-content":"","ast-featured-img":"","footer-sml-layout":"","ast-disable-related-posts":"","theme-transparent-header-meta":"","adv-header-id-meta":"","stick-header-meta":"","header-above-stick-meta":"","header-main-stick-meta":"","header-below-stick-meta":"","astra-migrate-meta-layouts":"default","ast-page-background-enabled":"default","ast-page-background-meta":{"desktop":{"background-color":"var(--ast-global-color-5)","background-image":"","background-repeat":"repeat","background-position":"center center","background-size":"auto","background-attachment":"scroll","background-type":"","background-media":"","overlay-type":"","overlay-color":"","overlay-opacity":"","overlay-gradient":""},"tablet":{"background-color":"","background-image":"","background-repeat":"repeat","background-position":"center center","background-size":"auto","background-attachment":"scroll","background-type":"","background-media":"","overlay-type":"","overlay-color":"","overlay-opacity":"","overlay-gradient":""},"mobile":{"background-color":"","background-image":"","background-repeat":"repeat","background-position":"center center","background-size":"auto","background-attachment":"scroll","background-type":"","background-media":"","overlay-type":"","overlay-color":"","overlay-opacity":"","overlay-gradient":""}},"ast-content-background-meta":{"desktop":{"background-color":"var(--ast-global-color-4)","background-image":"","background-repeat":"repeat","background-position":"center center","background-size":"auto","background-attachment":"scroll","background-type":"","background-media":"","overlay-type":"","overlay-color":"","overlay-opacity":"","overlay-gradient":""},"tablet":{"background-color":"var(--ast-global-color-4)","background-image":"","background-repeat":"repeat","background-position":"center center","background-size":"auto","background-attachment":"scroll","background-type":"","background-media":"","overlay-type":"","overlay-color":"","overlay-opacity":"","overlay-gradient":""},"mobile":{"background-color":"var(--ast-global-color-4)","background-image":"","background-repeat":"repeat","background-position":"center center","background-size":"auto","background-attachment":"scroll","background-type":"","background-media":"","overlay-type":"","overlay-color":"","overlay-opacity":"","overlay-gradient":""}}},"_links":{"self":[{"href":"https:\/\/www.heka-assurances.com\/index.php\/wp-json\/wp\/v2\/pages\/529"}],"collection":[{"href":"https:\/\/www.heka-assurances.com\/index.php\/wp-json\/wp\/v2\/pages"}],"about":[{"href":"https:\/\/www.heka-assurances.com\/index.php\/wp-json\/wp\/v2\/types\/page"}],"author":[{"embeddable":true,"href":"https:\/\/www.heka-assurances.com\/index.php\/wp-json\/wp\/v2\/users\/1"}],"replies":[{"embeddable":true,"href":"https:\/\/www.heka-assurances.com\/index.php\/wp-json\/wp\/v2\/comments?post=529"}],"version-history":[{"count":9,"href":"https:\/\/www.heka-assurances.com\/index.php\/wp-json\/wp\/v2\/pages\/529\/revisions"}],"predecessor-version":[{"id":2071,"href":"https:\/\/www.heka-assurances.com\/index.php\/wp-json\/wp\/v2\/pages\/529\/revisions\/2071"}],"up":[{"embeddable":true,"href":"https:\/\/www.heka-assurances.com\/index.php\/wp-json\/wp\/v2\/pages\/527"}],"wp:attachment":[{"href":"https:\/\/www.heka-assurances.com\/index.php\/wp-json\/wp\/v2\/media?parent=529"}],"curies":[{"name":"wp","href":"https:\/\/api.w.org\/{rel}","templated":true}]}}