{"id":401,"date":"2025-03-20T08:35:06","date_gmt":"2025-03-20T08:35:06","guid":{"rendered":"http:\/\/localhost:8888\/MAMP\/heka\/?page_id=401"},"modified":"2025-03-27T14:53:23","modified_gmt":"2025-03-27T14:53:23","slug":"ivs-by-heka","status":"publish","type":"page","link":"https:\/\/www.heka-assurances.com\/index.php\/offres-heka\/edition-logiciels\/ivs-by-heka\/","title":{"rendered":"IVS by heka"},"content":{"rendered":"\n<div class=\"is-layout-constrained wp-container-1 wp-block-group has-custom-logiciels-background-color has-background\" style=\"margin-top:0;margin-bottom:0;padding-top:var(--wp--preset--spacing--40);padding-right:var(--wp--preset--spacing--50);padding-bottom:var(--wp--preset--spacing--40);padding-left:var(--wp--preset--spacing--50)\">\n<figure class=\"wp-block-image aligncenter size-full is-resized\"><img decoding=\"async\" loading=\"lazy\" width=\"631\" height=\"636\" src=\"https:\/\/www.heka-assurances.com\/wp-content\/uploads\/2025\/03\/blue.png\" alt=\"\" class=\"wp-image-2027\" style=\"width:52px\" srcset=\"https:\/\/www.heka-assurances.com\/wp-content\/uploads\/2025\/03\/blue.png 631w, https:\/\/www.heka-assurances.com\/wp-content\/uploads\/2025\/03\/blue-298x300.png 298w, https:\/\/www.heka-assurances.com\/wp-content\/uploads\/2025\/03\/blue-150x150.png 150w, https:\/\/www.heka-assurances.com\/wp-content\/uploads\/2025\/03\/blue-75x75.png 75w\" sizes=\"(max-width: 631px) 100vw, 631px\" \/><\/figure>\n\n\n\n<p class=\"wp-elements-c1c1baab7e8774c010dfc1dde5a94d9e has-text-align-center has-base-color has-text-color has-link-color has-medium-font-size\">IVS (Insurance Value Software) <br>Votre future solution de gestion de la pr\u00e9voyance<\/p>\n<\/div>\n\n\n\n<div class=\"is-layout-constrained wp-container-2 wp-block-group\" style=\"padding-top:var(--wp--preset--spacing--40);padding-right:var(--wp--preset--spacing--50);padding-bottom:var(--wp--preset--spacing--60);padding-left:var(--wp--preset--spacing--50)\">\n<h2 class=\"wp-block-heading has-text-align-center hidden-element\"><em>Notre<\/em> Offre<strong> IVS by heka<\/strong><\/h2>\n<\/div>\n\n\n\n<div class=\"is-layout-constrained wp-container-9 wp-block-group\" style=\"padding-right:var(--wp--preset--spacing--50);padding-left:var(--wp--preset--spacing--50)\">\n<div class=\"is-layout-flex wp-container-8 wp-block-columns\">\n<div class=\"is-layout-flow wp-block-column\" style=\"padding-bottom:var(--wp--preset--spacing--70)\" id=\"ImgZone\">\n<figure class=\"wp-block-image size-large hidden-element\"><img decoding=\"async\" loading=\"lazy\" width=\"1024\" height=\"681\" src=\"https:\/\/www.heka-assurances.com\/wp-content\/uploads\/2025\/02\/glenn-carstens-peters-npxXWgQ33ZQ-unsplash-1024x681.jpg\" alt=\"\" class=\"wp-image-1222\" srcset=\"https:\/\/www.heka-assurances.com\/wp-content\/uploads\/2025\/02\/glenn-carstens-peters-npxXWgQ33ZQ-unsplash-1024x681.jpg 1024w, https:\/\/www.heka-assurances.com\/wp-content\/uploads\/2025\/02\/glenn-carstens-peters-npxXWgQ33ZQ-unsplash-300x200.jpg 300w, https:\/\/www.heka-assurances.com\/wp-content\/uploads\/2025\/02\/glenn-carstens-peters-npxXWgQ33ZQ-unsplash-768x511.jpg 768w, https:\/\/www.heka-assurances.com\/wp-content\/uploads\/2025\/02\/glenn-carstens-peters-npxXWgQ33ZQ-unsplash.jpg 1500w\" sizes=\"(max-width: 1024px) 100vw, 1024px\" \/><\/figure>\n\n\n\n<div id=\"Position1\" class=\"is-content-justification-left is-layout-constrained wp-container-3 wp-block-group card card-inverse shape-bottom-right\" style=\"padding-top:var(--wp--preset--spacing--50);padding-right:var(--wp--preset--spacing--50);padding-bottom:var(--wp--preset--spacing--50);padding-left:var(--wp--preset--spacing--50)\">\n<h3 class=\"wp-block-heading\">Chaine de valeur int\u00e9gr\u00e9e<\/h3>\n\n\n\n<p>Une solution offrant au gestionnaire une chaine de valeur int\u00e9gr\u00e9e de l&rsquo;ensemble des fonctionnalit\u00e9s.<\/p>\n<\/div>\n\n\n\n<div id=\"Position2\" class=\"is-content-justification-left is-layout-constrained wp-container-4 wp-block-group card shape-bottom-right\" style=\"padding-top:var(--wp--preset--spacing--50);padding-right:var(--wp--preset--spacing--50);padding-bottom:var(--wp--preset--spacing--50);padding-left:var(--wp--preset--spacing--50)\">\n<h3 class=\"wp-block-heading\">Architecture \u00e0 l&rsquo;\u00e9tat de l&rsquo;art<\/h3>\n\n\n\n<p>Une architecture qui respecte les patterns et utilise&nbsp;les derni\u00e8re&nbsp;technologies \u00ab&nbsp;event based&nbsp;\u00bb.<\/p>\n<\/div>\n\n\n\n<div id=\"Position3\" class=\"is-content-justification-left is-layout-constrained wp-container-5 wp-block-group card shape-bottom-right\" style=\"padding-top:var(--wp--preset--spacing--50);padding-right:var(--wp--preset--spacing--50);padding-bottom:var(--wp--preset--spacing--50);padding-left:var(--wp--preset--spacing--50)\">\n<h3 class=\"wp-block-heading\">Int\u00e9gration dans les \u00e9cosyst\u00e8mes clients<\/h3>\n\n\n\n<p>Une solution facilitant l&rsquo;int\u00e9gration dans les \u00e9cosyst\u00e8mes clients.<\/p>\n<\/div>\n\n\n\n<div id=\"Position4\" class=\"is-content-justification-left is-layout-constrained wp-container-6 wp-block-group card shape-bottom-right\" style=\"padding-top:var(--wp--preset--spacing--50);padding-right:var(--wp--preset--spacing--50);padding-bottom:var(--wp--preset--spacing--50);padding-left:var(--wp--preset--spacing--50)\">\n<h3 class=\"wp-block-heading\">Multi-client et multi-contexte<\/h3>\n\n\n\n<p>Une solution <strong>SaaS<\/strong> de place de march\u00e9 multi-client et multi-contexte<\/p>\n<\/div>\n<\/div>\n<\/div>\n<\/div>\n\n\n\n<div style=\"height:50px\" aria-hidden=\"true\" class=\"wp-block-spacer\"><\/div>\n\n\n\n<div class=\"is-layout-constrained wp-container-13 wp-elements-ff049a696716c3605b8bd059c17a894b wp-block-group bg-shape-bottom-left hidden-element has-base-color has-custom-logiciels-background-color has-text-color has-background has-link-color\" style=\"padding-right:var(--wp--preset--spacing--50);padding-left:var(--wp--preset--spacing--50)\">\n<div class=\"is-layout-flex wp-container-12 wp-block-columns\">\n<div class=\"is-layout-flow wp-elements-7b39f0204b854e3fd428e642b51ac695 wp-block-column has-base-color has-text-color has-link-color\">\n<p class=\"wp-elements-95e0e627e4fe20785d01f3f8762dc7b2 has-text-align-center number has-accent-6-color has-text-color has-link-color has-xx-large-font-size\"><strong>2<\/strong><\/p>\n\n\n\n<p class=\"wp-elements-288aa95ec0fb9f3fb9d56260741817ff has-text-align-center has-base-color has-text-color has-link-color has-small-font-size\">Clients<\/p>\n<\/div>\n\n\n\n<div class=\"is-layout-flow wp-elements-062ead0c96e4fb50188884c9568fe761 wp-block-column has-base-color has-text-color has-link-color\">\n<p class=\"wp-elements-166919f36cc8880c82f2df9c6896abde has-text-align-center number has-accent-6-color has-text-color has-link-color has-xx-large-font-size\"><strong>4 500 000<\/strong><\/p>\n\n\n\n<p class=\"wp-elements-0de99c9c3620eca8894cf489da3a4afc has-text-align-center has-base-color has-text-color has-link-color has-small-font-size\">Nombre de personnes prot\u00e9g\u00e9es<\/p>\n<\/div>\n<\/div>\n<\/div>\n\n\n\n<div class=\"is-layout-constrained wp-container-15 wp-block-group\" style=\"padding-right:var(--wp--preset--spacing--50);padding-left:var(--wp--preset--spacing--50)\">\n<h2 class=\"wp-elements-da5374b6d713f8cdf5cc26f810025c0c wp-block-heading has-text-align-center hidden-element has-contrast-color has-text-color has-link-color\"><em>Notre<\/em> P\u00e9rim\u00e8tre <strong>m\u00e9tier<\/strong><\/h2>\n\n\n\n<div class=\"is-layout-constrained wp-block-group shape-bottom-right hidden-element has-accent-5-background-color has-background\" style=\"border-radius:12px;padding-top:var(--wp--preset--spacing--50);padding-right:var(--wp--preset--spacing--50);padding-bottom:var(--wp--preset--spacing--50);padding-left:var(--wp--preset--spacing--50)\">\n<p class=\"wp-elements-f578b563d3bb79e91c5cc17079156577 has-text-align-left has-contrast-color has-text-color has-link-color\"><strong>Une plateforme de march\u00e9 <\/strong><br>ayant vocation, \u00e0 terme, \u00e0 couvrir l\u2019ensemble de la chaine de valeur de l\u2019assurance de personnes.<\/p>\n\n\n\n<p class=\"wp-elements-ae114be260d34237fa3a110bdfea0223 has-text-align-left has-contrast-color has-text-color has-link-color\"><strong>L\u2019ensemble des fonctionnalit\u00e9s n\u00e9cessaires aux traitements des sinistres <\/strong><br>sont d\u00e9j\u00e0 pr\u00e9sentes dans la solution IVS permettant ainsi une gestion fluide et orient\u00e9e client.<\/p>\n<\/div>\n<\/div>\n\n\n\n<div class=\"is-layout-constrained wp-container-16 wp-block-group bg-shape-top-right hidden-element has-custom-logiciels-background-color has-background\" style=\"margin-top:var(--wp--preset--spacing--50);padding-right:var(--wp--preset--spacing--50);padding-left:var(--wp--preset--spacing--50)\">\n<h2 class=\"wp-elements-06d8ae263d1d91a3c1d0fd279d0acc54 wp-block-heading has-text-align-center hidden-element has-base-color has-text-color has-link-color\"><em>Nos<\/em> Principes<\/h2>\n\n\n\n<p class=\"wp-elements-94d7fb60b5311c9918dd26335bdbee42 has-text-align-center hidden-element has-base-color has-text-color has-link-color\">Notre Plateforme innovante est construite en collaboration avec les experts m\u00e9tiers de nos clients et nos experts IT.<\/p>\n\n\n\n<p class=\"wp-elements-051efcc1f46abb2c6ea6f96c351b24c1 has-text-align-center hidden-element has-base-color has-text-color has-link-color\">Notre volont\u00e9 est de construire et d\u00e9livrer une solution de march\u00e9 moderne, <br>robuste et qui accroit fortement la productivit\u00e9 des utilisateurs.<\/p>\n<\/div>\n","protected":false},"excerpt":{"rendered":"<p>IVS (Insurance Value Software) Votre future solution de gestion de la pr\u00e9voyance Notre Offre IVS by heka Chaine de valeur [&hellip;]<\/p>\n","protected":false},"author":1,"featured_media":0,"parent":329,"menu_order":0,"comment_status":"closed","ping_status":"closed","template":"","meta":{"site-sidebar-layout":"default","site-content-layout":"","ast-site-content-layout":"default","site-content-style":"default","site-sidebar-style":"default","ast-global-header-display":"","ast-banner-title-visibility":"","ast-main-header-display":"","ast-hfb-above-header-display":"","ast-hfb-below-header-display":"","ast-hfb-mobile-header-display":"","site-post-title":"","ast-breadcrumbs-content":"","ast-featured-img":"","footer-sml-layout":"","ast-disable-related-posts":"","theme-transparent-header-meta":"","adv-header-id-meta":"","stick-header-meta":"","header-above-stick-meta":"","header-main-stick-meta":"","header-below-stick-meta":"","astra-migrate-meta-layouts":"default","ast-page-background-enabled":"default","ast-page-background-meta":{"desktop":{"background-color":"var(--ast-global-color-5)","background-image":"","background-repeat":"repeat","background-position":"center center","background-size":"auto","background-attachment":"scroll","background-type":"","background-media":"","overlay-type":"","overlay-color":"","overlay-opacity":"","overlay-gradient":""},"tablet":{"background-color":"","background-image":"","background-repeat":"repeat","background-position":"center center","background-size":"auto","background-attachment":"scroll","background-type":"","background-media":"","overlay-type":"","overlay-color":"","overlay-opacity":"","overlay-gradient":""},"mobile":{"background-color":"","background-image":"","background-repeat":"repeat","background-position":"center center","background-size":"auto","background-attachment":"scroll","background-type":"","background-media":"","overlay-type":"","overlay-color":"","overlay-opacity":"","overlay-gradient":""}},"ast-content-background-meta":{"desktop":{"background-color":"var(--ast-global-color-4)","background-image":"","background-repeat":"repeat","background-position":"center center","background-size":"auto","background-attachment":"scroll","background-type":"","background-media":"","overlay-type":"","overlay-color":"","overlay-opacity":"","overlay-gradient":""},"tablet":{"background-color":"var(--ast-global-color-4)","background-image":"","background-repeat":"repeat","background-position":"center center","background-size":"auto","background-attachment":"scroll","background-type":"","background-media":"","overlay-type":"","overlay-color":"","overlay-opacity":"","overlay-gradient":""},"mobile":{"background-color":"var(--ast-global-color-4)","background-image":"","background-repeat":"repeat","background-position":"center center","background-size":"auto","background-attachment":"scroll","background-type":"","background-media":"","overlay-type":"","overlay-color":"","overlay-opacity":"","overlay-gradient":""}}},"_links":{"self":[{"href":"https:\/\/www.heka-assurances.com\/index.php\/wp-json\/wp\/v2\/pages\/401"}],"collection":[{"href":"https:\/\/www.heka-assurances.com\/index.php\/wp-json\/wp\/v2\/pages"}],"about":[{"href":"https:\/\/www.heka-assurances.com\/index.php\/wp-json\/wp\/v2\/types\/page"}],"author":[{"embeddable":true,"href":"https:\/\/www.heka-assurances.com\/index.php\/wp-json\/wp\/v2\/users\/1"}],"replies":[{"embeddable":true,"href":"https:\/\/www.heka-assurances.com\/index.php\/wp-json\/wp\/v2\/comments?post=401"}],"version-history":[{"count":41,"href":"https:\/\/www.heka-assurances.com\/index.php\/wp-json\/wp\/v2\/pages\/401\/revisions"}],"predecessor-version":[{"id":2236,"href":"https:\/\/www.heka-assurances.com\/index.php\/wp-json\/wp\/v2\/pages\/401\/revisions\/2236"}],"up":[{"embeddable":true,"href":"https:\/\/www.heka-assurances.com\/index.php\/wp-json\/wp\/v2\/pages\/329"}],"wp:attachment":[{"href":"https:\/\/www.heka-assurances.com\/index.php\/wp-json\/wp\/v2\/media?parent=401"}],"curies":[{"name":"wp","href":"https:\/\/api.w.org\/{rel}","templated":true}]}}