{"id":393,"date":"2025-03-20T08:35:06","date_gmt":"2025-03-20T08:35:06","guid":{"rendered":"http:\/\/localhost:8888\/MAMP\/heka\/?page_id=393"},"modified":"2025-03-27T14:53:57","modified_gmt":"2025-03-27T14:53:57","slug":"open-by-heka","status":"publish","type":"page","link":"https:\/\/www.heka-assurances.com\/index.php\/offres-heka\/edition-logiciels\/open-by-heka\/","title":{"rendered":"Open by heka"},"content":{"rendered":"\n<div class=\"is-layout-constrained wp-container-1 wp-block-group has-custom-logiciels-background-color has-background\" style=\"margin-top:0;margin-bottom:0;padding-top:var(--wp--preset--spacing--40);padding-right:var(--wp--preset--spacing--50);padding-bottom:var(--wp--preset--spacing--40);padding-left:var(--wp--preset--spacing--50)\">\n<figure class=\"wp-block-image aligncenter size-full is-resized\"><img decoding=\"async\" loading=\"lazy\" width=\"631\" height=\"636\" src=\"https:\/\/www.heka-assurances.com\/wp-content\/uploads\/2025\/03\/blue.png\" alt=\"\" class=\"wp-image-2027\" style=\"width:52px\" srcset=\"https:\/\/www.heka-assurances.com\/wp-content\/uploads\/2025\/03\/blue.png 631w, https:\/\/www.heka-assurances.com\/wp-content\/uploads\/2025\/03\/blue-298x300.png 298w, https:\/\/www.heka-assurances.com\/wp-content\/uploads\/2025\/03\/blue-150x150.png 150w, https:\/\/www.heka-assurances.com\/wp-content\/uploads\/2025\/03\/blue-75x75.png 75w\" sizes=\"(max-width: 631px) 100vw, 631px\" \/><\/figure>\n\n\n\n<p class=\"wp-elements-9b15734ead03dc3053477ceb8eb72da1 has-text-align-center has-base-color has-text-color has-link-color has-medium-font-size\">Votre solution back office pour la gestion <br>des contrats sant\u00e9 et pr\u00e9voyance<\/p>\n<\/div>\n\n\n\n<div class=\"is-layout-constrained wp-container-5 wp-block-group\" style=\"margin-top:var(--wp--preset--spacing--50);margin-bottom:var(--wp--preset--spacing--50);padding-right:var(--wp--preset--spacing--50);padding-left:var(--wp--preset--spacing--50)\">\n<h2 class=\"wp-block-heading has-text-align-center\"><em>Notre<\/em> Offre <strong>Open by heka<\/strong><\/h2>\n\n\n\n<div class=\"is-layout-flex wp-container-4 wp-block-columns\" style=\"margin-top:var(--wp--preset--spacing--60);margin-bottom:var(--wp--preset--spacing--60)\">\n<div class=\"is-layout-flow wp-block-column\">\n<figure class=\"wp-block-image size-large shape-bottom-right hidden-element\"><img decoding=\"async\" loading=\"lazy\" width=\"1024\" height=\"681\" src=\"https:\/\/www.heka-assurances.com\/wp-content\/uploads\/2025\/02\/glenn-carstens-peters-npxXWgQ33ZQ-unsplash-1024x681.jpg\" alt=\"\" class=\"wp-image-1222\" srcset=\"https:\/\/www.heka-assurances.com\/wp-content\/uploads\/2025\/02\/glenn-carstens-peters-npxXWgQ33ZQ-unsplash-1024x681.jpg 1024w, https:\/\/www.heka-assurances.com\/wp-content\/uploads\/2025\/02\/glenn-carstens-peters-npxXWgQ33ZQ-unsplash-300x200.jpg 300w, https:\/\/www.heka-assurances.com\/wp-content\/uploads\/2025\/02\/glenn-carstens-peters-npxXWgQ33ZQ-unsplash-768x511.jpg 768w, https:\/\/www.heka-assurances.com\/wp-content\/uploads\/2025\/02\/glenn-carstens-peters-npxXWgQ33ZQ-unsplash.jpg 1500w\" sizes=\"(max-width: 1024px) 100vw, 1024px\" \/><\/figure>\n<\/div>\n\n\n\n<div class=\"is-layout-flow wp-block-column hidden-element\" style=\"padding-top:var(--wp--preset--spacing--40);padding-right:var(--wp--preset--spacing--40);padding-bottom:var(--wp--preset--spacing--40);padding-left:var(--wp--preset--spacing--40)\">\n<h3 class=\"wp-block-heading\">Progiciel industriel couvrant tous les p\u00e9rim\u00e8tres back office<\/h3>\n\n\n\n<ul class=\"wp-block-list\">\n<li>Adh\u00e9sions<\/li>\n\n\n\n<li>Cotisations<\/li>\n\n\n\n<li>Prestations sant\u00e9 et pr\u00e9voyance<\/li>\n\n\n\n<li>GED<\/li>\n\n\n\n<li>CRM<\/li>\n\n\n\n<li>Business Intelligence<\/li>\n\n\n\n<li>Espaces Web Assur\u00e9s, RH, PS<\/li>\n\n\n\n<li>Application mobile<\/li>\n\n\n\n<li>Catalogue API<\/li>\n<\/ul>\n<\/div>\n<\/div>\n<\/div>\n\n\n\n<div class=\"is-layout-constrained wp-container-10 wp-elements-75fc28351f9fb1ca5a273039c61a25c1 wp-block-group bg-shape-bottom-left hidden-element has-base-color has-custom-logiciels-background-color has-text-color has-background has-link-color\" style=\"padding-right:var(--wp--preset--spacing--50);padding-left:var(--wp--preset--spacing--50)\">\n<div class=\"is-layout-flex wp-container-9 wp-block-columns\">\n<div class=\"is-layout-flow wp-elements-2f6f613f6f62df4f78b86892d7be7420 wp-block-column has-base-color has-text-color has-link-color\">\n<p class=\"wp-elements-a1d3b0573e0f33955496a4a2c4b25bbc has-text-align-center number has-accent-6-color has-text-color has-link-color has-xx-large-font-size\"><strong>100 000<\/strong><\/p>\n\n\n\n<p class=\"wp-elements-a5c56dba74c6bb290e838921fca1393a has-text-align-center has-base-color has-text-color has-link-color has-small-font-size\">Entreprises g\u00e9r\u00e9es en sant\u00e9 <br>et en pr\u00e9voyance collectives<\/p>\n<\/div>\n\n\n\n<div class=\"is-layout-flow wp-elements-bf236dfdb42c1e353b95c39a836c0972 wp-block-column has-base-color has-text-color has-link-color\">\n<p class=\"wp-elements-f3607562c22f8742ecf41b69e469ef32 has-text-align-center number has-accent-6-color has-text-color has-link-color has-xx-large-font-size\"><strong>2,5<\/strong><\/p>\n\n\n\n<p class=\"wp-elements-4e81505b81b15cc15048d3e0cf1c3887 has-text-align-center has-base-color has-text-color has-link-color has-small-font-size\">Milliards d&rsquo;euros <br>de flux financier trait\u00e9s\/an<\/p>\n<\/div>\n\n\n\n<div class=\"is-layout-flow wp-elements-ccf3b7ba917f356f52b7dc5e029922b4 wp-block-column has-base-color has-text-color has-link-color\">\n<p class=\"wp-elements-acb9ba13b4adaf7fcade54aaea9147c4 has-text-align-center number has-accent-6-color has-text-color has-link-color has-xx-large-font-size\"><strong>4 000 000<\/strong><\/p>\n\n\n\n<p class=\"wp-elements-0de99c9c3620eca8894cf489da3a4afc has-text-align-center has-base-color has-text-color has-link-color has-small-font-size\">Nombre de personnes prot\u00e9g\u00e9es<\/p>\n<\/div>\n<\/div>\n<\/div>\n\n\n\n<div class=\"is-layout-constrained wp-container-12 wp-block-group hidden-element\" style=\"padding-right:var(--wp--preset--spacing--50);padding-left:var(--wp--preset--spacing--50)\">\n<h2 class=\"wp-elements-d672410f6de05ddb271f24bd9aecee73 wp-block-heading has-text-align-center has-contrast-color has-text-color has-link-color\"><em>Notre<\/em> Objectif<\/h2>\n\n\n\n<div class=\"is-layout-constrained wp-block-group shape-bottom-right has-accent-5-background-color has-background\" style=\"border-radius:12px;padding-top:var(--wp--preset--spacing--50);padding-right:var(--wp--preset--spacing--50);padding-bottom:var(--wp--preset--spacing--50);padding-left:var(--wp--preset--spacing--50)\">\n<p class=\"wp-elements-94aa0e66126f59adb29851fe77a91ddb has-text-align-center has-contrast-color has-text-color has-link-color\"><strong>Des outils et un accompagnement<\/strong><br> qui font gagner du temps aux \u00e9quipes de gestion.<\/p>\n<\/div>\n<\/div>\n\n\n\n<div style=\"height:52px\" aria-hidden=\"true\" class=\"wp-block-spacer\"><\/div>\n\n\n\n<div class=\"is-layout-constrained wp-container-33 wp-block-group\" style=\"padding-right:var(--wp--preset--spacing--50);padding-left:var(--wp--preset--spacing--50)\">\n<h2 class=\"wp-block-heading has-text-align-center hidden-element\"><em>Les<\/em> Avantages<\/h2>\n\n\n\n<div class=\"is-layout-flex wp-container-19 wp-block-columns\" style=\"padding-top:var(--wp--preset--spacing--50)\">\n<div class=\"is-layout-flow wp-block-column\">\n<div class=\"is-content-justification-left is-layout-constrained wp-container-13 wp-block-group card shape-bottom-right\" style=\"padding-top:var(--wp--preset--spacing--50);padding-right:var(--wp--preset--spacing--40);padding-bottom:var(--wp--preset--spacing--50);padding-left:var(--wp--preset--spacing--40)\">\n<h3 class=\"wp-block-heading\">Fortement param\u00e9trable<\/h3>\n\n\n\n<p>Autonomie compl\u00e8te des services de gestion pour la mise en place de nouveaux clients et produits sans intervention informatique.<\/p>\n<\/div>\n<\/div>\n\n\n\n<div class=\"is-layout-flow wp-block-column\">\n<div class=\"is-content-justification-left is-layout-constrained wp-container-15 wp-block-group card shape-top-right\" style=\"padding-top:var(--wp--preset--spacing--50);padding-right:var(--wp--preset--spacing--40);padding-bottom:var(--wp--preset--spacing--50);padding-left:var(--wp--preset--spacing--40)\">\n<h3 class=\"wp-block-heading\">Vision 360\u00b0<\/h3>\n\n\n\n<p>Open propose un \u00e9cosyst\u00e8me totalement int\u00e9gr\u00e9 qui permet de centraliser tous les traitements, y compris GRC, extranets, GED entrante et sortante, mails, \u00e9ditique, application mobile, indicateurs de pilotage et donn\u00e9es.<\/p>\n<\/div>\n<\/div>\n\n\n\n<div class=\"is-layout-flow wp-block-column\">\n<div class=\"is-content-justification-left is-layout-constrained wp-container-17 wp-block-group card card-inverse shape-bottom-right\" style=\"padding-top:var(--wp--preset--spacing--50);padding-right:var(--wp--preset--spacing--40);padding-bottom:var(--wp--preset--spacing--50);padding-left:var(--wp--preset--spacing--40)\">\n<h3 class=\"wp-block-heading\">S\u00e9curit\u00e9<\/h3>\n\n\n\n<p>L\u2019architecture \u00e0 trois tiers mise en place assure \u00e9volutivit\u00e9 et s\u00e9curit\u00e9 sur les derni\u00e8res technologies.<\/p>\n<\/div>\n<\/div>\n<\/div>\n\n\n\n<div class=\"is-layout-flex wp-container-26 wp-block-columns\">\n<div class=\"is-layout-flow wp-block-column\">\n<div class=\"is-content-justification-left is-layout-constrained wp-container-20 wp-block-group card card-inverse shape-top-right\" style=\"padding-top:var(--wp--preset--spacing--50);padding-right:var(--wp--preset--spacing--40);padding-bottom:var(--wp--preset--spacing--50);padding-left:var(--wp--preset--spacing--40)\">\n<h3 class=\"wp-block-heading\">Productivit\u00e9<\/h3>\n\n\n\n<p>Les \u00e9quipes sont efficaces gr\u00e2ce aux temps de r\u00e9ponse r\u00e9duits, \u00e0 l\u2019ergonomie des interfaces et \u00e0 l\u2019automatisation des flux.<\/p>\n<\/div>\n<\/div>\n\n\n\n<div class=\"is-layout-flow wp-block-column\">\n<div class=\"is-content-justification-left is-layout-constrained wp-container-22 wp-block-group card shape-bottom-left\" style=\"padding-top:var(--wp--preset--spacing--50);padding-right:var(--wp--preset--spacing--40);padding-bottom:var(--wp--preset--spacing--50);padding-left:var(--wp--preset--spacing--40)\">\n<h3 class=\"wp-block-heading\">Orient\u00e9 m\u00e9tier<\/h3>\n\n\n\n<p>Open a \u00e9t\u00e9 con\u00e7u par des gestionnaires pour des gestionnaires. Son architecture est nativement celle d\u2019un logiciel destin\u00e9 \u00e0 l\u2019Assurance de Personnes.<\/p>\n<\/div>\n<\/div>\n\n\n\n<div class=\"is-layout-flow wp-block-column\">\n<div class=\"is-content-justification-left is-layout-constrained wp-container-24 wp-block-group card shape-top-right\" style=\"padding-top:var(--wp--preset--spacing--50);padding-right:var(--wp--preset--spacing--40);padding-bottom:var(--wp--preset--spacing--50);padding-left:var(--wp--preset--spacing--40)\">\n<h3 class=\"wp-block-heading\">Selfcare<\/h3>\n\n\n\n<p>Nouvelles fonctionnalit\u00e9s pour les assur\u00e9s, professionnels de sant\u00e9, entreprises et apporteurs qui r\u00e9alisent de plus en plus de t\u00e2ches en toute autonomie.<\/p>\n<\/div>\n<\/div>\n<\/div>\n\n\n\n<div class=\"is-layout-flex wp-container-32 wp-block-columns\">\n<div class=\"is-layout-flow wp-block-column\">\n<div class=\"is-content-justification-left is-layout-constrained wp-container-27 wp-block-group card shape-top-right\" style=\"padding-top:var(--wp--preset--spacing--50);padding-right:var(--wp--preset--spacing--40);padding-bottom:var(--wp--preset--spacing--50);padding-left:var(--wp--preset--spacing--40)\">\n<h3 class=\"wp-block-heading\">Relation client<\/h3>\n\n\n\n<p>Un support utilisateur de qualit\u00e9 capable de discuter tant de probl\u00e9matiques fonctionnelles que techniques et informatiques.<\/p>\n<\/div>\n<\/div>\n\n\n\n<div class=\"is-layout-flow wp-block-column\">\n<div class=\"is-content-justification-left is-layout-constrained wp-container-29 wp-block-group card card-inverse shape-bottom-right\" style=\"padding-top:var(--wp--preset--spacing--50);padding-right:var(--wp--preset--spacing--40);padding-bottom:var(--wp--preset--spacing--50);padding-left:var(--wp--preset--spacing--40)\">\n<h3 class=\"wp-block-heading\">Club utilisateurs<\/h3>\n\n\n\n<p>Anticipation des \u00e9volutions r\u00e9glementaires et fonctionnelles.<\/p>\n<\/div>\n<\/div>\n\n\n\n<div class=\"is-layout-flow wp-block-column\"><\/div>\n<\/div>\n<\/div>\n","protected":false},"excerpt":{"rendered":"<p>Votre solution back office pour la gestion des contrats sant\u00e9 et pr\u00e9voyance Notre Offre Open by heka Progiciel industriel couvrant [&hellip;]<\/p>\n","protected":false},"author":1,"featured_media":0,"parent":329,"menu_order":0,"comment_status":"closed","ping_status":"closed","template":"","meta":{"site-sidebar-layout":"default","site-content-layout":"","ast-site-content-layout":"default","site-content-style":"default","site-sidebar-style":"default","ast-global-header-display":"","ast-banner-title-visibility":"","ast-main-header-display":"","ast-hfb-above-header-display":"","ast-hfb-below-header-display":"","ast-hfb-mobile-header-display":"","site-post-title":"","ast-breadcrumbs-content":"","ast-featured-img":"","footer-sml-layout":"","ast-disable-related-posts":"","theme-transparent-header-meta":"","adv-header-id-meta":"","stick-header-meta":"","header-above-stick-meta":"","header-main-stick-meta":"","header-below-stick-meta":"","astra-migrate-meta-layouts":"default","ast-page-background-enabled":"default","ast-page-background-meta":{"desktop":{"background-color":"var(--ast-global-color-5)","background-image":"","background-repeat":"repeat","background-position":"center center","background-size":"auto","background-attachment":"scroll","background-type":"","background-media":"","overlay-type":"","overlay-color":"","overlay-opacity":"","overlay-gradient":""},"tablet":{"background-color":"","background-image":"","background-repeat":"repeat","background-position":"center center","background-size":"auto","background-attachment":"scroll","background-type":"","background-media":"","overlay-type":"","overlay-color":"","overlay-opacity":"","overlay-gradient":""},"mobile":{"background-color":"","background-image":"","background-repeat":"repeat","background-position":"center center","background-size":"auto","background-attachment":"scroll","background-type":"","background-media":"","overlay-type":"","overlay-color":"","overlay-opacity":"","overlay-gradient":""}},"ast-content-background-meta":{"desktop":{"background-color":"var(--ast-global-color-4)","background-image":"","background-repeat":"repeat","background-position":"center center","background-size":"auto","background-attachment":"scroll","background-type":"","background-media":"","overlay-type":"","overlay-color":"","overlay-opacity":"","overlay-gradient":""},"tablet":{"background-color":"var(--ast-global-color-4)","background-image":"","background-repeat":"repeat","background-position":"center center","background-size":"auto","background-attachment":"scroll","background-type":"","background-media":"","overlay-type":"","overlay-color":"","overlay-opacity":"","overlay-gradient":""},"mobile":{"background-color":"var(--ast-global-color-4)","background-image":"","background-repeat":"repeat","background-position":"center center","background-size":"auto","background-attachment":"scroll","background-type":"","background-media":"","overlay-type":"","overlay-color":"","overlay-opacity":"","overlay-gradient":""}}},"_links":{"self":[{"href":"https:\/\/www.heka-assurances.com\/index.php\/wp-json\/wp\/v2\/pages\/393"}],"collection":[{"href":"https:\/\/www.heka-assurances.com\/index.php\/wp-json\/wp\/v2\/pages"}],"about":[{"href":"https:\/\/www.heka-assurances.com\/index.php\/wp-json\/wp\/v2\/types\/page"}],"author":[{"embeddable":true,"href":"https:\/\/www.heka-assurances.com\/index.php\/wp-json\/wp\/v2\/users\/1"}],"replies":[{"embeddable":true,"href":"https:\/\/www.heka-assurances.com\/index.php\/wp-json\/wp\/v2\/comments?post=393"}],"version-history":[{"count":26,"href":"https:\/\/www.heka-assurances.com\/index.php\/wp-json\/wp\/v2\/pages\/393\/revisions"}],"predecessor-version":[{"id":2237,"href":"https:\/\/www.heka-assurances.com\/index.php\/wp-json\/wp\/v2\/pages\/393\/revisions\/2237"}],"up":[{"embeddable":true,"href":"https:\/\/www.heka-assurances.com\/index.php\/wp-json\/wp\/v2\/pages\/329"}],"wp:attachment":[{"href":"https:\/\/www.heka-assurances.com\/index.php\/wp-json\/wp\/v2\/media?parent=393"}],"curies":[{"name":"wp","href":"https:\/\/api.w.org\/{rel}","templated":true}]}}