{"id":388,"date":"2025-03-20T08:35:06","date_gmt":"2025-03-20T08:35:06","guid":{"rendered":"http:\/\/localhost:8888\/MAMP\/heka\/?page_id=388"},"modified":"2025-03-27T14:56:55","modified_gmt":"2025-03-27T14:56:55","slug":"maitrise-du-risque","status":"publish","type":"page","link":"https:\/\/www.heka-assurances.com\/index.php\/offres-heka\/services\/maitrise-du-risque\/","title":{"rendered":"Ma\u00eetrise du risque"},"content":{"rendered":"\n<div class=\"is-layout-constrained wp-container-1 wp-block-group has-custom-services-background-color has-background\" style=\"margin-top:0;margin-bottom:0;padding-top:var(--wp--preset--spacing--40);padding-right:var(--wp--preset--spacing--50);padding-bottom:var(--wp--preset--spacing--40);padding-left:var(--wp--preset--spacing--50)\">\n<figure class=\"wp-block-image aligncenter size-full is-resized\"><img decoding=\"async\" loading=\"lazy\" width=\"631\" height=\"636\" src=\"https:\/\/www.heka-assurances.com\/wp-content\/uploads\/2025\/03\/gold.png\" alt=\"\" class=\"wp-image-2028\" style=\"width:52px\" srcset=\"https:\/\/www.heka-assurances.com\/wp-content\/uploads\/2025\/03\/gold.png 631w, https:\/\/www.heka-assurances.com\/wp-content\/uploads\/2025\/03\/gold-298x300.png 298w, https:\/\/www.heka-assurances.com\/wp-content\/uploads\/2025\/03\/gold-150x150.png 150w, https:\/\/www.heka-assurances.com\/wp-content\/uploads\/2025\/03\/gold-75x75.png 75w\" sizes=\"(max-width: 631px) 100vw, 631px\" \/><\/figure>\n\n\n\n<p class=\"wp-elements-3f297934b19f2cbab13f93876d067e7e has-text-align-center has-base-color has-text-color has-link-color has-medium-font-size\">R\u00e9seaux de soins, r\u00e9gulation tarifaire et outils industriels de lutte contre la fraude, <br>abus et erreur&nbsp;pour des soins de qualit\u00e9 au meilleur co\u00fbt.<\/p>\n<\/div>\n\n\n\n<div class=\"is-layout-constrained wp-container-3 wp-block-group\" style=\"padding-top:var(--wp--preset--spacing--40);padding-right:var(--wp--preset--spacing--50);padding-bottom:var(--wp--preset--spacing--40);padding-left:var(--wp--preset--spacing--50)\">\n<h2 class=\"wp-block-heading has-text-align-center hidden-element\"><em>Notre<\/em> Offre <strong>de ma\u00eetrise du risque<\/strong><\/h2>\n\n\n\n<div class=\"is-layout-constrained wp-block-group card card-inverse shape-bottom-right\" style=\"margin-top:var(--wp--preset--spacing--50);margin-bottom:var(--wp--preset--spacing--50);padding-top:var(--wp--preset--spacing--50);padding-right:var(--wp--preset--spacing--40);padding-bottom:var(--wp--preset--spacing--50);padding-left:var(--wp--preset--spacing--40)\">\n<h3 class=\"wp-block-heading\">Connexion avec l\u2019ensemble des plateformes de r\u00e9seaux du march\u00e9 <\/h3>\n\n\n\n<p>Heka s\u2019interfa\u00e7e avec l\u2019ensemble des plateformes de r\u00e9seaux du march\u00e9 sans surco\u00fbt.<\/p>\n<\/div>\n<\/div>\n\n\n\n<div class=\"is-layout-constrained wp-container-15 wp-block-group\" style=\"padding-right:var(--wp--preset--spacing--50);padding-left:var(--wp--preset--spacing--50)\">\n<div class=\"is-layout-flex wp-container-14 wp-block-columns\">\n<div class=\"is-layout-flow wp-block-column\" style=\"padding-bottom:var(--wp--preset--spacing--70)\" id=\"ImgZone\">\n<figure class=\"wp-block-image size-large hidden-element\"><img decoding=\"async\" loading=\"lazy\" width=\"1024\" height=\"683\" src=\"https:\/\/www.heka-assurances.com\/wp-content\/uploads\/2025\/02\/img4-1024x683.png\" alt=\"\" class=\"wp-image-1215\" srcset=\"https:\/\/www.heka-assurances.com\/wp-content\/uploads\/2025\/02\/img4-1024x683.png 1024w, https:\/\/www.heka-assurances.com\/wp-content\/uploads\/2025\/02\/img4-300x200.png 300w, https:\/\/www.heka-assurances.com\/wp-content\/uploads\/2025\/02\/img4-768x512.png 768w, https:\/\/www.heka-assurances.com\/wp-content\/uploads\/2025\/02\/img4.png 1500w\" sizes=\"(max-width: 1024px) 100vw, 1024px\" \/><\/figure>\n\n\n\n<div id=\"Position1\" class=\"is-content-justification-left is-layout-constrained wp-container-6 wp-block-group card card-hover shape-bottom-right\" style=\"padding-top:var(--wp--preset--spacing--50);padding-right:var(--wp--preset--spacing--50);padding-bottom:var(--wp--preset--spacing--50);padding-left:var(--wp--preset--spacing--50)\">\n<div class=\"is-nowrap is-layout-flex wp-container-4 wp-block-group\">\n<figure class=\"wp-block-image aligncenter size-full is-resized\"><img decoding=\"async\" loading=\"lazy\" width=\"391\" height=\"391\" src=\"https:\/\/www.heka-assurances.com\/wp-content\/uploads\/2025\/02\/shape-services.png\" alt=\"\" class=\"wp-image-1193\" style=\"width:32px\" srcset=\"https:\/\/www.heka-assurances.com\/wp-content\/uploads\/2025\/02\/shape-services.png 391w, https:\/\/www.heka-assurances.com\/wp-content\/uploads\/2025\/02\/shape-services-300x300.png 300w, https:\/\/www.heka-assurances.com\/wp-content\/uploads\/2025\/02\/shape-services-150x150.png 150w\" sizes=\"(max-width: 391px) 100vw, 391px\" \/><\/figure>\n\n\n\n<h3 class=\"wp-block-heading\">R\u00e9seaux tarifaires<\/h3>\n<\/div>\n\n\n\n<p>Optilys le plus vaste r\u00e9seau de professionnels de sant\u00e9 du march\u00e9 en optique, dentaire et audio-proth\u00e8se.<\/p>\n\n\n\n<div class=\"is-layout-flex wp-block-buttons\">\n<div class=\"wp-block-button has-custom-font-size is-style-fill has-small-font-size\"><a class=\"wp-block-button__link has-contrast-color has-base-background-color has-text-color has-background has-link-color wp-element-button\" href=\"https:\/\/www.heka-assurances.com\/index.php\/offres-heka\/services\/maitrise-du-risque\/reseau-tarifaire\/\" style=\"padding-top:8px;padding-bottom:8px\">En savoir plus<\/a><\/div>\n<\/div>\n<\/div>\n\n\n\n<div id=\"Position2\" class=\"is-content-justification-left is-layout-constrained wp-container-9 wp-block-group card card-hover shape-top-right\" style=\"padding-top:var(--wp--preset--spacing--50);padding-right:var(--wp--preset--spacing--50);padding-bottom:var(--wp--preset--spacing--50);padding-left:var(--wp--preset--spacing--50)\">\n<div class=\"is-nowrap is-layout-flex wp-container-7 wp-block-group\">\n<figure class=\"wp-block-image aligncenter size-full is-resized\"><img decoding=\"async\" loading=\"lazy\" width=\"391\" height=\"391\" src=\"https:\/\/www.heka-assurances.com\/wp-content\/uploads\/2025\/03\/image.png\" alt=\"L\u2019attribut alt de cette image est vide, son nom de fichier est shape-services.png.\" class=\"wp-image-1942\" style=\"width:32px\" srcset=\"https:\/\/www.heka-assurances.com\/wp-content\/uploads\/2025\/03\/image.png 391w, https:\/\/www.heka-assurances.com\/wp-content\/uploads\/2025\/03\/image-300x300.png 300w, https:\/\/www.heka-assurances.com\/wp-content\/uploads\/2025\/03\/image-150x150.png 150w, https:\/\/www.heka-assurances.com\/wp-content\/uploads\/2025\/03\/image-75x75.png 75w\" sizes=\"(max-width: 391px) 100vw, 391px\" \/><\/figure>\n\n\n\n<h3 class=\"wp-block-heading\"><strong>Service M\u00e9dical Dentaire<\/strong><\/h3>\n<\/div>\n\n\n\n<p>Service M\u00e9dical Dentaire (SMD) est un dispositif d\u2019accompagnement des patients pour un juste honoraire avec les meilleurs soins.<\/p>\n\n\n\n<div class=\"is-layout-flex wp-block-buttons\">\n<div class=\"wp-block-button has-custom-font-size is-style-outline has-small-font-size\"><a class=\"wp-block-button__link has-contrast-color has-base-background-color has-text-color has-background has-link-color wp-element-button\" href=\"https:\/\/www.heka-assurances.com\/index.php\/offres-heka\/services\/maitrise-du-risque\/smd\/\" style=\"padding-top:8px;padding-bottom:8px\">En savoir plus<\/a><\/div>\n<\/div>\n<\/div>\n\n\n\n<div id=\"Position3\" class=\"is-content-justification-left is-layout-constrained wp-container-12 wp-block-group card card-hover shape-bottom-right\" style=\"padding-top:var(--wp--preset--spacing--50);padding-right:var(--wp--preset--spacing--50);padding-bottom:var(--wp--preset--spacing--50);padding-left:var(--wp--preset--spacing--50)\">\n<div class=\"is-horizontal is-content-justification-left is-nowrap is-layout-flex wp-container-10 wp-block-group\">\n<figure class=\"wp-block-image aligncenter size-full is-resized\"><img decoding=\"async\" loading=\"lazy\" width=\"391\" height=\"391\" src=\"https:\/\/www.heka-assurances.com\/wp-content\/uploads\/2025\/02\/shape-services.png\" alt=\"\" class=\"wp-image-1193\" style=\"width:32px\" srcset=\"https:\/\/www.heka-assurances.com\/wp-content\/uploads\/2025\/02\/shape-services.png 391w, https:\/\/www.heka-assurances.com\/wp-content\/uploads\/2025\/02\/shape-services-300x300.png 300w, https:\/\/www.heka-assurances.com\/wp-content\/uploads\/2025\/02\/shape-services-150x150.png 150w\" sizes=\"(max-width: 391px) 100vw, 391px\" \/><\/figure>\n\n\n\n<h3 class=\"wp-block-heading\"><strong>Lutte contre la fraude, abus et erreur<\/strong><\/h3>\n<\/div>\n\n\n\n<p>Une solution de d\u00e9tection industrialis\u00e9e&nbsp;et un savoir-faire performant et \u00e9prouv\u00e9 aupr\u00e8s de nos clients <br>couvrant les aspects d\u00e9tection et investigation dans la lutte contre la fraude, abus et erreur.<\/p>\n\n\n\n<div class=\"is-layout-flex wp-block-buttons\">\n<div class=\"wp-block-button has-custom-font-size is-style-outline has-small-font-size\"><a class=\"wp-block-button__link has-contrast-color has-base-background-color has-text-color has-background has-link-color wp-element-button\" href=\"https:\/\/www.heka-assurances.com\/index.php\/offres-heka\/services\/maitrise-du-risque\/lutte-contre-la-fraude\/\" style=\"padding-top:8px;padding-bottom:8px\">En savoir plus<\/a><\/div>\n<\/div>\n<\/div>\n<\/div>\n<\/div>\n<\/div>\n","protected":false},"excerpt":{"rendered":"<p>R\u00e9seaux de soins, r\u00e9gulation tarifaire et outils industriels de lutte contre la fraude, abus et erreur&nbsp;pour des soins de qualit\u00e9 [&hellip;]<\/p>\n","protected":false},"author":1,"featured_media":0,"parent":335,"menu_order":0,"comment_status":"closed","ping_status":"closed","template":"","meta":{"site-sidebar-layout":"default","site-content-layout":"","ast-site-content-layout":"default","site-content-style":"default","site-sidebar-style":"default","ast-global-header-display":"","ast-banner-title-visibility":"","ast-main-header-display":"","ast-hfb-above-header-display":"","ast-hfb-below-header-display":"","ast-hfb-mobile-header-display":"","site-post-title":"","ast-breadcrumbs-content":"","ast-featured-img":"","footer-sml-layout":"","ast-disable-related-posts":"","theme-transparent-header-meta":"","adv-header-id-meta":"","stick-header-meta":"","header-above-stick-meta":"","header-main-stick-meta":"","header-below-stick-meta":"","astra-migrate-meta-layouts":"default","ast-page-background-enabled":"default","ast-page-background-meta":{"desktop":{"background-color":"var(--ast-global-color-5)","background-image":"","background-repeat":"repeat","background-position":"center center","background-size":"auto","background-attachment":"scroll","background-type":"","background-media":"","overlay-type":"","overlay-color":"","overlay-opacity":"","overlay-gradient":""},"tablet":{"background-color":"","background-image":"","background-repeat":"repeat","background-position":"center center","background-size":"auto","background-attachment":"scroll","background-type":"","background-media":"","overlay-type":"","overlay-color":"","overlay-opacity":"","overlay-gradient":""},"mobile":{"background-color":"","background-image":"","background-repeat":"repeat","background-position":"center center","background-size":"auto","background-attachment":"scroll","background-type":"","background-media":"","overlay-type":"","overlay-color":"","overlay-opacity":"","overlay-gradient":""}},"ast-content-background-meta":{"desktop":{"background-color":"var(--ast-global-color-4)","background-image":"","background-repeat":"repeat","background-position":"center center","background-size":"auto","background-attachment":"scroll","background-type":"","background-media":"","overlay-type":"","overlay-color":"","overlay-opacity":"","overlay-gradient":""},"tablet":{"background-color":"var(--ast-global-color-4)","background-image":"","background-repeat":"repeat","background-position":"center center","background-size":"auto","background-attachment":"scroll","background-type":"","background-media":"","overlay-type":"","overlay-color":"","overlay-opacity":"","overlay-gradient":""},"mobile":{"background-color":"var(--ast-global-color-4)","background-image":"","background-repeat":"repeat","background-position":"center center","background-size":"auto","background-attachment":"scroll","background-type":"","background-media":"","overlay-type":"","overlay-color":"","overlay-opacity":"","overlay-gradient":""}}},"_links":{"self":[{"href":"https:\/\/www.heka-assurances.com\/index.php\/wp-json\/wp\/v2\/pages\/388"}],"collection":[{"href":"https:\/\/www.heka-assurances.com\/index.php\/wp-json\/wp\/v2\/pages"}],"about":[{"href":"https:\/\/www.heka-assurances.com\/index.php\/wp-json\/wp\/v2\/types\/page"}],"author":[{"embeddable":true,"href":"https:\/\/www.heka-assurances.com\/index.php\/wp-json\/wp\/v2\/users\/1"}],"replies":[{"embeddable":true,"href":"https:\/\/www.heka-assurances.com\/index.php\/wp-json\/wp\/v2\/comments?post=388"}],"version-history":[{"count":29,"href":"https:\/\/www.heka-assurances.com\/index.php\/wp-json\/wp\/v2\/pages\/388\/revisions"}],"predecessor-version":[{"id":2239,"href":"https:\/\/www.heka-assurances.com\/index.php\/wp-json\/wp\/v2\/pages\/388\/revisions\/2239"}],"up":[{"embeddable":true,"href":"https:\/\/www.heka-assurances.com\/index.php\/wp-json\/wp\/v2\/pages\/335"}],"wp:attachment":[{"href":"https:\/\/www.heka-assurances.com\/index.php\/wp-json\/wp\/v2\/media?parent=388"}],"curies":[{"name":"wp","href":"https:\/\/api.w.org\/{rel}","templated":true}]}}