{"id":386,"date":"2025-03-20T08:35:06","date_gmt":"2025-03-20T08:35:06","guid":{"rendered":"http:\/\/localhost:8888\/MAMP\/heka\/?page_id=386"},"modified":"2025-03-20T08:35:06","modified_gmt":"2025-03-20T08:35:06","slug":"debordement","status":"publish","type":"page","link":"https:\/\/www.heka-assurances.com\/index.php\/offres-heka\/services\/debordement\/","title":{"rendered":"D\u00e9bordement"},"content":{"rendered":"\n<div class=\"is-layout-constrained wp-container-1 wp-block-group has-custom-services-background-color has-background\" style=\"margin-top:0;margin-bottom:0;padding-top:var(--wp--preset--spacing--40);padding-right:var(--wp--preset--spacing--50);padding-bottom:var(--wp--preset--spacing--40);padding-left:var(--wp--preset--spacing--50)\">\n<figure class=\"wp-block-image aligncenter size-full is-resized\"><img decoding=\"async\" loading=\"lazy\" width=\"631\" height=\"636\" src=\"https:\/\/www.heka-assurances.com\/wp-content\/uploads\/2025\/03\/gold.png\" alt=\"\" class=\"wp-image-2028\" style=\"width:52px\" srcset=\"https:\/\/www.heka-assurances.com\/wp-content\/uploads\/2025\/03\/gold.png 631w, https:\/\/www.heka-assurances.com\/wp-content\/uploads\/2025\/03\/gold-298x300.png 298w, https:\/\/www.heka-assurances.com\/wp-content\/uploads\/2025\/03\/gold-150x150.png 150w, https:\/\/www.heka-assurances.com\/wp-content\/uploads\/2025\/03\/gold-75x75.png 75w\" sizes=\"(max-width: 631px) 100vw, 631px\" \/><\/figure>\n\n\n\n<p class=\"wp-elements-d8b40b1ecfa79e84064b856a585835d4 has-text-align-center has-base-color has-text-color has-link-color has-medium-font-size\">Une offre sur-mesure <br>pour g\u00e9rer sereinement vos pics d\u2019activit\u00e9.<\/p>\n<\/div>\n\n\n\n<div class=\"is-layout-constrained wp-container-2 wp-block-group\" style=\"padding-top:var(--wp--preset--spacing--40);padding-right:var(--wp--preset--spacing--50);padding-bottom:var(--wp--preset--spacing--40);padding-left:var(--wp--preset--spacing--50)\">\n<h2 class=\"wp-block-heading has-text-align-center hidden-element\"><em>Notre<\/em> Offre <strong>de d\u00e9bordement<\/strong><\/h2>\n<\/div>\n\n\n\n<div class=\"is-layout-constrained wp-container-8 wp-block-group\" style=\"padding-right:var(--wp--preset--spacing--50);padding-left:var(--wp--preset--spacing--50)\">\n<div class=\"is-layout-flex wp-container-7 wp-block-columns\">\n<div class=\"is-layout-flow wp-block-column\" style=\"padding-bottom:0\" id=\"ImgZone\">\n<figure class=\"wp-block-image size-large hidden-element\"><img decoding=\"async\" loading=\"lazy\" width=\"1024\" height=\"614\" src=\"https:\/\/www.heka-assurances.com\/wp-content\/uploads\/2025\/02\/img2-1024x614.png\" alt=\"\" class=\"wp-image-1213\" srcset=\"https:\/\/www.heka-assurances.com\/wp-content\/uploads\/2025\/02\/img2-1024x614.png 1024w, https:\/\/www.heka-assurances.com\/wp-content\/uploads\/2025\/02\/img2-300x180.png 300w, https:\/\/www.heka-assurances.com\/wp-content\/uploads\/2025\/02\/img2-768x461.png 768w, https:\/\/www.heka-assurances.com\/wp-content\/uploads\/2025\/02\/img2.png 1500w\" sizes=\"(max-width: 1024px) 100vw, 1024px\" \/><\/figure>\n\n\n\n<div id=\"Position1\" class=\"is-content-justification-left is-layout-constrained wp-container-3 wp-block-group card shape-bottom-right\" style=\"padding-top:var(--wp--preset--spacing--50);padding-right:var(--wp--preset--spacing--50);padding-bottom:var(--wp--preset--spacing--50);padding-left:var(--wp--preset--spacing--50)\">\n<h3 class=\"wp-block-heading\"><strong>Anticipation et r\u00e9action<\/strong><\/h3>\n\n\n\n<p>Un syst\u00e8me de Management des Risques Op\u00e9rationnels certifi\u00e9 ISAE3402 type II<\/p>\n<\/div>\n\n\n\n<div id=\"Position2\" class=\"is-content-justification-left is-layout-constrained wp-container-4 wp-block-group card shape-top-right\" style=\"padding-top:var(--wp--preset--spacing--50);padding-right:var(--wp--preset--spacing--50);padding-bottom:var(--wp--preset--spacing--50);padding-left:var(--wp--preset--spacing--50)\">\n<h3 class=\"wp-block-heading\"><strong>Planification et pilotage du r\u00e9sultat<\/strong><\/h3>\n\n\n\n<p>Consolidation et analyse avec mise en place d\u2019actions correctives.<\/p>\n<\/div>\n\n\n\n<div id=\"Position3\" class=\"is-content-justification-left is-layout-constrained wp-container-5 wp-block-group card card-inverse shape-bottom-right\" style=\"padding-top:var(--wp--preset--spacing--50);padding-right:var(--wp--preset--spacing--50);padding-bottom:var(--wp--preset--spacing--50);padding-left:var(--wp--preset--spacing--50)\">\n<h3 class=\"wp-block-heading\"><strong>Agilit\u00e9 et exigence<\/strong><\/h3>\n\n\n\n<p>Une flexibilit\u00e9 du dispositif en fonction de l\u2019\u00e9volution des volumes et des p\u00e9rim\u00e8tres confi\u00e9s.<\/p>\n<\/div>\n<\/div>\n<\/div>\n<\/div>\n\n\n\n<div class=\"is-layout-constrained wp-container-14 wp-block-group\" style=\"padding-right:var(--wp--preset--spacing--50);padding-left:var(--wp--preset--spacing--50)\">\n<div class=\"is-layout-flex wp-container-13 wp-block-columns\">\n<div class=\"is-layout-flow wp-block-column\">\n<div class=\"is-content-justification-left is-layout-constrained wp-container-9 wp-block-group card shape-bottom-right\" style=\"padding-top:var(--wp--preset--spacing--50);padding-right:var(--wp--preset--spacing--50);padding-bottom:var(--wp--preset--spacing--50);padding-left:var(--wp--preset--spacing--50)\">\n<h3 class=\"wp-block-heading\"><strong><strong>Efficacit\u00e9 et qualit\u00e9<\/strong><\/strong><\/h3>\n\n\n\n<p>Politique <strong>\u00ab 0 stock, 0 d\u00e9lai, 0 d\u00e9faut \u00bb <\/strong>afin de fournir une qualit\u00e9 de service irr\u00e9prochable sur l\u2019ensemble des processus op\u00e9r\u00e9s.<\/p>\n<\/div>\n<\/div>\n\n\n\n<div class=\"is-layout-flow wp-block-column\">\n<div class=\"is-content-justification-left is-layout-constrained wp-container-11 wp-block-group card card-inverse shape-bottom-right\" style=\"padding-top:var(--wp--preset--spacing--50);padding-right:var(--wp--preset--spacing--50);padding-bottom:var(--wp--preset--spacing--50);padding-left:var(--wp--preset--spacing--50)\">\n<h3 class=\"wp-block-heading\"><strong><strong><strong>Savoir-faire et exp\u00e9rience<\/strong><\/strong><\/strong><\/h3>\n\n\n\n<p>Une expertise 360\u00b0 de la protection sociale.<\/p>\n<\/div>\n<\/div>\n<\/div>\n<\/div>\n\n\n\n<div class=\"separator my-9\"><\/div>\n\n\n\n<div style=\"height:50px\" aria-hidden=\"true\" class=\"wp-block-spacer\"><\/div>\n\n\n\n<div class=\"is-layout-constrained wp-container-22 wp-block-group\" style=\"padding-right:var(--wp--preset--spacing--50);padding-left:var(--wp--preset--spacing--50)\">\n<h2 class=\"wp-block-heading has-text-align-center hidden-element\">Les 3 piliers<strong> de la performance<\/strong><\/h2>\n\n\n\n<div class=\"is-layout-flex wp-container-21 wp-block-columns shape-bottom-right hidden-element has-accent-5-background-color has-background\" style=\"border-radius:12px;padding-top:var(--wp--preset--spacing--40);padding-right:var(--wp--preset--spacing--40);padding-bottom:var(--wp--preset--spacing--40);padding-left:var(--wp--preset--spacing--40)\">\n<div class=\"is-layout-flow wp-block-column\">\n<div class=\"is-content-justification-left is-layout-constrained wp-container-15 wp-block-group\" style=\"padding-top:var(--wp--preset--spacing--50);padding-right:var(--wp--preset--spacing--50);padding-bottom:var(--wp--preset--spacing--50);padding-left:var(--wp--preset--spacing--50)\">\n<h3 class=\"wp-block-heading has-text-align-center\"><strong><strong>Management <\/strong><\/strong><br><strong><strong>des Ressources <\/strong><\/strong><strong><strong>Humaines<\/strong><\/strong><\/h3>\n<\/div>\n<\/div>\n\n\n\n<div class=\"is-layout-flow wp-block-column\">\n<div class=\"is-content-justification-left is-layout-constrained wp-container-17 wp-block-group\" style=\"padding-top:var(--wp--preset--spacing--50);padding-right:var(--wp--preset--spacing--50);padding-bottom:var(--wp--preset--spacing--50);padding-left:var(--wp--preset--spacing--50)\">\n<h3 class=\"wp-block-heading has-text-align-center\"><strong><strong><strong><strong>Syst\u00e8me de ma\u00eetrise <\/strong><\/strong><\/strong><\/strong><br><strong><strong><strong><strong>des risques <\/strong><\/strong><\/strong><\/strong><strong><strong><strong><strong>op\u00e9rationnels<\/strong><\/strong><\/strong><\/strong><\/h3>\n<\/div>\n<\/div>\n\n\n\n<div class=\"is-layout-flow wp-block-column\">\n<div class=\"is-content-justification-left is-layout-constrained wp-container-19 wp-block-group\" style=\"padding-top:var(--wp--preset--spacing--50);padding-right:var(--wp--preset--spacing--50);padding-bottom:var(--wp--preset--spacing--50);padding-left:var(--wp--preset--spacing--50)\">\n<h3 class=\"wp-block-heading has-text-align-center\"><strong>Planification <\/strong><br><strong>et pilotage <\/strong><strong>du r\u00e9sultat<\/strong><\/h3>\n<\/div>\n<\/div>\n<\/div>\n<\/div>\n\n\n\n<div class=\"separator my-9\"><\/div>\n\n\n\n<div style=\"height:20px\" aria-hidden=\"true\" class=\"wp-block-spacer\"><\/div>\n\n\n\n<div class=\"is-layout-constrained wp-container-30 wp-block-group\" style=\"padding-right:var(--wp--preset--spacing--50);padding-left:var(--wp--preset--spacing--50)\">\n<h2 class=\"wp-block-heading has-text-align-center hidden-element\"><em>Nos<\/em> Sites<strong> de production<\/strong><\/h2>\n\n\n\n<div class=\"is-layout-flex wp-container-29 wp-block-columns\">\n<div class=\"is-layout-flow wp-block-column card\" style=\"padding-top:var(--wp--preset--spacing--30);padding-right:var(--wp--preset--spacing--30);padding-bottom:var(--wp--preset--spacing--30);padding-left:var(--wp--preset--spacing--30);flex-basis:50%\">\n<figure class=\"wp-block-image size-full\" style=\"margin-bottom:var(--wp--preset--spacing--40)\"><img decoding=\"async\" loading=\"lazy\" width=\"300\" height=\"140\" src=\"https:\/\/www.heka-assurances.com\/wp-content\/uploads\/2025\/03\/france.png\" alt=\"\" class=\"wp-image-1671\" style=\"object-fit:cover\"\/><\/figure>\n\n\n\n<h3 class=\"wp-block-heading has-large-font-size\"><strong><strong>France<\/strong><\/strong><\/h3>\n\n\n\n<div class=\"is-layout-flex wp-container-25 wp-block-columns\">\n<div class=\"is-layout-flow wp-block-column\">\n<h3 class=\"wp-block-heading is-style-text-subtitle has-medium-font-size\">Clermont-Ferrand<\/h3>\n\n\n\n<p>+ de 50 collaborateurs<br>Langue : fran\u00e7ais<\/p>\n<\/div>\n\n\n\n<div class=\"is-layout-flow wp-block-column\">\n<h3 class=\"wp-block-heading is-style-text-subtitle has-medium-font-size\">Vichy-Lyon<\/h3>\n\n\n\n<p>+ de 50 collaborateurs<br>Langue : fran\u00e7ais<\/p>\n<\/div>\n<\/div>\n<\/div>\n\n\n\n<div class=\"is-layout-flow wp-block-column card\" style=\"padding-top:var(--wp--preset--spacing--30);padding-right:var(--wp--preset--spacing--30);padding-bottom:var(--wp--preset--spacing--30);padding-left:var(--wp--preset--spacing--30);flex-basis:25%\">\n<figure class=\"wp-block-image size-full\" style=\"margin-bottom:var(--wp--preset--spacing--40)\"><img decoding=\"async\" loading=\"lazy\" width=\"300\" height=\"140\" src=\"https:\/\/www.heka-assurances.com\/wp-content\/uploads\/2025\/03\/roumanie.png\" alt=\"\" class=\"wp-image-1672\" style=\"object-fit:cover\"\/><\/figure>\n\n\n\n<h3 class=\"wp-block-heading has-large-font-size\"><strong>Roumanie<\/strong> &#8211; UE<\/h3>\n\n\n\n<p class=\"is-style-text-subtitle has-medium-font-size\">500&nbsp; collaborateurs<br>Langue : Multilingue<\/p>\n<\/div>\n\n\n\n<div class=\"is-layout-flow wp-block-column card\" style=\"padding-top:var(--wp--preset--spacing--30);padding-right:var(--wp--preset--spacing--30);padding-bottom:var(--wp--preset--spacing--30);padding-left:var(--wp--preset--spacing--30);flex-basis:25%\">\n<figure class=\"wp-block-image size-full\" style=\"margin-right:0;margin-bottom:var(--wp--preset--spacing--40);margin-left:0\"><img decoding=\"async\" loading=\"lazy\" width=\"300\" height=\"140\" src=\"https:\/\/www.heka-assurances.com\/wp-content\/uploads\/2025\/03\/madagascar.png\" alt=\"\" class=\"wp-image-1673\"\/><\/figure>\n\n\n\n<h3 class=\"wp-block-heading has-large-font-size\">Madagascar<\/h3>\n\n\n\n<p class=\"is-style-text-subtitle has-medium-font-size\">2 sites : <br>1500 collaborateurs<br>Langues : fran\u00e7ais\/anglais<\/p>\n<\/div>\n<\/div>\n<\/div>\n","protected":false},"excerpt":{"rendered":"<p>Une offre sur-mesure pour g\u00e9rer sereinement vos pics d\u2019activit\u00e9. Notre Offre de d\u00e9bordement Anticipation et r\u00e9action Un syst\u00e8me de Management [&hellip;]<\/p>\n","protected":false},"author":1,"featured_media":0,"parent":335,"menu_order":0,"comment_status":"closed","ping_status":"closed","template":"","meta":{"site-sidebar-layout":"default","site-content-layout":"","ast-site-content-layout":"default","site-content-style":"default","site-sidebar-style":"default","ast-global-header-display":"","ast-banner-title-visibility":"","ast-main-header-display":"","ast-hfb-above-header-display":"","ast-hfb-below-header-display":"","ast-hfb-mobile-header-display":"","site-post-title":"","ast-breadcrumbs-content":"","ast-featured-img":"","footer-sml-layout":"","ast-disable-related-posts":"","theme-transparent-header-meta":"","adv-header-id-meta":"","stick-header-meta":"","header-above-stick-meta":"","header-main-stick-meta":"","header-below-stick-meta":"","astra-migrate-meta-layouts":"default","ast-page-background-enabled":"default","ast-page-background-meta":{"desktop":{"background-color":"var(--ast-global-color-5)","background-image":"","background-repeat":"repeat","background-position":"center center","background-size":"auto","background-attachment":"scroll","background-type":"","background-media":"","overlay-type":"","overlay-color":"","overlay-opacity":"","overlay-gradient":""},"tablet":{"background-color":"","background-image":"","background-repeat":"repeat","background-position":"center center","background-size":"auto","background-attachment":"scroll","background-type":"","background-media":"","overlay-type":"","overlay-color":"","overlay-opacity":"","overlay-gradient":""},"mobile":{"background-color":"","background-image":"","background-repeat":"repeat","background-position":"center center","background-size":"auto","background-attachment":"scroll","background-type":"","background-media":"","overlay-type":"","overlay-color":"","overlay-opacity":"","overlay-gradient":""}},"ast-content-background-meta":{"desktop":{"background-color":"var(--ast-global-color-4)","background-image":"","background-repeat":"repeat","background-position":"center center","background-size":"auto","background-attachment":"scroll","background-type":"","background-media":"","overlay-type":"","overlay-color":"","overlay-opacity":"","overlay-gradient":""},"tablet":{"background-color":"var(--ast-global-color-4)","background-image":"","background-repeat":"repeat","background-position":"center center","background-size":"auto","background-attachment":"scroll","background-type":"","background-media":"","overlay-type":"","overlay-color":"","overlay-opacity":"","overlay-gradient":""},"mobile":{"background-color":"var(--ast-global-color-4)","background-image":"","background-repeat":"repeat","background-position":"center center","background-size":"auto","background-attachment":"scroll","background-type":"","background-media":"","overlay-type":"","overlay-color":"","overlay-opacity":"","overlay-gradient":""}}},"_links":{"self":[{"href":"https:\/\/www.heka-assurances.com\/index.php\/wp-json\/wp\/v2\/pages\/386"}],"collection":[{"href":"https:\/\/www.heka-assurances.com\/index.php\/wp-json\/wp\/v2\/pages"}],"about":[{"href":"https:\/\/www.heka-assurances.com\/index.php\/wp-json\/wp\/v2\/types\/page"}],"author":[{"embeddable":true,"href":"https:\/\/www.heka-assurances.com\/index.php\/wp-json\/wp\/v2\/users\/1"}],"replies":[{"embeddable":true,"href":"https:\/\/www.heka-assurances.com\/index.php\/wp-json\/wp\/v2\/comments?post=386"}],"version-history":[{"count":64,"href":"https:\/\/www.heka-assurances.com\/index.php\/wp-json\/wp\/v2\/pages\/386\/revisions"}],"predecessor-version":[{"id":2095,"href":"https:\/\/www.heka-assurances.com\/index.php\/wp-json\/wp\/v2\/pages\/386\/revisions\/2095"}],"up":[{"embeddable":true,"href":"https:\/\/www.heka-assurances.com\/index.php\/wp-json\/wp\/v2\/pages\/335"}],"wp:attachment":[{"href":"https:\/\/www.heka-assurances.com\/index.php\/wp-json\/wp\/v2\/media?parent=386"}],"curies":[{"name":"wp","href":"https:\/\/api.w.org\/{rel}","templated":true}]}}