{"id":384,"date":"2025-03-20T08:35:06","date_gmt":"2025-03-20T08:35:06","guid":{"rendered":"http:\/\/localhost:8888\/MAMP\/heka\/?page_id=384"},"modified":"2025-03-27T14:54:57","modified_gmt":"2025-03-27T14:54:57","slug":"gestion-deleguee","status":"publish","type":"page","link":"https:\/\/www.heka-assurances.com\/index.php\/offres-heka\/services\/gestion-deleguee\/","title":{"rendered":"Gestion D\u00e9l\u00e9gu\u00e9e"},"content":{"rendered":"\n<div class=\"is-layout-constrained wp-container-1 wp-block-group has-custom-services-background-color has-background\" style=\"margin-top:0;margin-bottom:0;padding-top:var(--wp--preset--spacing--40);padding-right:var(--wp--preset--spacing--50);padding-bottom:var(--wp--preset--spacing--40);padding-left:var(--wp--preset--spacing--50)\">\n<figure class=\"wp-block-image aligncenter size-full is-resized\"><img decoding=\"async\" loading=\"lazy\" width=\"631\" height=\"636\" src=\"https:\/\/www.heka-assurances.com\/wp-content\/uploads\/2025\/03\/gold.png\" alt=\"\" class=\"wp-image-2028\" style=\"width:52px\" srcset=\"https:\/\/www.heka-assurances.com\/wp-content\/uploads\/2025\/03\/gold.png 631w, https:\/\/www.heka-assurances.com\/wp-content\/uploads\/2025\/03\/gold-298x300.png 298w, https:\/\/www.heka-assurances.com\/wp-content\/uploads\/2025\/03\/gold-150x150.png 150w, https:\/\/www.heka-assurances.com\/wp-content\/uploads\/2025\/03\/gold-75x75.png 75w\" sizes=\"(max-width: 631px) 100vw, 631px\" \/><\/figure>\n\n\n\n<p class=\"wp-elements-0c2a4f0f26e910af939108844f453fb8 has-text-align-center has-base-color has-text-color has-link-color has-medium-font-size\">Gestion totale ou partielle pour vous permettre de d\u00e9l\u00e9guer <br>en toute confiance la gestion de vos contrats en marque blanche.<\/p>\n<\/div>\n\n\n\n<div class=\"is-layout-flow wp-block-group\" style=\"padding-top:var(--wp--preset--spacing--40);padding-right:var(--wp--preset--spacing--40);padding-bottom:var(--wp--preset--spacing--40);padding-left:var(--wp--preset--spacing--40)\">\n<h2 class=\"wp-block-heading has-text-align-center hidden-element\"><em>Notre<\/em> Offre <strong>de gestion d\u00e9l\u00e9gu\u00e9e<\/strong><\/h2>\n<\/div>\n\n\n\n<div class=\"is-layout-constrained wp-container-8 wp-block-group\" style=\"padding-right:var(--wp--preset--spacing--50);padding-left:var(--wp--preset--spacing--50)\">\n<div class=\"is-layout-flex wp-container-7 wp-block-columns\">\n<div class=\"is-layout-flow wp-block-column\" style=\"padding-bottom:var(--wp--preset--spacing--70)\" id=\"ImgZone\">\n<figure class=\"wp-block-image size-large hidden-element\"><img decoding=\"async\" loading=\"lazy\" width=\"1024\" height=\"683\" src=\"https:\/\/www.heka-assurances.com\/wp-content\/uploads\/2025\/02\/img1-1024x683.png\" alt=\"\" class=\"wp-image-1212\" srcset=\"https:\/\/www.heka-assurances.com\/wp-content\/uploads\/2025\/02\/img1-1024x683.png 1024w, https:\/\/www.heka-assurances.com\/wp-content\/uploads\/2025\/02\/img1-300x200.png 300w, https:\/\/www.heka-assurances.com\/wp-content\/uploads\/2025\/02\/img1-768x512.png 768w, https:\/\/www.heka-assurances.com\/wp-content\/uploads\/2025\/02\/img1.png 1500w\" sizes=\"(max-width: 1024px) 100vw, 1024px\" \/><\/figure>\n\n\n\n<div id=\"Position1\" class=\"is-content-justification-left is-layout-constrained wp-container-3 wp-block-group card shape-bottom-right\" style=\"padding-top:var(--wp--preset--spacing--50);padding-right:var(--wp--preset--spacing--50);padding-bottom:var(--wp--preset--spacing--50);padding-left:var(--wp--preset--spacing--50)\">\n<h3 class=\"wp-block-heading\">La maitrise des co\u00fbts de gestion<\/h3>\n\n\n\n<ul class=\"wp-block-list\">\n<li>Gestion des r\u00e8gles m\u00e9tiers et produits&nbsp;int\u00e9gr\u00e9es \u00e0 notre outil de gestion.<\/li>\n\n\n\n<li>D\u00e9mat\u00e9rialisation de la source.<\/li>\n\n\n\n<li>Traitement des flux entrants au jour le jour (gestion \u00e0 z\u00e9ro stock).<\/li>\n\n\n\n<li>Gestion des correspondances et utilisation du m\u00e9dia le plus \u00e9conomique.<\/li>\n\n\n\n<li>Reporting, contr\u00f4les, retours, efficience des outils de restitution.<\/li>\n<\/ul>\n<\/div>\n\n\n\n<div id=\"Position2\" class=\"is-content-justification-left is-layout-constrained wp-container-4 wp-block-group card card-inverse shape-top-right\" style=\"padding-top:var(--wp--preset--spacing--50);padding-right:var(--wp--preset--spacing--50);padding-bottom:var(--wp--preset--spacing--50);padding-left:var(--wp--preset--spacing--50)\">\n<h3 class=\"wp-block-heading\">La maitrise du reste \u00e0 charge en Sant\u00e9<\/h3>\n\n\n\n<p>Gestion des r\u00e9seaux, des accords, des n\u00e9gociations et contr\u00f4les tarifaires.<\/p>\n<\/div>\n\n\n\n<div id=\"Position3\" class=\"is-content-justification-left is-layout-constrained wp-container-5 wp-block-group card shape-bottom-right\" style=\"padding-top:var(--wp--preset--spacing--50);padding-right:var(--wp--preset--spacing--50);padding-bottom:var(--wp--preset--spacing--50);padding-left:var(--wp--preset--spacing--50)\">\n<h3 class=\"wp-block-heading\">La gestion des risques<\/h3>\n\n\n\n<ul class=\"wp-block-list\">\n<li>Droits en temps r\u00e9el.<\/li>\n\n\n\n<li>D\u00e9tection des doublons.<\/li>\n\n\n\n<li>Calcul des droits.<\/li>\n\n\n\n<li>\u00c9volutivit\u00e9 pour assurer un contr\u00f4le des risques et s\u2019adapter aux r\u00e9formes r\u00e9glementaires et prudentielles (Solvabilit\u00e9 2).<\/li>\n\n\n\n<li>Solution de d\u00e9tection des fraudes.<\/li>\n\n\n\n<li>Solution de backup dans le cadre de PRA\/PCA.<\/li>\n<\/ul>\n<\/div>\n<\/div>\n<\/div>\n<\/div>\n\n\n\n<div class=\"is-layout-constrained wp-container-13 wp-elements-d015c24ac25a495bc54bcde96ddd9b44 wp-block-group bg-shape-bottom-left hidden-element has-base-color has-custom-services-background-color has-text-color has-background has-link-color\" style=\"padding-right:var(--wp--preset--spacing--50);padding-left:var(--wp--preset--spacing--50)\">\n<div class=\"is-layout-flex wp-container-12 wp-block-columns\">\n<div class=\"is-layout-flow wp-elements-0222f2aa9013f81ec9808f6eb542253d wp-block-column has-base-color has-text-color has-link-color\">\n<p class=\"wp-elements-de05df660041dd2770fcdddb773c8115 has-text-align-center number has-accent-6-color has-text-color has-link-color has-xx-large-font-size\"><strong>2 000 000<\/strong><\/p>\n\n\n\n<p class=\"wp-elements-3ffb53481e876a58719e42bddb5962d6 has-text-align-center has-base-color has-text-color has-link-color has-small-font-size\">Nombre de personnes prot\u00e9g\u00e9es g\u00e9r\u00e9s<\/p>\n<\/div>\n\n\n\n<div class=\"is-layout-flow wp-elements-a7d61e67ca3fabed0f542ecbfdf80003 wp-block-column has-base-color has-text-color has-link-color\">\n<p class=\"wp-elements-518d36d0ea30d26180b91857d2c8b3bc has-text-align-center number has-accent-6-color has-text-color has-link-color has-xx-large-font-size\"><strong>+60 000 000<\/strong><\/p>\n\n\n\n<p class=\"wp-elements-4b49d9392b9d96beaf7cbeddfc01984c has-text-align-center has-base-color has-text-color has-link-color has-small-font-size\">Nombre de&nbsp;traitements <br>back office sant\u00e9 g\u00e9r\u00e9s\/an<\/p>\n<\/div>\n\n\n\n<div class=\"is-layout-flow wp-elements-a77d9c7ca6d8b069eba6d4f2055e127f wp-block-column has-base-color has-text-color has-link-color\">\n<p class=\"wp-elements-27d57f8eaf5f147314489990672c3033 has-text-align-center number has-accent-6-color has-text-color has-link-color has-xx-large-font-size\"><strong>600 000<\/strong><\/p>\n\n\n\n<p class=\"wp-elements-11f5249cc02584d1b3d6385310e3740d has-text-align-center has-base-color has-text-color has-link-color has-small-font-size\">Nombre d&rsquo;appels <br>entrants et sortants trait\u00e9s\/an<\/p>\n<\/div>\n<\/div>\n<\/div>\n\n\n\n<div class=\"is-layout-constrained wp-container-20 wp-elements-903a0f2d593f6a4a9b9df1688b561894 wp-block-group hidden-element is-style-default has-base-color has-base-background-color has-text-color has-background has-link-color\" style=\"padding-right:var(--wp--preset--spacing--50);padding-left:var(--wp--preset--spacing--50)\">\n<h2 class=\"wp-elements-6402fd7579922dd58a89d8cc497ca002 wp-block-heading has-text-align-center has-contrast-color has-text-color has-link-color\"><em>Notre<\/em> Plus Value<\/h2>\n\n\n\n<p><\/p>\n\n\n\n<div class=\"is-layout-constrained wp-block-group shape-bottom-right hidden-element has-accent-5-background-color has-background\" style=\"border-radius:12px;padding-top:var(--wp--preset--spacing--50);padding-right:var(--wp--preset--spacing--50);padding-bottom:var(--wp--preset--spacing--50);padding-left:var(--wp--preset--spacing--50)\">\n<div class=\"is-nowrap is-layout-flex wp-container-16 wp-block-group\">\n<div class=\"is-vertical is-layout-flex wp-container-15 wp-block-group\">\n<div class=\"is-layout-constrained wp-block-group\">\n<p class=\"wp-elements-a6ebed07c040fd50510096276b50d8a5 has-text-align-left has-contrast-color has-text-color has-link-color\"><strong>Int\u00e9gration native <\/strong><br>de la gestion des prestations TP, hors TP et d\u00e9tection de fraude, abus et erreur au sein d\u2019un m\u00eame outil.<\/p>\n\n\n\n<p class=\"wp-elements-440a13b4b8c19934063931bd1d3ae47f has-contrast-color has-text-color has-link-color\"><strong>Capacit\u00e9 \u00e0 h\u00e9berger <\/strong><br>des donn\u00e9es personnelles de sant\u00e9 (certification HDS).<\/p>\n<\/div>\n<\/div>\n<\/div>\n\n\n\n<div class=\"is-layout-constrained wp-block-group\">\n<p class=\"wp-elements-acc63bfabb5a9eaf33a6e74c00ad2131 has-text-align-left has-contrast-color has-text-color has-link-color\"><strong>Interconnexion <\/strong><br>au SI du client et de ses partenaires en temps r\u00e9el ou asynchrone.<\/p>\n<\/div>\n\n\n\n<div class=\"is-layout-constrained wp-block-group\">\n<p class=\"wp-elements-f2afd4340f13f10e71e6fdbc2e0b6187 has-text-align-left has-contrast-color has-text-color has-link-color\"><strong>Fonctionnalit\u00e9 de param\u00e9trage <\/strong><br>adapt\u00e9e aux innovations actuarielles.<\/p>\n<\/div>\n<\/div>\n<\/div>\n\n\n\n<div class=\"separator my-9\"><\/div>\n\n\n\n<div style=\"height:20px\" aria-hidden=\"true\" class=\"wp-block-spacer\"><\/div>\n\n\n\n<div class=\"is-layout-constrained wp-container-37 wp-block-group\" style=\"padding-right:var(--wp--preset--spacing--50);padding-left:var(--wp--preset--spacing--50)\">\n<h2 class=\"wp-block-heading has-text-align-center hidden-element\"><em>Nos<\/em> Engagements<\/h2>\n\n\n\n<div class=\"is-layout-flex wp-container-24 wp-block-columns\">\n<div class=\"is-layout-flow wp-block-column\" style=\"flex-basis:25%\"><\/div>\n\n\n\n<div class=\"is-layout-flow wp-block-column\" style=\"flex-basis:60%\">\n<p class=\"wp-elements-1294c52e9f3c6ab8353ced8a54ff1b37 has-text-align-center hidden-element has-accent-4-color has-text-color has-link-color\">Optimisation des co\u00fbts de gestion par une diminution des erreurs<br>et des paiements abusifs gr\u00e2ce \u00e0 une interrogation des droits en temps r\u00e9el.<\/p>\n<\/div>\n\n\n\n<div class=\"is-layout-flow wp-block-column\" style=\"flex-basis:25%\"><\/div>\n<\/div>\n\n\n\n<div style=\"height:32px\" aria-hidden=\"true\" class=\"wp-block-spacer\"><\/div>\n\n\n\n<div class=\"is-layout-flex wp-container-31 wp-block-columns\">\n<div class=\"is-layout-flow wp-block-column\">\n<div class=\"is-content-justification-left is-layout-constrained wp-container-25 wp-block-group card shape-bottom-right\" style=\"padding-top:var(--wp--preset--spacing--50);padding-right:var(--wp--preset--spacing--40);padding-bottom:var(--wp--preset--spacing--50);padding-left:var(--wp--preset--spacing--40)\">\n<h3 class=\"wp-block-heading\">Neutralit\u00e9<\/h3>\n\n\n\n<p>Heka est ind\u00e9pendant, tant vis-\u00e0-vis des professionnels de sant\u00e9 que des organismes compl\u00e9mentaires.<\/p>\n<\/div>\n<\/div>\n\n\n\n<div class=\"is-layout-flow wp-block-column\">\n<div class=\"is-content-justification-left is-layout-constrained wp-container-27 wp-block-group card card-inverse shape-bottom-right\" style=\"padding-top:var(--wp--preset--spacing--50);padding-right:var(--wp--preset--spacing--40);padding-bottom:var(--wp--preset--spacing--50);padding-left:var(--wp--preset--spacing--40)\">\n<h3 class=\"wp-block-heading\">S\u00e9curit\u00e9<\/h3>\n\n\n\n<p>L\u2019int\u00e9grit\u00e9 des donn\u00e9es de nos clients et de nos partenaires fait l\u2019objet de la plus grande attention. Nos crit\u00e8res de s\u00e9curit\u00e9 garantissent le caract\u00e8re personnel et incessible des donn\u00e9es.<\/p>\n<\/div>\n<\/div>\n\n\n\n<div class=\"is-layout-flow wp-block-column\">\n<div class=\"is-content-justification-left is-layout-constrained wp-container-29 wp-block-group card shape-top-right\" style=\"padding-top:var(--wp--preset--spacing--50);padding-right:var(--wp--preset--spacing--40);padding-bottom:var(--wp--preset--spacing--50);padding-left:var(--wp--preset--spacing--40)\">\n<h3 class=\"wp-block-heading\">Interop\u00e9rabilit\u00e9 et Modularit\u00e9<\/h3>\n\n\n\n<p>Nous d\u00e9veloppons des solutions adapt\u00e9es \u00e0 l\u2019organisation et \u00e0 la strat\u00e9gie de chaque client.<\/p>\n<\/div>\n<\/div>\n<\/div>\n\n\n\n<div class=\"is-layout-flex wp-container-36 wp-block-columns\">\n<div class=\"is-layout-flow wp-block-column\">\n<div class=\"is-content-justification-left is-layout-constrained wp-container-32 wp-block-group card shape-bottom-right\" style=\"padding-top:var(--wp--preset--spacing--50);padding-right:var(--wp--preset--spacing--40);padding-bottom:var(--wp--preset--spacing--50);padding-left:var(--wp--preset--spacing--40)\">\n<h3 class=\"wp-block-heading\">Conformit\u00e9<\/h3>\n\n\n\n<p>Nous proposons une offre de gestion d\u00e9l\u00e9gu\u00e9e op\u00e9r\u00e9e dans le strict respect de la r\u00e9glementation en vigueur.<\/p>\n<\/div>\n<\/div>\n\n\n\n<div class=\"is-layout-flow wp-block-column\"><\/div>\n\n\n\n<div class=\"is-layout-flow wp-block-column\"><\/div>\n<\/div>\n<\/div>\n","protected":false},"excerpt":{"rendered":"<p>Gestion totale ou partielle pour vous permettre de d\u00e9l\u00e9guer en toute confiance la gestion de vos contrats en marque blanche. [&hellip;]<\/p>\n","protected":false},"author":1,"featured_media":0,"parent":335,"menu_order":0,"comment_status":"closed","ping_status":"closed","template":"","meta":{"site-sidebar-layout":"default","site-content-layout":"","ast-site-content-layout":"default","site-content-style":"default","site-sidebar-style":"default","ast-global-header-display":"","ast-banner-title-visibility":"","ast-main-header-display":"","ast-hfb-above-header-display":"","ast-hfb-below-header-display":"","ast-hfb-mobile-header-display":"","site-post-title":"","ast-breadcrumbs-content":"","ast-featured-img":"","footer-sml-layout":"","ast-disable-related-posts":"","theme-transparent-header-meta":"","adv-header-id-meta":"","stick-header-meta":"","header-above-stick-meta":"","header-main-stick-meta":"","header-below-stick-meta":"","astra-migrate-meta-layouts":"default","ast-page-background-enabled":"default","ast-page-background-meta":{"desktop":{"background-color":"var(--ast-global-color-5)","background-image":"","background-repeat":"repeat","background-position":"center center","background-size":"auto","background-attachment":"scroll","background-type":"","background-media":"","overlay-type":"","overlay-color":"","overlay-opacity":"","overlay-gradient":""},"tablet":{"background-color":"","background-image":"","background-repeat":"repeat","background-position":"center center","background-size":"auto","background-attachment":"scroll","background-type":"","background-media":"","overlay-type":"","overlay-color":"","overlay-opacity":"","overlay-gradient":""},"mobile":{"background-color":"","background-image":"","background-repeat":"repeat","background-position":"center center","background-size":"auto","background-attachment":"scroll","background-type":"","background-media":"","overlay-type":"","overlay-color":"","overlay-opacity":"","overlay-gradient":""}},"ast-content-background-meta":{"desktop":{"background-color":"var(--ast-global-color-4)","background-image":"","background-repeat":"repeat","background-position":"center center","background-size":"auto","background-attachment":"scroll","background-type":"","background-media":"","overlay-type":"","overlay-color":"","overlay-opacity":"","overlay-gradient":""},"tablet":{"background-color":"var(--ast-global-color-4)","background-image":"","background-repeat":"repeat","background-position":"center center","background-size":"auto","background-attachment":"scroll","background-type":"","background-media":"","overlay-type":"","overlay-color":"","overlay-opacity":"","overlay-gradient":""},"mobile":{"background-color":"var(--ast-global-color-4)","background-image":"","background-repeat":"repeat","background-position":"center center","background-size":"auto","background-attachment":"scroll","background-type":"","background-media":"","overlay-type":"","overlay-color":"","overlay-opacity":"","overlay-gradient":""}}},"_links":{"self":[{"href":"https:\/\/www.heka-assurances.com\/index.php\/wp-json\/wp\/v2\/pages\/384"}],"collection":[{"href":"https:\/\/www.heka-assurances.com\/index.php\/wp-json\/wp\/v2\/pages"}],"about":[{"href":"https:\/\/www.heka-assurances.com\/index.php\/wp-json\/wp\/v2\/types\/page"}],"author":[{"embeddable":true,"href":"https:\/\/www.heka-assurances.com\/index.php\/wp-json\/wp\/v2\/users\/1"}],"replies":[{"embeddable":true,"href":"https:\/\/www.heka-assurances.com\/index.php\/wp-json\/wp\/v2\/comments?post=384"}],"version-history":[{"count":31,"href":"https:\/\/www.heka-assurances.com\/index.php\/wp-json\/wp\/v2\/pages\/384\/revisions"}],"predecessor-version":[{"id":2238,"href":"https:\/\/www.heka-assurances.com\/index.php\/wp-json\/wp\/v2\/pages\/384\/revisions\/2238"}],"up":[{"embeddable":true,"href":"https:\/\/www.heka-assurances.com\/index.php\/wp-json\/wp\/v2\/pages\/335"}],"wp:attachment":[{"href":"https:\/\/www.heka-assurances.com\/index.php\/wp-json\/wp\/v2\/media?parent=384"}],"curies":[{"name":"wp","href":"https:\/\/api.w.org\/{rel}","templated":true}]}}