{"id":335,"date":"2025-03-20T08:35:06","date_gmt":"2025-03-20T08:35:06","guid":{"rendered":"http:\/\/localhost:8888\/MAMP\/heka\/?page_id=335"},"modified":"2026-01-19T16:00:02","modified_gmt":"2026-01-19T16:00:02","slug":"services","status":"publish","type":"page","link":"https:\/\/www.heka-assurances.com\/index.php\/offres-heka\/services\/","title":{"rendered":"Services &#8211; almerys by heka"},"content":{"rendered":"\n<div class=\"is-layout-constrained wp-block-group\" style=\"padding-top:var(--wp--preset--spacing--20)\">\n<h2 class=\"has-text-align-center wp-block-heading hidden-element\"><em>Nos<\/em> Services <\/h2>\n\n\n\n<div class=\"is-layout-flex wp-container-19 wp-block-columns\" style=\"padding-top:var(--wp--preset--spacing--40)\">\n<div class=\"is-layout-flow wp-block-column\">\n<div id=\"ZoneImg\" class=\"shape-top-left\">\n<div class=\"cache\"><\/div>\n<div class=\"textzone\">\n\n\n<\/div>\n<\/div>\n<\/div>\n\n\n\n<div class=\"is-layout-flow wp-block-column\">\n<div id=\"Img1\" class=\"is-content-justification-left is-layout-constrained wp-container-4 wp-block-group card card-hover-img card-hover-services shape-bottom-right hidden-element active\" style=\"padding-top:var(--wp--preset--spacing--50);padding-right:var(--wp--preset--spacing--50);padding-bottom:var(--wp--preset--spacing--50);padding-left:var(--wp--preset--spacing--50)\">\n<div class=\"is-nowrap is-layout-flex wp-container-2 wp-block-group\">\n<figure class=\"wp-block-image aligncenter size-full is-resized\"><img decoding=\"async\" loading=\"lazy\" width=\"631\" height=\"636\" src=\"https:\/\/www.heka-assurances.com\/wp-content\/uploads\/2025\/03\/gold.png\" alt=\"\" class=\"wp-image-2028\" style=\"width:32px\" srcset=\"https:\/\/www.heka-assurances.com\/wp-content\/uploads\/2025\/03\/gold.png 631w, https:\/\/www.heka-assurances.com\/wp-content\/uploads\/2025\/03\/gold-298x300.png 298w, https:\/\/www.heka-assurances.com\/wp-content\/uploads\/2025\/03\/gold-150x150.png 150w, https:\/\/www.heka-assurances.com\/wp-content\/uploads\/2025\/03\/gold-75x75.png 75w\" sizes=\"(max-width: 631px) 100vw, 631px\" \/><\/figure>\n\n\n\n<h3 class=\"has-text-align-left wp-block-heading\">Gestion D\u00e9l\u00e9gu\u00e9e<\/h3>\n<\/div>\n\n\n\n<p>Gestion totale ou partielle pour vous permettre de d\u00e9l\u00e9guer en toute confiance la gestion de vos contrats en marque blanche.<\/p>\n\n\n\n<div class=\"is-layout-flex wp-block-buttons\">\n<div class=\"wp-block-button has-custom-font-size is-style-fill has-small-font-size\"><a class=\"wp-block-button__link has-contrast-color has-base-background-color has-text-color has-background has-link-color wp-element-button\" href=\"https:\/\/www.heka-assurances.com\/index.php\/offres-heka\/services\/gestion-deleguee\/\" style=\"padding-top:8px;padding-bottom:8px\">En savoir plus<\/a><\/div>\n<\/div>\n<\/div>\n\n\n\n<div id=\"Img3\" class=\"is-content-justification-left is-layout-constrained wp-container-7 wp-block-group card card-hover-img card-hover-services shape-bottom-right hidden-element\" style=\"padding-top:var(--wp--preset--spacing--60);padding-right:var(--wp--preset--spacing--40);padding-bottom:var(--wp--preset--spacing--60);padding-left:var(--wp--preset--spacing--40)\">\n<div class=\"is-nowrap is-layout-flex wp-container-5 wp-block-group\">\n<figure class=\"wp-block-image aligncenter size-full is-resized\"><img decoding=\"async\" loading=\"lazy\" width=\"631\" height=\"636\" src=\"https:\/\/www.heka-assurances.com\/wp-content\/uploads\/2025\/03\/gold.png\" alt=\"\" class=\"wp-image-2028\" style=\"width:32px\" srcset=\"https:\/\/www.heka-assurances.com\/wp-content\/uploads\/2025\/03\/gold.png 631w, https:\/\/www.heka-assurances.com\/wp-content\/uploads\/2025\/03\/gold-298x300.png 298w, https:\/\/www.heka-assurances.com\/wp-content\/uploads\/2025\/03\/gold-150x150.png 150w, https:\/\/www.heka-assurances.com\/wp-content\/uploads\/2025\/03\/gold-75x75.png 75w\" sizes=\"(max-width: 631px) 100vw, 631px\" \/><\/figure>\n\n\n\n<h3 class=\"wp-block-heading\">Tiers Payant<\/h3>\n<\/div>\n\n\n\n<p>Comme nos 20 millions de b\u00e9n\u00e9ficiaires, profitez de notre offre de Tiers Payant et concentration de flux.<\/p>\n\n\n\n<div class=\"is-layout-flex wp-block-buttons\">\n<div class=\"wp-block-button has-custom-font-size is-style-fill has-small-font-size\"><a class=\"wp-block-button__link has-contrast-color has-base-background-color has-text-color has-background has-link-color wp-element-button\" href=\"https:\/\/www.heka-assurances.com\/index.php\/offres-heka\/services\/tiers-payant\/\" style=\"padding-top:8px;padding-bottom:8px\">En savoir plus<\/a><\/div>\n<\/div>\n<\/div>\n\n\n\n<p><a href=\"http:\/\/localhost:8888\/ux-patterns\/heka\/index.php#\"><\/a><\/p>\n<\/div>\n\n\n\n<div class=\"is-layout-flow wp-block-column\">\n<div id=\"Img2\" class=\"is-content-justification-left is-layout-constrained wp-container-11 wp-block-group card card-hover-img card-hover-services shape-bottom-right hidden-element\" style=\"padding-top:var(--wp--preset--spacing--50);padding-right:var(--wp--preset--spacing--50);padding-bottom:var(--wp--preset--spacing--50);padding-left:var(--wp--preset--spacing--50)\">\n<div class=\"is-nowrap is-layout-flex wp-container-9 wp-block-group\">\n<figure class=\"wp-block-image aligncenter size-full is-resized\"><img decoding=\"async\" loading=\"lazy\" width=\"631\" height=\"636\" src=\"https:\/\/www.heka-assurances.com\/wp-content\/uploads\/2025\/03\/gold.png\" alt=\"\" class=\"wp-image-2028\" style=\"width:32px\" srcset=\"https:\/\/www.heka-assurances.com\/wp-content\/uploads\/2025\/03\/gold.png 631w, https:\/\/www.heka-assurances.com\/wp-content\/uploads\/2025\/03\/gold-298x300.png 298w, https:\/\/www.heka-assurances.com\/wp-content\/uploads\/2025\/03\/gold-150x150.png 150w, https:\/\/www.heka-assurances.com\/wp-content\/uploads\/2025\/03\/gold-75x75.png 75w\" sizes=\"(max-width: 631px) 100vw, 631px\" \/><\/figure>\n\n\n\n<h3 class=\"wp-block-heading\">D\u00e9bordement<\/h3>\n<\/div>\n\n\n\n<p>Une offre sur-mesure pour g\u00e9rer sereinement vos pics d\u2019activit\u00e9.<\/p>\n\n\n\n<div class=\"is-layout-flex wp-block-buttons\">\n<div class=\"wp-block-button has-custom-font-size is-style-fill has-small-font-size\"><a class=\"wp-block-button__link has-contrast-color has-base-background-color has-text-color has-background has-link-color wp-element-button\" href=\"https:\/\/www.heka-assurances.com\/index.php\/offres-heka\/services\/debordement\/\" style=\"padding-top:8px;padding-bottom:8px\">En savoir plus<\/a><\/div>\n<\/div>\n<\/div>\n\n\n\n<div id=\"Img4\" class=\"is-content-justification-left is-layout-constrained wp-container-14 wp-block-group card card-hover-img card-hover-services shape-bottom-right hidden-element\" style=\"padding-top:var(--wp--preset--spacing--50);padding-right:var(--wp--preset--spacing--50);padding-bottom:var(--wp--preset--spacing--50);padding-left:var(--wp--preset--spacing--50)\">\n<div class=\"is-nowrap is-layout-flex wp-container-12 wp-block-group\">\n<figure class=\"wp-block-image aligncenter size-full is-resized\"><img decoding=\"async\" loading=\"lazy\" width=\"631\" height=\"636\" src=\"https:\/\/www.heka-assurances.com\/wp-content\/uploads\/2025\/03\/gold.png\" alt=\"\" class=\"wp-image-2028\" style=\"width:32px\" srcset=\"https:\/\/www.heka-assurances.com\/wp-content\/uploads\/2025\/03\/gold.png 631w, https:\/\/www.heka-assurances.com\/wp-content\/uploads\/2025\/03\/gold-298x300.png 298w, https:\/\/www.heka-assurances.com\/wp-content\/uploads\/2025\/03\/gold-150x150.png 150w, https:\/\/www.heka-assurances.com\/wp-content\/uploads\/2025\/03\/gold-75x75.png 75w\" sizes=\"(max-width: 631px) 100vw, 631px\" \/><\/figure>\n\n\n\n<h3 class=\"wp-block-heading\">Ma\u00eetrise du risque<\/h3>\n<\/div>\n\n\n\n<p>R\u00e9seaux de soins, r\u00e9gulation tarifaire et outils industriels de lutte contre la fraude, abus et erreur&nbsp;pour des soins de qualit\u00e9 au meilleur co\u00fbt.<\/p>\n\n\n\n<div class=\"is-layout-flex wp-block-buttons\">\n<div class=\"wp-block-button has-custom-font-size is-style-fill has-small-font-size\"><a class=\"wp-block-button__link has-contrast-color has-base-background-color has-text-color has-background has-link-color wp-element-button\" href=\"https:\/\/www.heka-assurances.com\/index.php\/offres-heka\/services\/maitrise-du-risque\/\" style=\"padding-top:8px;padding-bottom:8px\">En savoir plus<\/a><\/div>\n<\/div>\n<\/div>\n\n\n\n<div id=\"Img6\" class=\"is-content-justification-left is-layout-constrained wp-container-17 wp-block-group card card-hover-img card-hover-services shape-bottom-right hidden-element\" style=\"padding-top:var(--wp--preset--spacing--50);padding-right:var(--wp--preset--spacing--50);padding-bottom:var(--wp--preset--spacing--50);padding-left:var(--wp--preset--spacing--50)\">\n<div class=\"is-nowrap is-layout-flex wp-container-15 wp-block-group\">\n<figure class=\"wp-block-image aligncenter size-full is-resized\"><img decoding=\"async\" loading=\"lazy\" width=\"631\" height=\"636\" src=\"https:\/\/www.heka-assurances.com\/wp-content\/uploads\/2025\/03\/gold.png\" alt=\"\" class=\"wp-image-2028\" style=\"width:32px\" srcset=\"https:\/\/www.heka-assurances.com\/wp-content\/uploads\/2025\/03\/gold.png 631w, https:\/\/www.heka-assurances.com\/wp-content\/uploads\/2025\/03\/gold-298x300.png 298w, https:\/\/www.heka-assurances.com\/wp-content\/uploads\/2025\/03\/gold-150x150.png 150w, https:\/\/www.heka-assurances.com\/wp-content\/uploads\/2025\/03\/gold-75x75.png 75w\" sizes=\"(max-width: 631px) 100vw, 631px\" \/><\/figure>\n\n\n\n<h3 class=\"wp-block-heading\">Formation<\/h3>\n<\/div>\n\n\n\n<p>Un catalogue de formation en assurance et sur nos outils pour la mont\u00e9e en comp\u00e9tence de vos collaborateurs.<\/p>\n\n\n\n<div class=\"is-layout-flex wp-block-buttons\">\n<div class=\"wp-block-button has-custom-font-size is-style-fill has-small-font-size\"><a class=\"wp-block-button__link has-contrast-color has-base-background-color has-text-color has-background has-link-color wp-element-button\" href=\"https:\/\/www.heka-assurances.com\/index.php\/offres-heka\/services\/formation\/\" style=\"padding-top:8px;padding-bottom:8px\">En savoir plus<\/a><\/div>\n<\/div>\n<\/div>\n<\/div>\n<\/div>\n<\/div>\n","protected":false},"excerpt":{"rendered":"<p>Nos Services Gestion D\u00e9l\u00e9gu\u00e9e Gestion totale ou partielle pour vous permettre de d\u00e9l\u00e9guer en toute confiance la gestion de vos [&hellip;]<\/p>\n","protected":false},"author":1,"featured_media":0,"parent":303,"menu_order":0,"comment_status":"closed","ping_status":"closed","template":"","meta":{"site-sidebar-layout":"default","site-content-layout":"","ast-site-content-layout":"default","site-content-style":"default","site-sidebar-style":"default","ast-global-header-display":"","ast-banner-title-visibility":"","ast-main-header-display":"","ast-hfb-above-header-display":"","ast-hfb-below-header-display":"","ast-hfb-mobile-header-display":"","site-post-title":"","ast-breadcrumbs-content":"","ast-featured-img":"","footer-sml-layout":"","ast-disable-related-posts":"","theme-transparent-header-meta":"","adv-header-id-meta":"","stick-header-meta":"","header-above-stick-meta":"","header-main-stick-meta":"","header-below-stick-meta":"","astra-migrate-meta-layouts":"default","ast-page-background-enabled":"default","ast-page-background-meta":{"desktop":{"background-color":"var(--ast-global-color-5)","background-image":"","background-repeat":"repeat","background-position":"center center","background-size":"auto","background-attachment":"scroll","background-type":"","background-media":"","overlay-type":"","overlay-color":"","overlay-opacity":"","overlay-gradient":""},"tablet":{"background-color":"","background-image":"","background-repeat":"repeat","background-position":"center center","background-size":"auto","background-attachment":"scroll","background-type":"","background-media":"","overlay-type":"","overlay-color":"","overlay-opacity":"","overlay-gradient":""},"mobile":{"background-color":"","background-image":"","background-repeat":"repeat","background-position":"center center","background-size":"auto","background-attachment":"scroll","background-type":"","background-media":"","overlay-type":"","overlay-color":"","overlay-opacity":"","overlay-gradient":""}},"ast-content-background-meta":{"desktop":{"background-color":"var(--ast-global-color-4)","background-image":"","background-repeat":"repeat","background-position":"center center","background-size":"auto","background-attachment":"scroll","background-type":"","background-media":"","overlay-type":"","overlay-color":"","overlay-opacity":"","overlay-gradient":""},"tablet":{"background-color":"var(--ast-global-color-4)","background-image":"","background-repeat":"repeat","background-position":"center center","background-size":"auto","background-attachment":"scroll","background-type":"","background-media":"","overlay-type":"","overlay-color":"","overlay-opacity":"","overlay-gradient":""},"mobile":{"background-color":"var(--ast-global-color-4)","background-image":"","background-repeat":"repeat","background-position":"center center","background-size":"auto","background-attachment":"scroll","background-type":"","background-media":"","overlay-type":"","overlay-color":"","overlay-opacity":"","overlay-gradient":""}}},"_links":{"self":[{"href":"https:\/\/www.heka-assurances.com\/index.php\/wp-json\/wp\/v2\/pages\/335"}],"collection":[{"href":"https:\/\/www.heka-assurances.com\/index.php\/wp-json\/wp\/v2\/pages"}],"about":[{"href":"https:\/\/www.heka-assurances.com\/index.php\/wp-json\/wp\/v2\/types\/page"}],"author":[{"embeddable":true,"href":"https:\/\/www.heka-assurances.com\/index.php\/wp-json\/wp\/v2\/users\/1"}],"replies":[{"embeddable":true,"href":"https:\/\/www.heka-assurances.com\/index.php\/wp-json\/wp\/v2\/comments?post=335"}],"version-history":[{"count":28,"href":"https:\/\/www.heka-assurances.com\/index.php\/wp-json\/wp\/v2\/pages\/335\/revisions"}],"predecessor-version":[{"id":2287,"href":"https:\/\/www.heka-assurances.com\/index.php\/wp-json\/wp\/v2\/pages\/335\/revisions\/2287"}],"up":[{"embeddable":true,"href":"https:\/\/www.heka-assurances.com\/index.php\/wp-json\/wp\/v2\/pages\/303"}],"wp:attachment":[{"href":"https:\/\/www.heka-assurances.com\/index.php\/wp-json\/wp\/v2\/media?parent=335"}],"curies":[{"name":"wp","href":"https:\/\/api.w.org\/{rel}","templated":true}]}}