{"id":323,"date":"2025-03-20T08:35:06","date_gmt":"2025-03-20T08:35:06","guid":{"rendered":"http:\/\/localhost:8888\/MAMP\/heka\/?page_id=323"},"modified":"2025-03-24T08:17:22","modified_gmt":"2025-03-24T08:17:22","slug":"offres-connexes","status":"publish","type":"page","link":"https:\/\/www.heka-assurances.com\/index.php\/offres-heka\/offres-connexes\/","title":{"rendered":"Offres compl\u00e9mentaires"},"content":{"rendered":"\n<div class=\"is-layout-constrained wp-container-7 wp-block-group\" style=\"margin-top:var(--wp--preset--spacing--50);margin-bottom:var(--wp--preset--spacing--50)\">\n<h2 class=\"wp-block-heading has-text-align-center hidden-element\"><em>Des<\/em> Synergies multiples <strong>entre 3 acteurs majeurs<\/strong><\/h2>\n\n\n\n<div class=\"is-layout-flex wp-container-6 wp-block-columns\" style=\"padding-top:var(--wp--preset--spacing--40);padding-bottom:var(--wp--preset--spacing--40)\">\n<div class=\"is-layout-flow wp-block-column card shape-bottom-right\" style=\"padding-top:var(--wp--preset--spacing--50);padding-bottom:var(--wp--preset--spacing--50)\">\n<figure class=\"wp-block-image aligncenter size-large is-resized\" style=\"margin-top:var(--wp--preset--spacing--20);margin-bottom:var(--wp--preset--spacing--20)\"><img decoding=\"async\" loading=\"lazy\" width=\"1024\" height=\"611\" src=\"https:\/\/www.heka-assurances.com\/wp-content\/uploads\/2025\/03\/beys-1024x611.png\" alt=\"\" class=\"wp-image-1590\" style=\"width:auto;height:70px\" srcset=\"https:\/\/www.heka-assurances.com\/wp-content\/uploads\/2025\/03\/beys-1024x611.png 1024w, https:\/\/www.heka-assurances.com\/wp-content\/uploads\/2025\/03\/beys-300x179.png 300w, https:\/\/www.heka-assurances.com\/wp-content\/uploads\/2025\/03\/beys-768x459.png 768w, https:\/\/www.heka-assurances.com\/wp-content\/uploads\/2025\/03\/beys.png 1400w\" sizes=\"(max-width: 1024px) 100vw, 1024px\" \/><\/figure>\n\n\n\n<h3 class=\"wp-block-heading has-text-align-center\">Confiance <br>num\u00e9rique<\/h3>\n\n\n\n<div class=\"is-content-justification-center is-layout-flex wp-container-1 wp-block-buttons\">\n<div class=\"wp-block-button has-custom-font-size is-style-outline has-small-font-size\"><a class=\"wp-block-button__link has-contrast-color has-base-background-color has-text-color has-background has-link-color wp-element-button\" href=\"https:\/\/www.be-ys.com\/\" style=\"padding-top:var(--wp--preset--spacing--20);padding-bottom:var(--wp--preset--spacing--20)\" target=\"_blank\" rel=\"noreferrer noopener\">En savoir plus<\/a><\/div>\n<\/div>\n<\/div>\n\n\n\n<div class=\"is-layout-flow wp-block-column card shape-bottom-right\" style=\"padding-top:var(--wp--preset--spacing--50);padding-bottom:var(--wp--preset--spacing--50)\">\n<figure class=\"wp-block-image aligncenter size-full is-resized\"><img decoding=\"async\" loading=\"lazy\" width=\"360\" height=\"170\" src=\"https:\/\/www.heka-assurances.com\/wp-content\/uploads\/2025\/03\/logo-tinqin-1.png\" alt=\"\" class=\"wp-image-1601\" style=\"width:auto;height:80px\" srcset=\"https:\/\/www.heka-assurances.com\/wp-content\/uploads\/2025\/03\/logo-tinqin-1.png 360w, https:\/\/www.heka-assurances.com\/wp-content\/uploads\/2025\/03\/logo-tinqin-1-300x142.png 300w\" sizes=\"(max-width: 360px) 100vw, 360px\" \/><\/figure>\n\n\n\n<h3 class=\"wp-block-heading has-text-align-center\">Conseil en assurance <br>et d\u00e9veloppement<\/h3>\n\n\n\n<div class=\"is-content-justification-center is-layout-flex wp-container-3 wp-block-buttons\">\n<div class=\"wp-block-button has-custom-font-size is-style-outline has-small-font-size\"><a class=\"wp-block-button__link has-contrast-color has-base-background-color has-text-color has-background has-link-color wp-element-button\" href=\"https:\/\/www.tinqin.com\/fr\/accueil\" style=\"padding-top:var(--wp--preset--spacing--20);padding-bottom:var(--wp--preset--spacing--20)\" target=\"_blank\" rel=\"noreferrer noopener\">En savoir plus<\/a><\/div>\n<\/div>\n<\/div>\n\n\n\n<div class=\"is-layout-flow wp-block-column card shape-bottom-right\" style=\"padding-top:var(--wp--preset--spacing--50);padding-bottom:var(--wp--preset--spacing--50)\">\n<figure class=\"wp-block-image aligncenter size-full is-resized\" style=\"margin-top:var(--wp--preset--spacing--40);margin-bottom:var(--wp--preset--spacing--40)\"><img decoding=\"async\" loading=\"lazy\" width=\"1000\" height=\"267\" src=\"https:\/\/www.heka-assurances.com\/wp-content\/uploads\/2025\/02\/logo-heka-3.png\" alt=\"\" class=\"wp-image-1438\" style=\"width:150px\" srcset=\"https:\/\/www.heka-assurances.com\/wp-content\/uploads\/2025\/02\/logo-heka-3.png 1000w, https:\/\/www.heka-assurances.com\/wp-content\/uploads\/2025\/02\/logo-heka-3-300x80.png 300w, https:\/\/www.heka-assurances.com\/wp-content\/uploads\/2025\/02\/logo-heka-3-768x205.png 768w\" sizes=\"(max-width: 1000px) 100vw, 1000px\" \/><\/figure>\n\n\n\n<h3 class=\"wp-block-heading has-text-align-center\">BPO, Edition Logiciel, <br>Maitrise du risque, Formation<\/h3>\n<\/div>\n<\/div>\n<\/div>\n\n\n\n<h2 class=\"wp-block-heading has-text-align-center hidden-element\"><em>Constituant<\/em> La proposition de valeur <strong>globale port\u00e9e par heka<\/strong><\/h2>\n\n\n\n<div class=\"is-layout-constrained wp-container-33 wp-block-group\" style=\"padding-top:var(--wp--preset--spacing--40);padding-bottom:var(--wp--preset--spacing--40)\">\n<div class=\"is-layout-flex wp-container-14 wp-block-columns\">\n<div class=\"is-layout-flow wp-block-column card card-hover-solutions shape-bottom-right\" style=\"padding-top:var(--wp--preset--spacing--50);padding-right:var(--wp--preset--spacing--50);padding-bottom:var(--wp--preset--spacing--50);padding-left:var(--wp--preset--spacing--50)\">\n<div class=\"is-nowrap is-layout-flex wp-container-8 wp-block-group\">\n<figure class=\"wp-block-image size-full is-resized\"><img decoding=\"async\" loading=\"lazy\" width=\"631\" height=\"636\" src=\"https:\/\/www.heka-assurances.com\/wp-content\/uploads\/2025\/03\/green.png\" alt=\"\" class=\"wp-image-2029\" style=\"width:32px\" srcset=\"https:\/\/www.heka-assurances.com\/wp-content\/uploads\/2025\/03\/green.png 631w, https:\/\/www.heka-assurances.com\/wp-content\/uploads\/2025\/03\/green-298x300.png 298w, https:\/\/www.heka-assurances.com\/wp-content\/uploads\/2025\/03\/green-150x150.png 150w, https:\/\/www.heka-assurances.com\/wp-content\/uploads\/2025\/03\/green-75x75.png 75w\" sizes=\"(max-width: 631px) 100vw, 631px\" \/><\/figure>\n\n\n\n<h3 class=\"wp-block-heading has-text-align-left\">KYC<\/h3>\n<\/div>\n\n\n\n<p>V\u00e9rification d\u2019identit\u00e9 \u00e0 distance avec une solution certifi\u00e9e Eidas.<\/p>\n\n\n\n<div class=\"is-content-justification-left is-layout-flex wp-container-9 wp-block-buttons\">\n<div class=\"wp-block-button has-custom-font-size is-style-fill has-small-font-size\"><a class=\"wp-block-button__link has-contrast-color has-base-background-color has-text-color has-background has-link-color wp-element-button\" href=\"https:\/\/www.kipmi.com\/product\/kyc\/\" style=\"padding-top:var(--wp--preset--spacing--20);padding-bottom:var(--wp--preset--spacing--20)\" target=\"_blank\" rel=\"noreferrer noopener\">En savoir plus<\/a><\/div>\n<\/div>\n<\/div>\n\n\n\n<div class=\"is-layout-flow wp-block-column card card-hover-solutions shape-bottom-right\" style=\"padding-top:var(--wp--preset--spacing--50);padding-right:var(--wp--preset--spacing--50);padding-bottom:var(--wp--preset--spacing--50);padding-left:var(--wp--preset--spacing--50)\">\n<div class=\"is-nowrap is-layout-flex wp-container-11 wp-block-group\">\n<figure class=\"wp-block-image size-full is-resized\"><img decoding=\"async\" loading=\"lazy\" width=\"631\" height=\"636\" src=\"https:\/\/www.heka-assurances.com\/wp-content\/uploads\/2025\/03\/green.png\" alt=\"\" class=\"wp-image-2029\" style=\"width:32px\" srcset=\"https:\/\/www.heka-assurances.com\/wp-content\/uploads\/2025\/03\/green.png 631w, https:\/\/www.heka-assurances.com\/wp-content\/uploads\/2025\/03\/green-298x300.png 298w, https:\/\/www.heka-assurances.com\/wp-content\/uploads\/2025\/03\/green-150x150.png 150w, https:\/\/www.heka-assurances.com\/wp-content\/uploads\/2025\/03\/green-75x75.png 75w\" sizes=\"(max-width: 631px) 100vw, 631px\" \/><\/figure>\n\n\n\n<h3 class=\"wp-block-heading has-text-align-left\">Signature \u00e9lectronique<\/h3>\n<\/div>\n\n\n\n<p>Une utilisation simplifi\u00e9 gr\u00e2ce \u00e0 une interface intuitive.<\/p>\n\n\n\n<div class=\"is-content-justification-left is-layout-flex wp-container-12 wp-block-buttons\">\n<div class=\"wp-block-button has-custom-font-size is-style-fill has-small-font-size\"><a class=\"wp-block-button__link has-contrast-color has-base-background-color has-text-color has-background has-link-color wp-element-button\" href=\"https:\/\/www.kipmi.com\/product\/signature-electronique\/\" style=\"padding-top:var(--wp--preset--spacing--20);padding-bottom:var(--wp--preset--spacing--20)\" target=\"_blank\" rel=\"noreferrer noopener\">En savoir plus<\/a><\/div>\n<\/div>\n<\/div>\n<\/div>\n\n\n\n<div class=\"is-layout-flex wp-container-21 wp-block-columns\">\n<div class=\"is-layout-flow wp-block-column card card-hover-solutions shape-bottom-right\" style=\"padding-top:var(--wp--preset--spacing--50);padding-right:var(--wp--preset--spacing--50);padding-bottom:var(--wp--preset--spacing--50);padding-left:var(--wp--preset--spacing--50)\">\n<div class=\"is-nowrap is-layout-flex wp-container-15 wp-block-group\">\n<figure class=\"wp-block-image size-full is-resized\"><img decoding=\"async\" loading=\"lazy\" width=\"631\" height=\"636\" src=\"https:\/\/www.heka-assurances.com\/wp-content\/uploads\/2025\/03\/green.png\" alt=\"\" class=\"wp-image-2029\" style=\"width:32px\" srcset=\"https:\/\/www.heka-assurances.com\/wp-content\/uploads\/2025\/03\/green.png 631w, https:\/\/www.heka-assurances.com\/wp-content\/uploads\/2025\/03\/green-298x300.png 298w, https:\/\/www.heka-assurances.com\/wp-content\/uploads\/2025\/03\/green-150x150.png 150w, https:\/\/www.heka-assurances.com\/wp-content\/uploads\/2025\/03\/green-75x75.png 75w\" sizes=\"(max-width: 631px) 100vw, 631px\" \/><\/figure>\n\n\n\n<h3 class=\"wp-block-heading has-text-align-left\">Employee life<\/h3>\n<\/div>\n\n\n\n<p>Innovation technologique au service de la strat\u00e9gie RH de vos clients.<\/p>\n\n\n\n<div class=\"is-content-justification-left is-layout-flex wp-container-16 wp-block-buttons\">\n<div class=\"wp-block-button has-custom-font-size is-style-fill has-small-font-size\"><a class=\"wp-block-button__link has-contrast-color has-base-background-color has-text-color has-background has-link-color wp-element-button\" href=\"https:\/\/www.kipmi.com\/usecase\/employee-life\/\" style=\"padding-top:var(--wp--preset--spacing--20);padding-bottom:var(--wp--preset--spacing--20)\" target=\"_blank\" rel=\"noreferrer noopener\">En savoir plus<\/a><\/div>\n<\/div>\n<\/div>\n\n\n\n<div class=\"is-layout-flow wp-block-column card card-hover-solutions shape-bottom-right\" style=\"padding-top:var(--wp--preset--spacing--50);padding-right:var(--wp--preset--spacing--50);padding-bottom:var(--wp--preset--spacing--50);padding-left:var(--wp--preset--spacing--50)\">\n<div class=\"is-nowrap is-layout-flex wp-container-18 wp-block-group\">\n<figure class=\"wp-block-image size-full is-resized\"><img decoding=\"async\" loading=\"lazy\" width=\"631\" height=\"636\" src=\"https:\/\/www.heka-assurances.com\/wp-content\/uploads\/2025\/03\/green.png\" alt=\"\" class=\"wp-image-2029\" style=\"width:32px\" srcset=\"https:\/\/www.heka-assurances.com\/wp-content\/uploads\/2025\/03\/green.png 631w, https:\/\/www.heka-assurances.com\/wp-content\/uploads\/2025\/03\/green-298x300.png 298w, https:\/\/www.heka-assurances.com\/wp-content\/uploads\/2025\/03\/green-150x150.png 150w, https:\/\/www.heka-assurances.com\/wp-content\/uploads\/2025\/03\/green-75x75.png 75w\" sizes=\"(max-width: 631px) 100vw, 631px\" \/><\/figure>\n\n\n\n<h3 class=\"wp-block-heading has-text-align-left\">LRE<\/h3>\n<\/div>\n\n\n\n<p>D\u00e9mat\u00e9rialis\u00e9 vos courriers recommand\u00e9s en quelques clics avec les m\u00eames garanties que les courriers recommand\u00e9s traditionnelles.<\/p>\n\n\n\n<div class=\"is-content-justification-left is-layout-flex wp-container-19 wp-block-buttons\">\n<div class=\"wp-block-button has-custom-font-size is-style-fill has-small-font-size\"><a class=\"wp-block-button__link has-contrast-color has-base-background-color has-text-color has-background has-link-color wp-element-button\" href=\"https:\/\/www.kipmi.com\/product\/lettre-recommandee-electronique\/\" style=\"padding-top:var(--wp--preset--spacing--20);padding-bottom:var(--wp--preset--spacing--20)\" target=\"_blank\" rel=\"noreferrer noopener\">En savoir plus<\/a><\/div>\n<\/div>\n<\/div>\n<\/div>\n\n\n\n<div class=\"is-layout-flex wp-container-27 wp-block-columns\">\n<div class=\"is-layout-flow wp-block-column card card-hover-solutions shape-bottom-right\" style=\"padding-top:var(--wp--preset--spacing--50);padding-right:var(--wp--preset--spacing--50);padding-bottom:var(--wp--preset--spacing--50);padding-left:var(--wp--preset--spacing--50)\">\n<div class=\"is-nowrap is-layout-flex wp-container-22 wp-block-group\">\n<figure class=\"wp-block-image size-full is-resized\"><img decoding=\"async\" loading=\"lazy\" width=\"631\" height=\"636\" src=\"https:\/\/www.heka-assurances.com\/wp-content\/uploads\/2025\/03\/green.png\" alt=\"\" class=\"wp-image-2029\" style=\"width:32px\" srcset=\"https:\/\/www.heka-assurances.com\/wp-content\/uploads\/2025\/03\/green.png 631w, https:\/\/www.heka-assurances.com\/wp-content\/uploads\/2025\/03\/green-298x300.png 298w, https:\/\/www.heka-assurances.com\/wp-content\/uploads\/2025\/03\/green-150x150.png 150w, https:\/\/www.heka-assurances.com\/wp-content\/uploads\/2025\/03\/green-75x75.png 75w\" sizes=\"(max-width: 631px) 100vw, 631px\" \/><\/figure>\n\n\n\n<h3 class=\"wp-block-heading has-text-align-left\">Identit\u00e9 num\u00e9rique KIPMI<\/h3>\n<\/div>\n\n\n\n<p>Votre portefeuille d\u2019identit\u00e9 num\u00e9rique s\u00e9curis\u00e9, qui permet de prot\u00e9ger votre identit\u00e9 et de maitriser les acc\u00e8s \u00e0 vos donn\u00e9es et documents.<\/p>\n\n\n\n<div class=\"is-content-justification-left is-layout-flex wp-container-23 wp-block-buttons\">\n<div class=\"wp-block-button has-custom-font-size is-style-fill has-small-font-size\"><a class=\"wp-block-button__link has-contrast-color has-base-background-color has-text-color has-background has-link-color wp-element-button\" href=\"https:\/\/www.kipmi.com\/product\/kipmi\/\" style=\"padding-top:var(--wp--preset--spacing--20);padding-bottom:var(--wp--preset--spacing--20)\" target=\"_blank\" rel=\"noreferrer noopener\">En savoir plus<\/a><\/div>\n<\/div>\n<\/div>\n\n\n\n<div class=\"is-layout-flow wp-block-column card card-hover-solutions shape-bottom-right\" style=\"padding-top:var(--wp--preset--spacing--50);padding-right:var(--wp--preset--spacing--50);padding-bottom:var(--wp--preset--spacing--50);padding-left:var(--wp--preset--spacing--50)\">\n<div class=\"is-nowrap is-layout-flex wp-container-25 wp-block-group\">\n<figure class=\"wp-block-image size-full is-resized\"><img decoding=\"async\" loading=\"lazy\" width=\"631\" height=\"636\" src=\"https:\/\/www.heka-assurances.com\/wp-content\/uploads\/2025\/03\/green.png\" alt=\"\" class=\"wp-image-2029\" style=\"width:32px\" srcset=\"https:\/\/www.heka-assurances.com\/wp-content\/uploads\/2025\/03\/green.png 631w, https:\/\/www.heka-assurances.com\/wp-content\/uploads\/2025\/03\/green-298x300.png 298w, https:\/\/www.heka-assurances.com\/wp-content\/uploads\/2025\/03\/green-150x150.png 150w, https:\/\/www.heka-assurances.com\/wp-content\/uploads\/2025\/03\/green-75x75.png 75w\" sizes=\"(max-width: 631px) 100vw, 631px\" \/><\/figure>\n\n\n\n<h3 class=\"wp-block-heading has-text-align-left\">PKI as a service<\/h3>\n<\/div>\n\n\n\n<p>Externalisez la gestion de PKI sans contrainte technique et \u00e0 des co\u00fbts comp\u00e9titifs.<\/p>\n<\/div>\n<\/div>\n\n\n\n<div class=\"is-layout-flex wp-container-32 wp-block-columns\">\n<div class=\"is-layout-flow wp-block-column card card-hover-solutions shape-bottom-right\" style=\"padding-top:var(--wp--preset--spacing--50);padding-right:var(--wp--preset--spacing--50);padding-bottom:var(--wp--preset--spacing--50);padding-left:var(--wp--preset--spacing--50)\">\n<div class=\"is-nowrap is-layout-flex wp-container-28 wp-block-group\">\n<figure class=\"wp-block-image size-full is-resized\"><img decoding=\"async\" loading=\"lazy\" width=\"631\" height=\"636\" src=\"https:\/\/www.heka-assurances.com\/wp-content\/uploads\/2025\/03\/green.png\" alt=\"\" class=\"wp-image-2029\" style=\"width:32px\" srcset=\"https:\/\/www.heka-assurances.com\/wp-content\/uploads\/2025\/03\/green.png 631w, https:\/\/www.heka-assurances.com\/wp-content\/uploads\/2025\/03\/green-298x300.png 298w, https:\/\/www.heka-assurances.com\/wp-content\/uploads\/2025\/03\/green-150x150.png 150w, https:\/\/www.heka-assurances.com\/wp-content\/uploads\/2025\/03\/green-75x75.png 75w\" sizes=\"(max-width: 631px) 100vw, 631px\" \/><\/figure>\n\n\n\n<h3 class=\"wp-block-heading has-text-align-left\">BeYs cloud<\/h3>\n<\/div>\n\n\n\n<p>Une infrastructure de cloud souverain hautement s\u00e9curis\u00e9e et h\u00e9berg\u00e9e en France.<\/p>\n\n\n\n<div class=\"is-content-justification-left is-layout-flex wp-container-29 wp-block-buttons\">\n<div class=\"wp-block-button has-custom-font-size is-style-fill has-small-font-size\"><a class=\"wp-block-button__link has-contrast-color has-base-background-color has-text-color has-background has-link-color wp-element-button\" href=\"https:\/\/www.be-ys.cloud\/\" style=\"padding-top:var(--wp--preset--spacing--20);padding-bottom:var(--wp--preset--spacing--20)\" target=\"_blank\" rel=\"noreferrer noopener\">En savoir plus<\/a><\/div>\n<\/div>\n<\/div>\n\n\n\n<div class=\"is-layout-flow wp-block-column\"><\/div>\n<\/div>\n<\/div>\n\n\n\n<p><\/p>\n\n\n\n<p><\/p>\n","protected":false},"excerpt":{"rendered":"<p>Des Synergies multiples entre 3 acteurs majeurs Confiance num\u00e9rique Conseil en assurance et d\u00e9veloppement BPO, Edition Logiciel, Maitrise du risque, [&hellip;]<\/p>\n","protected":false},"author":1,"featured_media":0,"parent":303,"menu_order":0,"comment_status":"closed","ping_status":"closed","template":"","meta":{"site-sidebar-layout":"default","site-content-layout":"","ast-site-content-layout":"default","site-content-style":"default","site-sidebar-style":"default","ast-global-header-display":"","ast-banner-title-visibility":"","ast-main-header-display":"","ast-hfb-above-header-display":"","ast-hfb-below-header-display":"","ast-hfb-mobile-header-display":"","site-post-title":"","ast-breadcrumbs-content":"","ast-featured-img":"","footer-sml-layout":"","ast-disable-related-posts":"","theme-transparent-header-meta":"","adv-header-id-meta":"","stick-header-meta":"","header-above-stick-meta":"","header-main-stick-meta":"","header-below-stick-meta":"","astra-migrate-meta-layouts":"default","ast-page-background-enabled":"default","ast-page-background-meta":{"desktop":{"background-color":"var(--ast-global-color-5)","background-image":"","background-repeat":"repeat","background-position":"center center","background-size":"auto","background-attachment":"scroll","background-type":"","background-media":"","overlay-type":"","overlay-color":"","overlay-opacity":"","overlay-gradient":""},"tablet":{"background-color":"","background-image":"","background-repeat":"repeat","background-position":"center center","background-size":"auto","background-attachment":"scroll","background-type":"","background-media":"","overlay-type":"","overlay-color":"","overlay-opacity":"","overlay-gradient":""},"mobile":{"background-color":"","background-image":"","background-repeat":"repeat","background-position":"center center","background-size":"auto","background-attachment":"scroll","background-type":"","background-media":"","overlay-type":"","overlay-color":"","overlay-opacity":"","overlay-gradient":""}},"ast-content-background-meta":{"desktop":{"background-color":"var(--ast-global-color-4)","background-image":"","background-repeat":"repeat","background-position":"center center","background-size":"auto","background-attachment":"scroll","background-type":"","background-media":"","overlay-type":"","overlay-color":"","overlay-opacity":"","overlay-gradient":""},"tablet":{"background-color":"var(--ast-global-color-4)","background-image":"","background-repeat":"repeat","background-position":"center center","background-size":"auto","background-attachment":"scroll","background-type":"","background-media":"","overlay-type":"","overlay-color":"","overlay-opacity":"","overlay-gradient":""},"mobile":{"background-color":"var(--ast-global-color-4)","background-image":"","background-repeat":"repeat","background-position":"center center","background-size":"auto","background-attachment":"scroll","background-type":"","background-media":"","overlay-type":"","overlay-color":"","overlay-opacity":"","overlay-gradient":""}}},"_links":{"self":[{"href":"https:\/\/www.heka-assurances.com\/index.php\/wp-json\/wp\/v2\/pages\/323"}],"collection":[{"href":"https:\/\/www.heka-assurances.com\/index.php\/wp-json\/wp\/v2\/pages"}],"about":[{"href":"https:\/\/www.heka-assurances.com\/index.php\/wp-json\/wp\/v2\/types\/page"}],"author":[{"embeddable":true,"href":"https:\/\/www.heka-assurances.com\/index.php\/wp-json\/wp\/v2\/users\/1"}],"replies":[{"embeddable":true,"href":"https:\/\/www.heka-assurances.com\/index.php\/wp-json\/wp\/v2\/comments?post=323"}],"version-history":[{"count":98,"href":"https:\/\/www.heka-assurances.com\/index.php\/wp-json\/wp\/v2\/pages\/323\/revisions"}],"predecessor-version":[{"id":2215,"href":"https:\/\/www.heka-assurances.com\/index.php\/wp-json\/wp\/v2\/pages\/323\/revisions\/2215"}],"up":[{"embeddable":true,"href":"https:\/\/www.heka-assurances.com\/index.php\/wp-json\/wp\/v2\/pages\/303"}],"wp:attachment":[{"href":"https:\/\/www.heka-assurances.com\/index.php\/wp-json\/wp\/v2\/media?parent=323"}],"curies":[{"name":"wp","href":"https:\/\/api.w.org\/{rel}","templated":true}]}}