{"id":1444,"date":"2025-03-20T08:35:06","date_gmt":"2025-03-20T08:35:06","guid":{"rendered":"https:\/\/www.heka-assurances.com\/?page_id=1444"},"modified":"2025-03-20T08:35:06","modified_gmt":"2025-03-20T08:35:06","slug":"la-maitrise-du-contexte-et-nos-engagements","status":"publish","type":"page","link":"https:\/\/www.heka-assurances.com\/index.php\/conformite\/la-maitrise-du-contexte-et-nos-engagements\/","title":{"rendered":"La ma\u00eetrise&#8230;"},"content":{"rendered":"\n<div class=\"is-layout-constrained wp-container-1 wp-block-group\" style=\"padding-top:var(--wp--preset--spacing--50);padding-bottom:var(--wp--preset--spacing--50)\">\n<h2 class=\"wp-block-heading\"> &#8230;du contexte et nos engagements<\/h2>\n<\/div>\n\n\n\n<div class=\"is-layout-constrained wp-container-2 wp-block-group\">\n<p>Notre offre de tiers payant int\u00e8gre nativement les \u00e9volutions r\u00e9glementaires sans restriction.<br \/>heka participe aux travaux, aux comit\u00e9s et aux commissions de l&rsquo;association inter-AMC et en est le Corapporteur au Conseil d&rsquo;Administration.<br \/>Nos certifications : sur le socle applicatif et la plateforme d&rsquo;Ecosyst\u00e8me \u00e0 l&rsquo;\u00e9tat de l&rsquo;art (RGPD, HDS, ISAE 3402 Type 2, ISO 27001, ISO 22301).<br \/>Notre citadelle Data center est r\u00e9f\u00e9renc\u00e9e site sensible par la DGSI (Minist\u00e8re de l&rsquo;Int\u00e9rieur) depuis 2014. Un environnement de confiance, hautement disponible et \u00e0 un tr\u00e8s haut niveau de s\u00e9curit\u00e9.<br \/>Nous nous inscrivons dans le champ des obligations de certains de nos clients d\u00e9sign\u00e9s &laquo;&nbsp;Op\u00e9rateurs de Services Essentiels&nbsp;&raquo;.<br \/>Un engagement parmi nos engagements clients : heka adopte une posture volontariste lors des audits et de leurs commissaires aux comptes et notre implication sur les exp\u00e9rimentations r\u00e9glementaires est sans faille, pour ne pas subir (Ex : ROC).<\/p>\n\n\n\n<h3 class=\"wp-block-heading\">Nos certifications<\/h3>\n\n\n\n<p>ISAE 3402<br \/>D\u00e9marche en cours aupr\u00e8s de l&rsquo;ACPR pour obtention d&rsquo;un agr\u00e9ment Prestataire de Service de Paiement.<br \/><\/p>\n<\/div>\n","protected":false},"excerpt":{"rendered":"<p>&#8230;du contexte et nos engagements Notre offre de tiers payant int\u00e8gre nativement les \u00e9volutions r\u00e9glementaires sans restriction.heka participe aux travaux, [&hellip;]<\/p>\n","protected":false},"author":1,"featured_media":0,"parent":537,"menu_order":0,"comment_status":"closed","ping_status":"closed","template":"","meta":{"site-sidebar-layout":"default","site-content-layout":"","ast-site-content-layout":"default","site-content-style":"default","site-sidebar-style":"default","ast-global-header-display":"","ast-banner-title-visibility":"","ast-main-header-display":"","ast-hfb-above-header-display":"","ast-hfb-below-header-display":"","ast-hfb-mobile-header-display":"","site-post-title":"","ast-breadcrumbs-content":"","ast-featured-img":"","footer-sml-layout":"","ast-disable-related-posts":"","theme-transparent-header-meta":"","adv-header-id-meta":"","stick-header-meta":"","header-above-stick-meta":"","header-main-stick-meta":"","header-below-stick-meta":"","astra-migrate-meta-layouts":"default","ast-page-background-enabled":"default","ast-page-background-meta":{"desktop":{"background-color":"var(--ast-global-color-5)","background-image":"","background-repeat":"repeat","background-position":"center center","background-size":"auto","background-attachment":"scroll","background-type":"","background-media":"","overlay-type":"","overlay-color":"","overlay-opacity":"","overlay-gradient":""},"tablet":{"background-color":"","background-image":"","background-repeat":"repeat","background-position":"center center","background-size":"auto","background-attachment":"scroll","background-type":"","background-media":"","overlay-type":"","overlay-color":"","overlay-opacity":"","overlay-gradient":""},"mobile":{"background-color":"","background-image":"","background-repeat":"repeat","background-position":"center center","background-size":"auto","background-attachment":"scroll","background-type":"","background-media":"","overlay-type":"","overlay-color":"","overlay-opacity":"","overlay-gradient":""}},"ast-content-background-meta":{"desktop":{"background-color":"var(--ast-global-color-4)","background-image":"","background-repeat":"repeat","background-position":"center center","background-size":"auto","background-attachment":"scroll","background-type":"","background-media":"","overlay-type":"","overlay-color":"","overlay-opacity":"","overlay-gradient":""},"tablet":{"background-color":"var(--ast-global-color-4)","background-image":"","background-repeat":"repeat","background-position":"center center","background-size":"auto","background-attachment":"scroll","background-type":"","background-media":"","overlay-type":"","overlay-color":"","overlay-opacity":"","overlay-gradient":""},"mobile":{"background-color":"var(--ast-global-color-4)","background-image":"","background-repeat":"repeat","background-position":"center center","background-size":"auto","background-attachment":"scroll","background-type":"","background-media":"","overlay-type":"","overlay-color":"","overlay-opacity":"","overlay-gradient":""}}},"_links":{"self":[{"href":"https:\/\/www.heka-assurances.com\/index.php\/wp-json\/wp\/v2\/pages\/1444"}],"collection":[{"href":"https:\/\/www.heka-assurances.com\/index.php\/wp-json\/wp\/v2\/pages"}],"about":[{"href":"https:\/\/www.heka-assurances.com\/index.php\/wp-json\/wp\/v2\/types\/page"}],"author":[{"embeddable":true,"href":"https:\/\/www.heka-assurances.com\/index.php\/wp-json\/wp\/v2\/users\/1"}],"replies":[{"embeddable":true,"href":"https:\/\/www.heka-assurances.com\/index.php\/wp-json\/wp\/v2\/comments?post=1444"}],"version-history":[{"count":1,"href":"https:\/\/www.heka-assurances.com\/index.php\/wp-json\/wp\/v2\/pages\/1444\/revisions"}],"predecessor-version":[{"id":2199,"href":"https:\/\/www.heka-assurances.com\/index.php\/wp-json\/wp\/v2\/pages\/1444\/revisions\/2199"}],"up":[{"embeddable":true,"href":"https:\/\/www.heka-assurances.com\/index.php\/wp-json\/wp\/v2\/pages\/537"}],"wp:attachment":[{"href":"https:\/\/www.heka-assurances.com\/index.php\/wp-json\/wp\/v2\/media?parent=1444"}],"curies":[{"name":"wp","href":"https:\/\/api.w.org\/{rel}","templated":true}]}}