{"id":1119,"date":"2025-03-20T09:23:29","date_gmt":"2025-03-20T09:23:29","guid":{"rendered":"http:\/\/localhost:8888\/MAMP\/heka\/?page_id=1119"},"modified":"2025-03-24T09:01:34","modified_gmt":"2025-03-24T09:01:34","slug":"politique-des-cookies","status":"publish","type":"page","link":"https:\/\/www.heka-assurances.com\/index.php\/politique-des-cookies\/","title":{"rendered":"Politique des cookies"},"content":{"rendered":"\n<div class=\"is-layout-constrained wp-container-1 wp-block-group content-page\" style=\"padding-top:var(--wp--preset--spacing--50);padding-right:var(--wp--preset--spacing--50);padding-bottom:var(--wp--preset--spacing--50);padding-left:var(--wp--preset--spacing--50)\">\n<h2 class=\"wp-block-heading\">Introduction<\/h2>\n\n\n\n<p>La pr\u00e9sente politique explique comment <strong>Heka<\/strong> (ci-apr\u00e8s &laquo;&nbsp;nous&nbsp;&raquo;, &laquo;&nbsp;notre&nbsp;&raquo;, &laquo;&nbsp;nos&nbsp;&raquo;) utilise des cookies et autres technologies similaires sur le site <a href=\"https:\/\/www.heka-assurances.com\/\">https:\/\/www.heka-assurances.com\/<\/a> (ci-apr\u00e8s &laquo;&nbsp;le Site&nbsp;&raquo;).<\/p>\n\n\n\n<p>En poursuivant votre navigation sur notre Site, vous acceptez l\u2019utilisation des cookies conform\u00e9ment \u00e0 cette politique.<\/p>\n\n\n\n<h2 class=\"wp-block-heading\">Qu\u2019est-ce qu\u2019un cookie ?<\/h2>\n\n\n\n<p>Un cookie est un petit fichier texte enregistr\u00e9 sur votre appareil (ordinateur, tablette, smartphone) lorsque vous visitez un site web. Il permet de stocker des informations temporaires sur votre navigation pour am\u00e9liorer votre exp\u00e9rience utilisateur.<\/p>\n\n\n\n<h2 class=\"wp-block-heading\">Types de cookies utilis\u00e9s<\/h2>\n\n\n\n<p>Nous utilisons plusieurs types de cookies :<\/p>\n\n\n\n<h3 class=\"wp-block-heading\">Cookies essentiels (n\u00e9cessaires)<\/h3>\n\n\n\n<ul class=\"wp-block-list\">\n<li>Assurent le bon fonctionnement du Site (ex. : navigation, acc\u00e8s s\u00e9curis\u00e9).<\/li>\n\n\n\n<li>Ne peuvent pas \u00eatre d\u00e9sactiv\u00e9s.<\/li>\n<\/ul>\n\n\n\n<h3 class=\"wp-block-heading\">Cookies analytiques (statistiques)<\/h3>\n\n\n\n<ul class=\"wp-block-list\">\n<li>Nous aident \u00e0 mesurer l\u2019audience du Site et \u00e0 am\u00e9liorer nos services. (Matomo).<\/li>\n<\/ul>\n\n\n\n<h3 class=\"wp-block-heading\">Cookies fonctionnels<\/h3>\n\n\n\n<ul class=\"wp-block-list\">\n<li>Am\u00e9liorent votre exp\u00e9rience en m\u00e9morisant vos pr\u00e9f\u00e9rences.<\/li>\n<\/ul>\n\n\n\n<h2 class=\"wp-block-heading\">Gestion des cookies<\/h2>\n\n\n\n<p>Lors de votre premi\u00e8re visite sur notre Site, un bandeau cookie s\u2019affiche pour vous permettre d\u2019accepter, refuser ou param\u00e9trer les cookies.<\/p>\n\n\n\n<p>Vous pouvez \u00e9galement modifier vos pr\u00e9f\u00e9rences \u00e0 tout moment via :<\/p>\n\n\n\n<ul class=\"wp-block-list\">\n<li><strong>Les param\u00e8tres de votre navigateur<\/strong> :\n<ul class=\"wp-block-list\">\n<li>Pour&nbsp;<a href=\"https:\/\/support.google.com\/chrome\/answer\/95647?hl=fr&amp;hlrm=en\" target=\"_blank\" rel=\"noreferrer noopener\">Chrome \u2122<\/a><\/li>\n\n\n\n<li>Pour&nbsp;<a href=\"https:\/\/support.microsoft.com\/fr-fr\/help\/17442\/windows-internet-explorer-delete-manage-cookies\" target=\"_blank\" rel=\"noreferrer noopener\">Internet Explorer \u2122<\/a><\/li>\n\n\n\n<li>Pour&nbsp;<a href=\"http:\/\/support.mozilla.org\/fr\/kb\/cookies-informations-sites-enregistrent?redirectlocale=fr&amp;redirectslug=G%25C3%25A9rer+les+cookies\" target=\"_blank\" rel=\"noreferrer noopener\">Firefox \u2122<\/a><\/li>\n\n\n\n<li>Pour&nbsp;<a href=\"https:\/\/help.opera.com\/en\/latest\/web-preferences\/\" target=\"_blank\" rel=\"noreferrer noopener\">Op\u00e9ra \u2122<\/a><\/li>\n\n\n\n<li>Pour&nbsp;<a href=\"https:\/\/support.apple.com\/fr-fr\/guide\/deployment\/depf7d5714d4\/web\" target=\"_blank\" rel=\"noreferrer noopener\">Safari \u2122<\/a><\/li>\n<\/ul>\n<\/li>\n<\/ul>\n\n\n\n<h2 class=\"wp-block-heading\">Dur\u00e9e de conservation des cookies<\/h2>\n\n\n\n<p>Les cookies sont conserv\u00e9s pour une dur\u00e9e maximale de <strong>36 mois<\/strong>, conform\u00e9ment \u00e0 la r\u00e9glementation en vigueur.<\/p>\n\n\n\n<h2 class=\"wp-block-heading\">Modification de la politique des cookies<\/h2>\n\n\n\n<p>Nous pouvons mettre \u00e0 jour cette politique \u00e0 tout moment. La derni\u00e8re mise \u00e0 jour a \u00e9t\u00e9 effectu\u00e9e le <strong>24 mars 2025<\/strong>.<\/p>\n<\/div>\n","protected":false},"excerpt":{"rendered":"<p>Introduction La pr\u00e9sente politique explique comment Heka (ci-apr\u00e8s &laquo;&nbsp;nous&nbsp;&raquo;, &laquo;&nbsp;notre&nbsp;&raquo;, &laquo;&nbsp;nos&nbsp;&raquo;) utilise des cookies et autres technologies similaires sur le [&hellip;]<\/p>\n","protected":false},"author":1,"featured_media":0,"parent":0,"menu_order":99,"comment_status":"closed","ping_status":"closed","template":"","meta":{"site-sidebar-layout":"default","site-content-layout":"","ast-site-content-layout":"default","site-content-style":"default","site-sidebar-style":"default","ast-global-header-display":"","ast-banner-title-visibility":"","ast-main-header-display":"","ast-hfb-above-header-display":"","ast-hfb-below-header-display":"","ast-hfb-mobile-header-display":"","site-post-title":"","ast-breadcrumbs-content":"","ast-featured-img":"","footer-sml-layout":"","ast-disable-related-posts":"","theme-transparent-header-meta":"","adv-header-id-meta":"","stick-header-meta":"","header-above-stick-meta":"","header-main-stick-meta":"","header-below-stick-meta":"","astra-migrate-meta-layouts":"default","ast-page-background-enabled":"default","ast-page-background-meta":{"desktop":{"background-color":"var(--ast-global-color-5)","background-image":"","background-repeat":"repeat","background-position":"center center","background-size":"auto","background-attachment":"scroll","background-type":"","background-media":"","overlay-type":"","overlay-color":"","overlay-opacity":"","overlay-gradient":""},"tablet":{"background-color":"","background-image":"","background-repeat":"repeat","background-position":"center center","background-size":"auto","background-attachment":"scroll","background-type":"","background-media":"","overlay-type":"","overlay-color":"","overlay-opacity":"","overlay-gradient":""},"mobile":{"background-color":"","background-image":"","background-repeat":"repeat","background-position":"center center","background-size":"auto","background-attachment":"scroll","background-type":"","background-media":"","overlay-type":"","overlay-color":"","overlay-opacity":"","overlay-gradient":""}},"ast-content-background-meta":{"desktop":{"background-color":"var(--ast-global-color-4)","background-image":"","background-repeat":"repeat","background-position":"center center","background-size":"auto","background-attachment":"scroll","background-type":"","background-media":"","overlay-type":"","overlay-color":"","overlay-opacity":"","overlay-gradient":""},"tablet":{"background-color":"var(--ast-global-color-4)","background-image":"","background-repeat":"repeat","background-position":"center center","background-size":"auto","background-attachment":"scroll","background-type":"","background-media":"","overlay-type":"","overlay-color":"","overlay-opacity":"","overlay-gradient":""},"mobile":{"background-color":"var(--ast-global-color-4)","background-image":"","background-repeat":"repeat","background-position":"center center","background-size":"auto","background-attachment":"scroll","background-type":"","background-media":"","overlay-type":"","overlay-color":"","overlay-opacity":"","overlay-gradient":""}}},"_links":{"self":[{"href":"https:\/\/www.heka-assurances.com\/index.php\/wp-json\/wp\/v2\/pages\/1119"}],"collection":[{"href":"https:\/\/www.heka-assurances.com\/index.php\/wp-json\/wp\/v2\/pages"}],"about":[{"href":"https:\/\/www.heka-assurances.com\/index.php\/wp-json\/wp\/v2\/types\/page"}],"author":[{"embeddable":true,"href":"https:\/\/www.heka-assurances.com\/index.php\/wp-json\/wp\/v2\/users\/1"}],"replies":[{"embeddable":true,"href":"https:\/\/www.heka-assurances.com\/index.php\/wp-json\/wp\/v2\/comments?post=1119"}],"version-history":[{"count":3,"href":"https:\/\/www.heka-assurances.com\/index.php\/wp-json\/wp\/v2\/pages\/1119\/revisions"}],"predecessor-version":[{"id":2233,"href":"https:\/\/www.heka-assurances.com\/index.php\/wp-json\/wp\/v2\/pages\/1119\/revisions\/2233"}],"wp:attachment":[{"href":"https:\/\/www.heka-assurances.com\/index.php\/wp-json\/wp\/v2\/media?parent=1119"}],"curies":[{"name":"wp","href":"https:\/\/api.w.org\/{rel}","templated":true}]}}