{"id":1101,"date":"2025-03-20T09:23:29","date_gmt":"2025-03-20T09:23:29","guid":{"rendered":"http:\/\/localhost:8888\/MAMP\/heka\/?page_id=1101"},"modified":"2026-04-17T14:29:07","modified_gmt":"2026-04-17T14:29:07","slug":"mentions-legales","status":"publish","type":"page","link":"https:\/\/www.heka-assurances.com\/index.php\/mentions-legales\/","title":{"rendered":"Mentions l\u00e9gales"},"content":{"rendered":"\n<div class=\"is-layout-constrained wp-container-1 wp-block-group content-page\" style=\"padding-top:var(--wp--preset--spacing--50);padding-right:var(--wp--preset--spacing--50);padding-bottom:var(--wp--preset--spacing--50);padding-left:var(--wp--preset--spacing--50)\">\n<h2 class=\"wp-block-heading\">Editeur du Site<\/h2>\n\n\n\n<p>Heka Invest, SAS au capital social de 139 130 015 \u20ac <br>Immatricul\u00e9e au RCS Paris sous le num\u00e9ro 920 124 922<br>Si\u00e8ge social : 34 boulevard Haussmann, 75009 Paris<\/p>\n\n\n\n<h2 class=\"wp-block-heading\">Directeur de publication<\/h2>\n\n\n\n<p>Fran\u00e7ois Kerzerho, pr\u00e9sident de Heka Invest.<\/p>\n\n\n\n<h2 class=\"wp-block-heading\">H\u00e9bergeur du site<\/h2>\n\n\n\n<p>BeYs Cloud<br>46 rue du ressort<br>63100 Clermont-Ferrand<br>France<\/p>\n\n\n\n<h2 class=\"wp-block-heading\">Avertissement<\/h2>\n\n\n\n<p>Heka Invest ne saurait garantir l\u2019exactitude, l\u2019exhaustivit\u00e9 et l\u2019ad\u00e9quation des informations et \u00e9l\u00e9ments du site avec vos besoins professionnels ou personnels.<\/p>\n\n\n\n<p>Les informations contenues dans ce service sont non contractuelles et sujettes \u00e0 modification sans pr\u00e9avis.<\/p>\n\n\n\n<h2 class=\"wp-block-heading\">Liens hypertextes<\/h2>\n\n\n\n<p>L\u2019existence de liens hypertextes vers d\u2019autres sites internet ne constitue ni une recommandation, ni une validation de ces sites et de leurs contenus par Heka Invest. Le contenu et le fonctionnement de ces sites restent sous la seule et enti\u00e8re responsabilit\u00e9 du site concern\u00e9. Heka Invest d\u00e9cline toute responsabilit\u00e9 quant au contenu des informations ou services fournis sur les sites.<\/p>\n\n\n\n<p>Tous les liens vers le site de heka peuvent \u00eatre librement \u00e9tablis d\u00e8s lors qu&rsquo;ils ne sont pas utilis\u00e9s \u00e0 des fins commerciales ou publicitaires, sous r\u00e9serve que la mention \u00ab&nbsp;sur le site de heka \u00bb ou toute mention \u00e9quivalente soit indiqu\u00e9e clairement sur le lien ou \u00e0 proximit\u00e9 de celui-ci, et que les auteurs du lien en aient pr\u00e9alablement inform\u00e9 \u00e0 l\u2019adresse <a rel=\"noreferrer noopener\" href=\"mailto:commercial@almerys.com\" target=\"_blank\"><\/a><a href=\"mailto:commercial@almerys.com\">communication@heka-invest.com<\/a><\/p>\n\n\n\n<p>Sont naturellement exclus de cette autorisation les sites diffusant des informations \u00e0 caract\u00e8re illicite, violent, pol\u00e9mique, pornographique, x\u00e9nophobe ou pouvant porter atteinte \u00e0 la sensibilit\u00e9 du plus grand nombre.<\/p>\n\n\n\n<h2 class=\"wp-block-heading\">Acc\u00e8s au site<\/h2>\n\n\n\n<p>Heka Invest se r\u00e9serve le droit de modifier, de r\u00e9silier, de suspendre ou d&rsquo;interrompre \u00e0 tout moment, pour toutes raisons et \u00e0 sa seule discr\u00e9tion, l&rsquo;acc\u00e8s \u00e0 tout ou partie du site, y compris le contenu, les fonctionnalit\u00e9s ou les heures de disponibilit\u00e9 sans avis pr\u00e9alable.<\/p>\n\n\n\n<p>Heka Invest n\u2019apporte aucune garantie quant au fonctionnement du pr\u00e9sent site de mani\u00e8re performante et ininterrompue.<\/p>\n\n\n\n<h2 class=\"wp-block-heading\">Propri\u00e9t\u00e9 intellectuelle<\/h2>\n\n\n\n<p>Les textes, logos, pictogrammes, photographies, dessins, sch\u00e9mas, ainsi que toutes les \u0153uvres intellectuelles de ce site sont la propri\u00e9t\u00e9 de Heka Invest ou de tiers, ayant autoris\u00e9 Heka Invest \u00e0 les utiliser.<\/p>\n\n\n\n<p>Toute repr\u00e9sentation totale ou partielle de ce site par quelque proc\u00e9d\u00e9 que ce soit, sans l&rsquo;autorisation expresse de Heka Invest est interdite et constituerait une contrefa\u00e7on sanctionn\u00e9e par les dispositions du Code de la propri\u00e9t\u00e9 intellectuelle.<\/p>\n\n\n\n<p>Toute utilisation ou reproduction par tout moyen, et sur quelque support que ce soit, de tout ou partie du contenu du site qu\u2019il soit textuel, graphique ou sonore est interdite. Par ailleurs, les informations contenues sur ce site doivent \u00eatre utilis\u00e9es \u00e0 des fins strictement personnelles. Toute utilisation, reproduction, copie, diffusion \u00e0 des fins commerciales est interdite.<\/p>\n\n\n\n<p>La consultation ou la r\u00e9ception de documents \u00e0 partir du site de Heka Invest n&rsquo;entra\u00eene aucun transfert de droit de propri\u00e9t\u00e9 intellectuelle en faveur de l&rsquo;utilisateur.<\/p>\n\n\n\n<h2 class=\"wp-block-heading\">Donn\u00e9es \u00e0 caract\u00e8re personnel<\/h2>\n\n\n\n<p>Au cours de votre navigation, vous pourrez \u00eatre amen\u00e9s \u00e0 communiquer des informations \u00e0 caract\u00e8re personnel vous concernant, celles-ci peuvent \u00eatre utilis\u00e9es pour vous transmettre des informations sur Heka Invest et ses services.<\/p>\n\n\n\n<p>Conform\u00e9ment \u00e0 la loi n\u00b0 78-17 du 6 janvier 1978 modifi\u00e9e relative \u00e0 l\u2019informatique, aux fichiers et aux libert\u00e9s modifi\u00e9e, et au R\u00e8glement G\u00e9n\u00e9ral pour la Protection des Donn\u00e9es (UE) 2016\/679 \u2013 le \u00ab&nbsp;<strong>RGPD<\/strong>&nbsp;\u00bb, vous disposez, en justifiant de votre identit\u00e9, d\u2019un droit d\u2019acc\u00e8s, de rectification, de modification, de suppression ou de portabilit\u00e9 des donn\u00e9es \u00e0 caract\u00e8re personnel vous concernant.<\/p>\n\n\n\n<p>Vous pouvez \u00e9galement, pour des motifs l\u00e9gitimes, vous opposer totalement ou partiellement \u00e0 tout traitement de vos donn\u00e9es, ou retirer un consentement pr\u00e9alablement donn\u00e9.<\/p>\n\n\n\n<p>Pour exercer vos droits ou pour toute question relative \u00e0 nos traitements, merci de nous adresser un mail \u00e0 : <a href=\"mailto:dpo@be-ys.com\" data-type=\"mailto\" data-id=\"mailto:dpo@be-ys.com\">dpo@almerys.com<\/a>.<\/p>\n\n\n\n<h2 class=\"wp-block-heading\"><strong>Politique de Protection des donn\u00e9es<\/strong><\/h2>\n\n\n\n<p>Notre groupe b\u00e9n\u00e9ficie d&rsquo;une Politique de protection des donn\u00e9es encadrant la gestion et l&rsquo;utilisation des donn\u00e9es \u00e0 caract\u00e8re personnel au sein de toutes ses filiales, consultable \u00e0 tout moment.<\/p>\n\n\n\n<p><br><a rel=\"noreferrer noopener\" href=\"https:\/\/www.be-almerys.com\/s\/POL_Politique-protection-des-donnees-a-caractere-personnel-public_V35_sites.docx\" target=\"_blank\">T\u00e9l\u00e9charger notre Politique de protection des donn\u00e9es.<\/a><\/p>\n\n\n\n<h2 class=\"wp-block-heading\">Politique de confidentialit\u00e9<\/h2>\n\n\n\n<p class=\"wp-elements-2dd045bffbe9c6fac4c4cc1fecee349f has-link-color\">Notre groupe b\u00e9n\u00e9ficie d&rsquo;une <a href=\"https:\/\/www.heka-assurances.com\/index.php\/politique-de-confidentialite\/\" data-type=\"page\" data-id=\"12\">Politique de confidentialit\u00e9<\/a> encadrant la gestion et l&rsquo;utilisation des donn\u00e9es \u00e0 caract\u00e8re personnel au sein de toutes ses filiales, consultable \u00e0 tout moment.<\/p>\n\n\n\n<h2 class=\"wp-block-heading\">Cookies<\/h2>\n\n\n\n<p>Notre groupe b\u00e9n\u00e9ficie d&rsquo;une <a href=\"https:\/\/www.heka-assurances.com\/index.php\/politique-des-cookies\/\" data-type=\"page\" data-id=\"1119\">Politique des cookies<\/a>.<\/p>\n<\/div>\n","protected":false},"excerpt":{"rendered":"<p>Editeur du Site Heka Invest, SAS au capital social de 139 130 015 \u20ac Immatricul\u00e9e au RCS Paris sous le [&hellip;]<\/p>\n","protected":false},"author":1,"featured_media":0,"parent":0,"menu_order":99,"comment_status":"closed","ping_status":"closed","template":"","meta":{"site-sidebar-layout":"default","site-content-layout":"","ast-site-content-layout":"default","site-content-style":"default","site-sidebar-style":"default","ast-global-header-display":"","ast-banner-title-visibility":"","ast-main-header-display":"","ast-hfb-above-header-display":"","ast-hfb-below-header-display":"","ast-hfb-mobile-header-display":"","site-post-title":"","ast-breadcrumbs-content":"","ast-featured-img":"","footer-sml-layout":"","ast-disable-related-posts":"","theme-transparent-header-meta":"","adv-header-id-meta":"","stick-header-meta":"","header-above-stick-meta":"","header-main-stick-meta":"","header-below-stick-meta":"","astra-migrate-meta-layouts":"default","ast-page-background-enabled":"default","ast-page-background-meta":{"desktop":{"background-color":"var(--ast-global-color-5)","background-image":"","background-repeat":"repeat","background-position":"center center","background-size":"auto","background-attachment":"scroll","background-type":"","background-media":"","overlay-type":"","overlay-color":"","overlay-opacity":"","overlay-gradient":""},"tablet":{"background-color":"","background-image":"","background-repeat":"repeat","background-position":"center center","background-size":"auto","background-attachment":"scroll","background-type":"","background-media":"","overlay-type":"","overlay-color":"","overlay-opacity":"","overlay-gradient":""},"mobile":{"background-color":"","background-image":"","background-repeat":"repeat","background-position":"center center","background-size":"auto","background-attachment":"scroll","background-type":"","background-media":"","overlay-type":"","overlay-color":"","overlay-opacity":"","overlay-gradient":""}},"ast-content-background-meta":{"desktop":{"background-color":"var(--ast-global-color-4)","background-image":"","background-repeat":"repeat","background-position":"center center","background-size":"auto","background-attachment":"scroll","background-type":"","background-media":"","overlay-type":"","overlay-color":"","overlay-opacity":"","overlay-gradient":""},"tablet":{"background-color":"var(--ast-global-color-4)","background-image":"","background-repeat":"repeat","background-position":"center center","background-size":"auto","background-attachment":"scroll","background-type":"","background-media":"","overlay-type":"","overlay-color":"","overlay-opacity":"","overlay-gradient":""},"mobile":{"background-color":"var(--ast-global-color-4)","background-image":"","background-repeat":"repeat","background-position":"center center","background-size":"auto","background-attachment":"scroll","background-type":"","background-media":"","overlay-type":"","overlay-color":"","overlay-opacity":"","overlay-gradient":""}}},"_links":{"self":[{"href":"https:\/\/www.heka-assurances.com\/index.php\/wp-json\/wp\/v2\/pages\/1101"}],"collection":[{"href":"https:\/\/www.heka-assurances.com\/index.php\/wp-json\/wp\/v2\/pages"}],"about":[{"href":"https:\/\/www.heka-assurances.com\/index.php\/wp-json\/wp\/v2\/types\/page"}],"author":[{"embeddable":true,"href":"https:\/\/www.heka-assurances.com\/index.php\/wp-json\/wp\/v2\/users\/1"}],"replies":[{"embeddable":true,"href":"https:\/\/www.heka-assurances.com\/index.php\/wp-json\/wp\/v2\/comments?post=1101"}],"version-history":[{"count":11,"href":"https:\/\/www.heka-assurances.com\/index.php\/wp-json\/wp\/v2\/pages\/1101\/revisions"}],"predecessor-version":[{"id":2381,"href":"https:\/\/www.heka-assurances.com\/index.php\/wp-json\/wp\/v2\/pages\/1101\/revisions\/2381"}],"wp:attachment":[{"href":"https:\/\/www.heka-assurances.com\/index.php\/wp-json\/wp\/v2\/media?parent=1101"}],"curies":[{"name":"wp","href":"https:\/\/api.w.org\/{rel}","templated":true}]}}